{"id":117639,"date":"2023-06-30T18:56:40","date_gmt":"2023-06-30T16:56:40","guid":{"rendered":"https:\/\/wave-lovers.com\/iaqua-aquadart-fast-charger\/"},"modified":"2024-03-11T15:31:27","modified_gmt":"2024-03-11T14:31:27","slug":"iaqua-aquadart-schnellladegeraet","status":"publish","type":"product","link":"https:\/\/wave-lovers.com\/de\/iaqua-aquadart-schnellladegeraet\/","title":{"rendered":"iAQUA AquaDart Schnellladeger\u00e4t"},"content":{"rendered":"<h2>iAQUA AquaDart Schnellladeger\u00e4t - INFORMATION<\/h2>\n<p>Wir pr\u00e4sentieren das iAQUA AquaDart-Schnellladeger\u00e4t - die ultimative L\u00f6sung, um Ihren AquaDart schnell wieder aufzuladen und im Handumdrehen wieder im Wasser zu sein! Mit seinen leistungsstarken F\u00e4higkeiten kann dieses Ladeger\u00e4t die Batterie in nur 60 Minuten auf 80 % oder in etwas mehr als zwei Stunden auf 100 % aufladen.<\/p>\n<p>Mit einer konstanten Ausgangsleistung von \u00fcber 1000 Watt werden die Hochleistungsbatterien des AquaDart effizient geladen, sodass Sie zwischen den Tauchg\u00e4ngen eine kurze Pause einlegen k\u00f6nnen. Das Ladeger\u00e4t ist so konzipiert, dass es mit jeder normalen Steckdose kompatibel ist und eine Eingangsspannung von 110 V bis 240 V hat. Seine intelligente Elektronik ermittelt automatisch die richtigen Einstellungen und Schalter f\u00fcr die Verwendung in jeder Standardsteckdose und sorgt so f\u00fcr ein problemloses Ladeerlebnis.<\/p>\n<p>Mit einem Gewicht von nur 2 kg ist das AquaDart-Schnellladeger\u00e4t erstaunlich leicht. Au\u00dferdem ist es mit einem isolierten Tragegriff an der Oberseite ausgestattet, so dass es m\u00fchelos transportiert werden kann, wohin auch immer Ihre Abenteuer Sie f\u00fchren. Au\u00dferdem haben die Ingenieure das Ladeger\u00e4t spritzwassergesch\u00fctzt, so dass Sie es in nassen Umgebungen, in denen AquaDarts \u00fcblicherweise eingesetzt werden, sicher verwenden k\u00f6nnen.<\/p>\n<p>Entscheiden Sie sich f\u00fcr das iAQUA AquaDart-Schnellladeger\u00e4t und erleben Sie den Komfort einer Schnellladung f\u00fcr Ihren AquaDart. Tauchen Sie tiefer, erkunden Sie weiter und machen Sie das Beste aus Ihren Unterwasserabenteuern mit dieser Spitzentechnologie.<\/p>\n<p><strong>100% kompatibel mit allen Tauchscootern aus dem Hause iAQUA!<\/strong><\/p>\n","protected":false},"excerpt":{"rendered":"<p>Das iAQUA AquaDart-Schnellladeger\u00e4t ist die ultimative L\u00f6sung, um die Unterwasserscooter von iAQUA schnell wieder aufzuladen und im Handumdrehen wieder im Wasser zu sein. Mit seinen leistungsstarken F\u00e4higkeiten kann es die Batterie in nur 60 Minuten auf 75 % oder in zwei Stunden auf 100 % aufladen.<\/p>\n","protected":false},"featured_media":99963,"comment_status":"open","ping_status":"closed","template":"","meta":{"_acf_changed":false,"_editorskit_title_hidden":false,"_editorskit_reading_time":0,"_editorskit_is_block_options_detached":false,"_editorskit_block_options_position":"{}","site-sidebar-layout":"default","site-content-layout":"default","ast-site-content-layout":"default","site-content-style":"default","site-sidebar-style":"default","ast-global-header-display":"","ast-banner-title-visibility":"","ast-main-header-display":"","ast-hfb-above-header-display":"","ast-hfb-below-header-display":"","ast-hfb-mobile-header-display":"","site-post-title":"","ast-breadcrumbs-content":"","ast-featured-img":"","footer-sml-layout":"","ast-disable-related-posts":"","theme-transparent-header-meta":"default","adv-header-id-meta":"","stick-header-meta":"","header-above-stick-meta":"","header-main-stick-meta":"","header-below-stick-meta":"","astra-migrate-meta-layouts":"set","ast-page-background-enabled":"default","ast-page-background-meta":{"desktop":{"background-color":"","background-image":"","background-repeat":"repeat","background-position":"center center","background-size":"auto","background-attachment":"scroll","background-type":"","background-media":"","overlay-type":"","overlay-color":"","overlay-opacity":"","overlay-gradient":""},"tablet":{"background-color":"","background-image":"","background-repeat":"repeat","background-position":"center center","background-size":"auto","background-attachment":"scroll","background-type":"","background-media":"","overlay-type":"","overlay-color":"","overlay-opacity":"","overlay-gradient":""},"mobile":{"background-color":"","background-image":"","background-repeat":"repeat","background-position":"center center","background-size":"auto","background-attachment":"scroll","background-type":"","background-media":"","overlay-type":"","overlay-color":"","overlay-opacity":"","overlay-gradient":""}},"ast-content-background-meta":{"desktop":{"background-color":"var(--ast-global-color-5)","background-image":"","background-repeat":"repeat","background-position":"center center","background-size":"auto","background-attachment":"scroll","background-type":"","background-media":"","overlay-type":"","overlay-color":"","overlay-opacity":"","overlay-gradient":""},"tablet":{"background-color":"var(--ast-global-color-5)","background-image":"","background-repeat":"repeat","background-position":"center center","background-size":"auto","background-attachment":"scroll","background-type":"","background-media":"","overlay-type":"","overlay-color":"","overlay-opacity":"","overlay-gradient":""},"mobile":{"background-color":"var(--ast-global-color-5)","background-image":"","background-repeat":"repeat","background-position":"center center","background-size":"auto","background-attachment":"scroll","background-type":"","background-media":"","overlay-type":"","overlay-color":"","overlay-opacity":"","overlay-gradient":""}},"_jf_save_progress":""},"product_brand":[],"product_cat":[111,581,506],"product_tag":[],"class_list":{"0":"post-117639","1":"product","2":"type-product","3":"status-publish","4":"has-post-thumbnail","6":"product_cat-verkauf","7":"product_cat-unterwasser-scooter-ersatzteile-de","8":"product_cat-ersatzteile-de","9":"product_shipping_class-s-de","10":"desktop-align-center","11":"tablet-align-center","12":"mobile-align-center","13":"ast-product-gallery-layout-horizontal","14":"ast-product-gallery-with-no-image","15":"ast-magnify-disabled","16":"ast-product-tabs-layout-horizontal","18":"first","19":"instock","20":"taxable","21":"shipping-taxable","22":"purchasable","23":"product-type-simple"},"acf":[],"brizy_media":[],"_links":{"self":[{"href":"https:\/\/wave-lovers.com\/de\/wp-json\/wp\/v2\/product\/117639","targetHints":{"allow":["GET"]}}],"collection":[{"href":"https:\/\/wave-lovers.com\/de\/wp-json\/wp\/v2\/product"}],"about":[{"href":"https:\/\/wave-lovers.com\/de\/wp-json\/wp\/v2\/types\/product"}],"replies":[{"embeddable":true,"href":"https:\/\/wave-lovers.com\/de\/wp-json\/wp\/v2\/comments?post=117639"}],"wp:featuredmedia":[{"embeddable":true,"href":"https:\/\/wave-lovers.com\/de\/wp-json\/wp\/v2\/media\/99963"}],"wp:attachment":[{"href":"https:\/\/wave-lovers.com\/de\/wp-json\/wp\/v2\/media?parent=117639"}],"wp:term":[{"taxonomy":"product_brand","embeddable":true,"href":"https:\/\/wave-lovers.com\/de\/wp-json\/wp\/v2\/product_brand?post=117639"},{"taxonomy":"product_cat","embeddable":true,"href":"https:\/\/wave-lovers.com\/de\/wp-json\/wp\/v2\/product_cat?post=117639"},{"taxonomy":"product_tag","embeddable":true,"href":"https:\/\/wave-lovers.com\/de\/wp-json\/wp\/v2\/product_tag?post=117639"}],"curies":[{"name":"wp","href":"https:\/\/api.w.org\/{rel}","templated":true}]}}