{"id":117634,"date":"2023-07-03T19:46:54","date_gmt":"2023-07-03T17:46:54","guid":{"rendered":"https:\/\/wave-lovers.com\/floatsea-floating-mat-360x180cm\/"},"modified":"2024-03-11T15:31:27","modified_gmt":"2024-03-11T14:31:27","slug":"floatsea-floating-mat-360x180cm","status":"publish","type":"product","link":"https:\/\/wave-lovers.com\/de\/floatsea-floating-mat-360x180cm\/","title":{"rendered":"FloatSea\u2122 Floating Mat 360x180cm"},"content":{"rendered":"<h2>FloatSea<span class=\"nowrap\">\u2122<\/span> Floating Mat 360x180cm - INFORMATION<\/h2>\n<p>Eine gro\u00dfartige Alternative zu aufblasbaren Luftmatratzen. Einfach ausrollen und der Spa\u00df kann losgehen. Ganz ohne l\u00e4stiges Aufblasen. Genauso schnell wird die Matte wieder zusammengerollt und mit den mitgelieferten Klettverschl\u00fcssen befestigt. Schon ist die sie wieder transportf\u00e4hig. Mit einem Gesamtgewicht von nur 5 kg k\u00f6nnen Sie die Matte au\u00dferdem \u00fcberallhin mitnehmen.<\/p>\n<p>Die riesige Fl\u00e4che bietet jede Menge Platz, so dass sich niemand in die Quere kommt. Die besonders auff\u00e4lligen Farben sind auch von weitem zu erkennen und sorgen f\u00fcr zus\u00e4tzliche Sicherheit. Das 4 cm dicke Material ist nahezu unverw\u00fcstlich und kann auch als Schutz vor kleineren Steinen oder anderen Unebenheiten dienen. Zus\u00e4tzlich wurde ein Befestigungsring integriert, mit dem Sie die Matte an Ihrem Boot festbinden k\u00f6nnen.<\/p>\n<h2>FloatSea<span class=\"nowrap\">\u2122<\/span> Floating Mat 360x180cm - DETAILS<\/h2>\n<p>Gr\u00f6\u00dfe: ca. 360x180x4cm<br \/>\nGewicht: 5kg<br \/>\nVerpackte Gr\u00f6\u00dfe: ca. 180x45x45cm<\/p>\n<h2>FloatSea<span class=\"nowrap\">\u2122<\/span> Floating Mat 360x180cm - HIGHLIGHTS<\/h2>\n<p>- gro\u00dfartige Alternative zu aufblasbaren Luftmatratzen<br \/>\n- leicht zu transportieren<br \/>\n- bietet reichlich Platz f\u00fcr jede Art von Aktivit\u00e4ten<br \/>\n- integrierter Ring f\u00fcr Bootsverbindung<br \/>\n- robustes &amp; langlebiges Material<\/p>\n","protected":false},"excerpt":{"rendered":"<p>Riesige Schwimmmatte f\u00fcr jede Art von Aktivit\u00e4t auf dem Wasser. Das langlebige und widerstandsf\u00e4hige Material wird Sie viele Jahre lang begleiten. Perfekt f\u00fcr alle Altersgruppen und besonders Kinder haben viel Spa\u00df mit ihr!<\/p>\n","protected":false},"featured_media":101042,"comment_status":"open","ping_status":"closed","template":"","meta":{"_acf_changed":false,"_editorskit_title_hidden":false,"_editorskit_reading_time":0,"_editorskit_is_block_options_detached":false,"_editorskit_block_options_position":"{}","site-sidebar-layout":"default","site-content-layout":"default","ast-site-content-layout":"default","site-content-style":"default","site-sidebar-style":"default","ast-global-header-display":"","ast-banner-title-visibility":"","ast-main-header-display":"","ast-hfb-above-header-display":"","ast-hfb-below-header-display":"","ast-hfb-mobile-header-display":"","site-post-title":"","ast-breadcrumbs-content":"","ast-featured-img":"","footer-sml-layout":"","ast-disable-related-posts":"","theme-transparent-header-meta":"default","adv-header-id-meta":"","stick-header-meta":"","header-above-stick-meta":"","header-main-stick-meta":"","header-below-stick-meta":"","astra-migrate-meta-layouts":"set","ast-page-background-enabled":"default","ast-page-background-meta":{"desktop":{"background-color":"","background-image":"","background-repeat":"repeat","background-position":"center center","background-size":"auto","background-attachment":"scroll","background-type":"","background-media":"","overlay-type":"","overlay-color":"","overlay-opacity":"","overlay-gradient":""},"tablet":{"background-color":"","background-image":"","background-repeat":"repeat","background-position":"center center","background-size":"auto","background-attachment":"scroll","background-type":"","background-media":"","overlay-type":"","overlay-color":"","overlay-opacity":"","overlay-gradient":""},"mobile":{"background-color":"","background-image":"","background-repeat":"repeat","background-position":"center center","background-size":"auto","background-attachment":"scroll","background-type":"","background-media":"","overlay-type":"","overlay-color":"","overlay-opacity":"","overlay-gradient":""}},"ast-content-background-meta":{"desktop":{"background-color":"var(--ast-global-color-5)","background-image":"","background-repeat":"repeat","background-position":"center center","background-size":"auto","background-attachment":"scroll","background-type":"","background-media":"","overlay-type":"","overlay-color":"","overlay-opacity":"","overlay-gradient":""},"tablet":{"background-color":"var(--ast-global-color-5)","background-image":"","background-repeat":"repeat","background-position":"center center","background-size":"auto","background-attachment":"scroll","background-type":"","background-media":"","overlay-type":"","overlay-color":"","overlay-opacity":"","overlay-gradient":""},"mobile":{"background-color":"var(--ast-global-color-5)","background-image":"","background-repeat":"repeat","background-position":"center center","background-size":"auto","background-attachment":"scroll","background-type":"","background-media":"","overlay-type":"","overlay-color":"","overlay-opacity":"","overlay-gradient":""}},"_jf_save_progress":""},"product_brand":[],"product_cat":[111,1967,1968,60],"product_tag":[],"class_list":{"0":"post-117634","1":"product","2":"type-product","3":"status-publish","4":"has-post-thumbnail","6":"product_cat-verkauf","7":"product_cat-inflatable-water-platforms-category","8":"product_cat-plattform-de","9":"product_cat-buy","10":"product_shipping_class-l-de","11":"desktop-align-center","12":"tablet-align-center","13":"mobile-align-center","14":"ast-product-gallery-layout-horizontal","15":"ast-magnify-disabled","16":"ast-product-tabs-layout-horizontal","18":"first","19":"instock","20":"taxable","21":"shipping-taxable","22":"purchasable","23":"product-type-simple"},"acf":[],"brizy_media":[],"_links":{"self":[{"href":"https:\/\/wave-lovers.com\/de\/wp-json\/wp\/v2\/product\/117634","targetHints":{"allow":["GET"]}}],"collection":[{"href":"https:\/\/wave-lovers.com\/de\/wp-json\/wp\/v2\/product"}],"about":[{"href":"https:\/\/wave-lovers.com\/de\/wp-json\/wp\/v2\/types\/product"}],"replies":[{"embeddable":true,"href":"https:\/\/wave-lovers.com\/de\/wp-json\/wp\/v2\/comments?post=117634"}],"wp:featuredmedia":[{"embeddable":true,"href":"https:\/\/wave-lovers.com\/de\/wp-json\/wp\/v2\/media\/101042"}],"wp:attachment":[{"href":"https:\/\/wave-lovers.com\/de\/wp-json\/wp\/v2\/media?parent=117634"}],"wp:term":[{"taxonomy":"product_brand","embeddable":true,"href":"https:\/\/wave-lovers.com\/de\/wp-json\/wp\/v2\/product_brand?post=117634"},{"taxonomy":"product_cat","embeddable":true,"href":"https:\/\/wave-lovers.com\/de\/wp-json\/wp\/v2\/product_cat?post=117634"},{"taxonomy":"product_tag","embeddable":true,"href":"https:\/\/wave-lovers.com\/de\/wp-json\/wp\/v2\/product_tag?post=117634"}],"curies":[{"name":"wp","href":"https:\/\/api.w.org\/{rel}","templated":true}]}}