{"id":117631,"date":"2023-07-05T11:25:07","date_gmt":"2023-07-05T09:25:07","guid":{"rendered":"https:\/\/wave-lovers.com\/audi-e-tron-e-foil-helmet\/"},"modified":"2024-03-11T15:31:27","modified_gmt":"2024-03-11T14:31:27","slug":"audi-e-tron-e-foil-helm","status":"publish","type":"product","link":"https:\/\/wave-lovers.com\/de\/audi-e-tron-e-foil-helm\/","title":{"rendered":"Audi E-Tron E-Foil Helm"},"content":{"rendered":"<h2>Audi E-Tron E-Foil Helm - INFORMATION<\/h2>\n<p>Holen Sie sich die neueste Sicherheitsausr\u00fcstung von Audi | Aerofoils! Der sch\u00fctzende Hartschalenhelm kann Ihnen in unvorhergesehenen Situationen das Leben retten. Es liegt in Ihrer eigenen Verantwortung, die richtigen Sicherheitsvorkehrungen zu treffen. Mit dem E-Foil, das Geschwindigkeiten von bis zu 50 km\/h erreicht, k\u00f6nnte jeder Unfall Ihr letzter sein. Vor allem dann, wenn Felsen oder andere Hindernisse den Weg versperren. Deshalb empfehlen wir diesen Helm jedem Surfer, egal welche Erfahrung er hat!<\/p>\n<p>Das Design ist schlicht gehalten und sieht in jeder Situation professionell aus. Mit zus\u00e4tzlichen Luftl\u00f6chern auf der Oberseite und den verstellbaren Riemen f\u00fcr die Kopfl\u00e4nge und -breite wurde das Konzept gut durchdacht und ist besonders angenehm zu tragen. Die Verarbeitung l\u00e4sst, wie bei Audi \u00fcblich, keine W\u00fcnsche offen.<\/p>\n<p>Die Helme sind auch in verschiedenen Gr\u00f6\u00dfen erh\u00e4ltlich. Die Abmessungen finden Sie unten.<\/p>\n<h3>Audi E-Tron E-Foil Helm - DETAILS<\/h3>\n<p>Gr\u00f6\u00dfe Kopfumfang:<\/p>\n<ul>\n<li>S \/ M\u00a0 -\u00a0 51-56cm<\/li>\n<li>M \/ L\u00a0 -\u00a0 55-61cm<\/li>\n<\/ul>\n<h3>Audi E-Tron E-Foil Helm - HIGHLIGHTS<\/h3>\n<p>- jedem Surfer zu empfehlen, unabh\u00e4ngig von seinem Erfahrungsstand<br \/>\n- elegantes Design f\u00fcr einen professionellen Look<br \/>\n- erh\u00e4ltlich in 2 Gr\u00f6\u00dfen mit zus\u00e4tzlichen Verstellriemen<br \/>\n- angenehm zu tragen und aus hochwertigen Materialien gefertigt<\/p>\n","protected":false},"excerpt":{"rendered":"<p>Professioneller e-Foil Helm mit Hartschalenoberfl\u00e4che in zwei Gr\u00f6\u00dfen und zus\u00e4tzlichem Verstellriemen. Bequem &amp; sicher.<\/p>\n","protected":false},"featured_media":101049,"comment_status":"open","ping_status":"closed","template":"","meta":{"_acf_changed":false,"_editorskit_title_hidden":false,"_editorskit_reading_time":0,"_editorskit_is_block_options_detached":false,"_editorskit_block_options_position":"{}","site-sidebar-layout":"default","site-content-layout":"","ast-site-content-layout":"default","site-content-style":"default","site-sidebar-style":"default","ast-global-header-display":"","ast-banner-title-visibility":"","ast-main-header-display":"","ast-hfb-above-header-display":"","ast-hfb-below-header-display":"","ast-hfb-mobile-header-display":"","site-post-title":"","ast-breadcrumbs-content":"","ast-featured-img":"","footer-sml-layout":"","ast-disable-related-posts":"","theme-transparent-header-meta":"default","adv-header-id-meta":"","stick-header-meta":"","header-above-stick-meta":"","header-main-stick-meta":"","header-below-stick-meta":"","astra-migrate-meta-layouts":"set","ast-page-background-enabled":"default","ast-page-background-meta":{"desktop":{"background-color":"","background-image":"","background-repeat":"repeat","background-position":"center center","background-size":"auto","background-attachment":"scroll","background-type":"","background-media":"","overlay-type":"","overlay-color":"","overlay-opacity":"","overlay-gradient":""},"tablet":{"background-color":"","background-image":"","background-repeat":"repeat","background-position":"center center","background-size":"auto","background-attachment":"scroll","background-type":"","background-media":"","overlay-type":"","overlay-color":"","overlay-opacity":"","overlay-gradient":""},"mobile":{"background-color":"","background-image":"","background-repeat":"repeat","background-position":"center center","background-size":"auto","background-attachment":"scroll","background-type":"","background-media":"","overlay-type":"","overlay-color":"","overlay-opacity":"","overlay-gradient":""}},"ast-content-background-meta":{"desktop":{"background-color":"var(--ast-global-color-5)","background-image":"","background-repeat":"repeat","background-position":"center center","background-size":"auto","background-attachment":"scroll","background-type":"","background-media":"","overlay-type":"","overlay-color":"","overlay-opacity":"","overlay-gradient":""},"tablet":{"background-color":"var(--ast-global-color-5)","background-image":"","background-repeat":"repeat","background-position":"center center","background-size":"auto","background-attachment":"scroll","background-type":"","background-media":"","overlay-type":"","overlay-color":"","overlay-opacity":"","overlay-gradient":""},"mobile":{"background-color":"var(--ast-global-color-5)","background-image":"","background-repeat":"repeat","background-position":"center center","background-size":"auto","background-attachment":"scroll","background-type":"","background-media":"","overlay-type":"","overlay-color":"","overlay-opacity":"","overlay-gradient":""}},"_jf_save_progress":""},"product_brand":[],"product_cat":[111,558,571,60],"product_tag":[],"class_list":{"0":"post-117631","1":"product","2":"type-product","3":"status-publish","4":"has-post-thumbnail","6":"product_cat-verkauf","7":"product_cat-accessoires","8":"product_cat-zubehoer-de","9":"product_cat-buy","10":"product_shipping_class-s-de","11":"desktop-align-center","12":"tablet-align-center","13":"mobile-align-center","14":"ast-product-gallery-layout-horizontal","15":"ast-magnify-disabled","16":"ast-product-single-variable","17":"ast-product-tabs-layout-horizontal","19":"first","20":"instock","21":"taxable","22":"shipping-taxable","23":"purchasable","24":"product-type-variable"},"acf":[],"brizy_media":[],"_links":{"self":[{"href":"https:\/\/wave-lovers.com\/de\/wp-json\/wp\/v2\/product\/117631","targetHints":{"allow":["GET"]}}],"collection":[{"href":"https:\/\/wave-lovers.com\/de\/wp-json\/wp\/v2\/product"}],"about":[{"href":"https:\/\/wave-lovers.com\/de\/wp-json\/wp\/v2\/types\/product"}],"replies":[{"embeddable":true,"href":"https:\/\/wave-lovers.com\/de\/wp-json\/wp\/v2\/comments?post=117631"}],"wp:featuredmedia":[{"embeddable":true,"href":"https:\/\/wave-lovers.com\/de\/wp-json\/wp\/v2\/media\/101049"}],"wp:attachment":[{"href":"https:\/\/wave-lovers.com\/de\/wp-json\/wp\/v2\/media?parent=117631"}],"wp:term":[{"taxonomy":"product_brand","embeddable":true,"href":"https:\/\/wave-lovers.com\/de\/wp-json\/wp\/v2\/product_brand?post=117631"},{"taxonomy":"product_cat","embeddable":true,"href":"https:\/\/wave-lovers.com\/de\/wp-json\/wp\/v2\/product_cat?post=117631"},{"taxonomy":"product_tag","embeddable":true,"href":"https:\/\/wave-lovers.com\/de\/wp-json\/wp\/v2\/product_tag?post=117631"}],"curies":[{"name":"wp","href":"https:\/\/api.w.org\/{rel}","templated":true}]}}