{"id":117627,"date":"2023-07-05T13:04:29","date_gmt":"2023-07-05T11:04:29","guid":{"rendered":"https:\/\/wave-lovers.com\/audi-e-tron-e-foil-life-jacket\/"},"modified":"2024-03-11T15:31:27","modified_gmt":"2024-03-11T14:31:27","slug":"audi-e-tron-e-foil-life-jacket","status":"publish","type":"product","link":"https:\/\/wave-lovers.com\/de\/audi-e-tron-e-foil-life-jacket\/","title":{"rendered":"Audi E-Tron E-Foil Rettungsweste"},"content":{"rendered":"<h2>Audi E-Tron E-Foil Rettungsweste - INFORMATION<\/h2>\n<p>Entdecken Sie sich die neueste Sicherheitsausr\u00fcstung von Audi | Aerofoils! Die Rettungsweste kann Sie vor dem Ertrinken bewahren und sch\u00fctzt Ihren K\u00f6rper bei jedem Aufprall. Es liegt in Ihrer eigenen Verantwortung, die richtigen Sicherheitsvorkehrungen zu treffen. Mit einer E-Foiling Geschwindigkeit von bis zu 50 km\/h kann jeder Unfall Ihr letzter sein. Vor allem, wenn Felsen oder andere Hindernisse den Weg versperren. Daher empfehlen wir diese Schwimmweste jedem Surfer, ganz egal welche Erfahrung er hat!<\/p>\n<p>Das Design ist schlicht gehalten und sieht immer professionell aus. Mit dem weichen strapazierf\u00e4higen Material und einem seitlich integrierten Rei\u00dfverschluss ist die Weste gut durchdacht, l\u00e4sst sich angenehm tragen und leicht wieder ausziehen. Die Verarbeitung l\u00e4sst, wie bei Audi \u00fcblich, keine W\u00fcnsche offen.<\/p>\n<p>Die Schwimmwesten sind in 6 verschiedenen Gr\u00f6\u00dfen erh\u00e4ltlich. Die empfohlenen Gr\u00f6\u00dfen finden Sie unter den Details.<\/p>\n<h3>Audi E-Tron E-Foil Rettungsweste - DETAILS<\/h3>\n<p>Empfohlene Gr\u00f6\u00dfe:<\/p>\n<ul>\n<li>XS\u00a0 -\u00a0 164-170cm<\/li>\n<li>S\u00a0 -\u00a0 168-174cm<\/li>\n<li>M\u00a0 -\u00a0 172-178cm<\/li>\n<li>L\u00a0 -\u00a0 176-184cm<\/li>\n<li>XL\u00a0 -\u00a0 182-189cm<\/li>\n<li>XXL\u00a0 -\u00a0 187-194cm<\/li>\n<\/ul>\n<h3>Audi E-Tron E-Foil Rettungsweste - HIGHLIGHTS<\/h3>\n<p>- jedem Surfer zu empfehlen, unabh\u00e4ngig von seinem Erfahrungsstand<br \/>\n- elegantes Design f\u00fcr ein professionelles Aussehen<br \/>\n- in 6 Gr\u00f6\u00dfen erh\u00e4ltlich<br \/>\n- angenehm zu tragen und leicht auszuziehen<\/p>\n","protected":false},"excerpt":{"rendered":"<p>Professionelle Rettungsweste in verschiedenen Gr\u00f6\u00dfen mit Rei\u00dfverschluss an der Seite zum einfachen Ausziehen. Bequem &amp; sicher.<\/p>\n","protected":false},"featured_media":101052,"comment_status":"open","ping_status":"closed","template":"","meta":{"_acf_changed":false,"_editorskit_title_hidden":false,"_editorskit_reading_time":0,"_editorskit_is_block_options_detached":false,"_editorskit_block_options_position":"{}","site-sidebar-layout":"default","site-content-layout":"","ast-site-content-layout":"default","site-content-style":"default","site-sidebar-style":"default","ast-global-header-display":"","ast-banner-title-visibility":"","ast-main-header-display":"","ast-hfb-above-header-display":"","ast-hfb-below-header-display":"","ast-hfb-mobile-header-display":"","site-post-title":"","ast-breadcrumbs-content":"","ast-featured-img":"","footer-sml-layout":"","ast-disable-related-posts":"","theme-transparent-header-meta":"default","adv-header-id-meta":"","stick-header-meta":"","header-above-stick-meta":"","header-main-stick-meta":"","header-below-stick-meta":"","astra-migrate-meta-layouts":"set","ast-page-background-enabled":"default","ast-page-background-meta":{"desktop":{"background-color":"","background-image":"","background-repeat":"repeat","background-position":"center center","background-size":"auto","background-attachment":"scroll","background-type":"","background-media":"","overlay-type":"","overlay-color":"","overlay-opacity":"","overlay-gradient":""},"tablet":{"background-color":"","background-image":"","background-repeat":"repeat","background-position":"center center","background-size":"auto","background-attachment":"scroll","background-type":"","background-media":"","overlay-type":"","overlay-color":"","overlay-opacity":"","overlay-gradient":""},"mobile":{"background-color":"","background-image":"","background-repeat":"repeat","background-position":"center center","background-size":"auto","background-attachment":"scroll","background-type":"","background-media":"","overlay-type":"","overlay-color":"","overlay-opacity":"","overlay-gradient":""}},"ast-content-background-meta":{"desktop":{"background-color":"var(--ast-global-color-5)","background-image":"","background-repeat":"repeat","background-position":"center center","background-size":"auto","background-attachment":"scroll","background-type":"","background-media":"","overlay-type":"","overlay-color":"","overlay-opacity":"","overlay-gradient":""},"tablet":{"background-color":"var(--ast-global-color-5)","background-image":"","background-repeat":"repeat","background-position":"center center","background-size":"auto","background-attachment":"scroll","background-type":"","background-media":"","overlay-type":"","overlay-color":"","overlay-opacity":"","overlay-gradient":""},"mobile":{"background-color":"var(--ast-global-color-5)","background-image":"","background-repeat":"repeat","background-position":"center center","background-size":"auto","background-attachment":"scroll","background-type":"","background-media":"","overlay-type":"","overlay-color":"","overlay-opacity":"","overlay-gradient":""}},"_jf_save_progress":""},"product_brand":[],"product_cat":[111,558,571,60],"product_tag":[],"class_list":{"0":"post-117627","1":"product","2":"type-product","3":"status-publish","4":"has-post-thumbnail","6":"product_cat-verkauf","7":"product_cat-accessoires","8":"product_cat-zubehoer-de","9":"product_cat-buy","10":"product_shipping_class-s-de","11":"desktop-align-center","12":"tablet-align-center","13":"mobile-align-center","14":"ast-product-gallery-layout-horizontal","15":"ast-product-gallery-with-no-image","16":"ast-magnify-disabled","17":"ast-product-single-variable","18":"ast-product-tabs-layout-horizontal","20":"first","21":"instock","22":"taxable","23":"shipping-taxable","24":"purchasable","25":"product-type-variable"},"acf":[],"brizy_media":[],"_links":{"self":[{"href":"https:\/\/wave-lovers.com\/de\/wp-json\/wp\/v2\/product\/117627","targetHints":{"allow":["GET"]}}],"collection":[{"href":"https:\/\/wave-lovers.com\/de\/wp-json\/wp\/v2\/product"}],"about":[{"href":"https:\/\/wave-lovers.com\/de\/wp-json\/wp\/v2\/types\/product"}],"replies":[{"embeddable":true,"href":"https:\/\/wave-lovers.com\/de\/wp-json\/wp\/v2\/comments?post=117627"}],"wp:featuredmedia":[{"embeddable":true,"href":"https:\/\/wave-lovers.com\/de\/wp-json\/wp\/v2\/media\/101052"}],"wp:attachment":[{"href":"https:\/\/wave-lovers.com\/de\/wp-json\/wp\/v2\/media?parent=117627"}],"wp:term":[{"taxonomy":"product_brand","embeddable":true,"href":"https:\/\/wave-lovers.com\/de\/wp-json\/wp\/v2\/product_brand?post=117627"},{"taxonomy":"product_cat","embeddable":true,"href":"https:\/\/wave-lovers.com\/de\/wp-json\/wp\/v2\/product_cat?post=117627"},{"taxonomy":"product_tag","embeddable":true,"href":"https:\/\/wave-lovers.com\/de\/wp-json\/wp\/v2\/product_tag?post=117627"}],"curies":[{"name":"wp","href":"https:\/\/api.w.org\/{rel}","templated":true}]}}