{"id":117623,"date":"2023-07-29T15:10:06","date_gmt":"2023-07-29T13:10:06","guid":{"rendered":"https:\/\/wave-lovers.com\/waydoo-flyer-one-plus-120-propeller-kit\/"},"modified":"2024-09-09T10:42:57","modified_gmt":"2024-09-09T08:42:57","slug":"waydoo-flyer-one-plus-120-propeller-kit","status":"publish","type":"product","link":"https:\/\/wave-lovers.com\/de\/waydoo-flyer-one-plus-120-propeller-kit\/","title":{"rendered":"Waydoo Flyer One Plus 120 Propeller Kit"},"content":{"rendered":"<h2>Waydoo Flyer ONE Plus 120 Propeller Kit - INFORMATION<\/h2>\n<div class=\"response-container-content ng-tns-c119140217-73\">\n<div class=\"response-content ng-trigger ng-trigger-responsePopulation ng-tns-c119140217-73 ng-animate-disabled\">\n<div class=\"markdown markdown-main-panel\" dir=\"ltr\">\n<p>Dieses Kit enth\u00e4lt sowohl den FP7- als auch den FP8-Propeller. Der FP8-Propeller ist ein Propeller mit h\u00f6herer Geschwindigkeit und h\u00f6herem Wirkungsgrad, der speziell entwickelt wurde, um die Batterieleistung zu erh\u00f6hen und h\u00f6here Geschwindigkeiten zu erreichen. Er ist perfekt f\u00fcr fortgeschrittene Surfer.<\/p>\n<p>Der Bausatz enth\u00e4lt zudem eine Propellerabdeckung, Schrauben und Befestigungsmaterial. Die Gesamtma\u00dfe des Kits betragen 13 x 7 x 6,6 Zoll und das Gewicht betr\u00e4gt rund 0,8 KG (1,7 LBS).<\/p>\n<\/div>\n<\/div>\n<\/div>\n<h2>Waydoo Flyer ONE Plus 120 Propeller Kit - DETAILS<\/h2>\n<p>Gesamtgr\u00f6\u00dfe: 13 x 7 x 6,6 Zoll<br \/>\nGewicht: 0,8 KG (1,7 LBS)<\/p>\n<h2>Waydoo Flyer ONE Plus 120 Propeller Kit - HIGHLIGHTS<\/h2>\n<p>- aus hochwertigen Materialien gefertigt und f\u00fcr eine lange Lebensdauer ausgelegt<br \/>\n- entwickelt, um die Batterieleistung zu erh\u00f6hen und h\u00f6here Geschwindigkeiten zu erreichen<br \/>\n- enth\u00e4lt Propellerabdeckung, Schrauben, Befestigungsmaterial und zwei Propeller (FP7 und FP8)<\/p>\n","protected":false},"excerpt":{"rendered":"<p>Das Propeller Kit wurde speziell entwickelt, um die Batterieleistung zu erh\u00f6hen und h\u00f6here Geschwindigkeiten zu erreichen. Perfekt f\u00fcr fortgeschrittene Surfer.<\/p>\n","protected":false},"featured_media":101953,"comment_status":"open","ping_status":"closed","template":"","meta":{"_acf_changed":false,"_editorskit_title_hidden":false,"_editorskit_reading_time":0,"_editorskit_is_block_options_detached":false,"_editorskit_block_options_position":"{}","site-sidebar-layout":"default","site-content-layout":"default","ast-site-content-layout":"default","site-content-style":"default","site-sidebar-style":"default","ast-global-header-display":"","ast-banner-title-visibility":"","ast-main-header-display":"","ast-hfb-above-header-display":"","ast-hfb-below-header-display":"","ast-hfb-mobile-header-display":"","site-post-title":"","ast-breadcrumbs-content":"","ast-featured-img":"","footer-sml-layout":"","ast-disable-related-posts":"","theme-transparent-header-meta":"default","adv-header-id-meta":"","stick-header-meta":"","header-above-stick-meta":"","header-main-stick-meta":"","header-below-stick-meta":"","astra-migrate-meta-layouts":"set","ast-page-background-enabled":"default","ast-page-background-meta":{"desktop":{"background-color":"","background-image":"","background-repeat":"repeat","background-position":"center center","background-size":"auto","background-attachment":"scroll","background-type":"","background-media":"","overlay-type":"","overlay-color":"","overlay-opacity":"","overlay-gradient":""},"tablet":{"background-color":"","background-image":"","background-repeat":"repeat","background-position":"center center","background-size":"auto","background-attachment":"scroll","background-type":"","background-media":"","overlay-type":"","overlay-color":"","overlay-opacity":"","overlay-gradient":""},"mobile":{"background-color":"","background-image":"","background-repeat":"repeat","background-position":"center center","background-size":"auto","background-attachment":"scroll","background-type":"","background-media":"","overlay-type":"","overlay-color":"","overlay-opacity":"","overlay-gradient":""}},"ast-content-background-meta":{"desktop":{"background-color":"var(--ast-global-color-5)","background-image":"","background-repeat":"repeat","background-position":"center center","background-size":"auto","background-attachment":"scroll","background-type":"","background-media":"","overlay-type":"","overlay-color":"","overlay-opacity":"","overlay-gradient":""},"tablet":{"background-color":"var(--ast-global-color-5)","background-image":"","background-repeat":"repeat","background-position":"center center","background-size":"auto","background-attachment":"scroll","background-type":"","background-media":"","overlay-type":"","overlay-color":"","overlay-opacity":"","overlay-gradient":""},"mobile":{"background-color":"var(--ast-global-color-5)","background-image":"","background-repeat":"repeat","background-position":"center center","background-size":"auto","background-attachment":"scroll","background-type":"","background-media":"","overlay-type":"","overlay-color":"","overlay-opacity":"","overlay-gradient":""}},"_jf_save_progress":""},"product_brand":[],"product_cat":[570,60,111,536,506,24],"product_tag":[],"class_list":{"0":"post-117623","1":"product","2":"type-product","3":"status-publish","4":"has-post-thumbnail","6":"product_cat-e-foil-ersatzteile-de","7":"product_cat-buy","8":"product_cat-verkauf","9":"product_cat-e-foil-spare-parts","10":"product_cat-ersatzteile-de","11":"product_cat-spare-parts","12":"product_shipping_class-s-de","13":"desktop-align-center","14":"tablet-align-center","15":"mobile-align-center","16":"ast-product-gallery-layout-horizontal","17":"ast-magnify-disabled","18":"ast-product-tabs-layout-horizontal","20":"first","21":"instock","22":"taxable","23":"shipping-taxable","24":"purchasable","25":"product-type-simple"},"acf":[],"brizy_media":[],"_links":{"self":[{"href":"https:\/\/wave-lovers.com\/de\/wp-json\/wp\/v2\/product\/117623","targetHints":{"allow":["GET"]}}],"collection":[{"href":"https:\/\/wave-lovers.com\/de\/wp-json\/wp\/v2\/product"}],"about":[{"href":"https:\/\/wave-lovers.com\/de\/wp-json\/wp\/v2\/types\/product"}],"replies":[{"embeddable":true,"href":"https:\/\/wave-lovers.com\/de\/wp-json\/wp\/v2\/comments?post=117623"}],"wp:featuredmedia":[{"embeddable":true,"href":"https:\/\/wave-lovers.com\/de\/wp-json\/wp\/v2\/media\/101953"}],"wp:attachment":[{"href":"https:\/\/wave-lovers.com\/de\/wp-json\/wp\/v2\/media?parent=117623"}],"wp:term":[{"taxonomy":"product_brand","embeddable":true,"href":"https:\/\/wave-lovers.com\/de\/wp-json\/wp\/v2\/product_brand?post=117623"},{"taxonomy":"product_cat","embeddable":true,"href":"https:\/\/wave-lovers.com\/de\/wp-json\/wp\/v2\/product_cat?post=117623"},{"taxonomy":"product_tag","embeddable":true,"href":"https:\/\/wave-lovers.com\/de\/wp-json\/wp\/v2\/product_tag?post=117623"}],"curies":[{"name":"wp","href":"https:\/\/api.w.org\/{rel}","templated":true}]}}