{"id":117618,"date":"2023-08-11T18:33:26","date_gmt":"2023-08-11T16:33:26","guid":{"rendered":"https:\/\/wave-lovers.com\/spinera-velcro-connector-pro\/"},"modified":"2024-03-11T15:31:26","modified_gmt":"2024-03-11T14:31:26","slug":"spinera-velcro-connector-pro","status":"publish","type":"product","link":"https:\/\/wave-lovers.com\/de\/spinera-velcro-connector-pro\/","title":{"rendered":"Spinera Velcro Connector Pro"},"content":{"rendered":"<h2>Spinera Velcro Connector Pro - INFORMATION<\/h2>\n<p>Der Yachtbeach Velcro Connector ist ein vielseitiges und einfach zu verwendendes Befestigungssystem, mit dem Sie verschiedene Yachtbeach-Produkte schnell und sicher verbinden k\u00f6nnen. Es besteht aus hochwertigen Materialien, die speziell f\u00fcr den Einsatz auf See entwickelt wurden und somit langlebig und wetterbest\u00e4ndig sind.<\/p>\n<p>Der Verbinder besteht aus zwei Teilen: einer Metallschnalle und einem strapazierf\u00e4higen Klettband. Die Schnalle sorgt f\u00fcr maximale Festigkeit und das Klettband f\u00fcr einen sicheren und bequemen Halt.<\/p>\n<h2>Spinera Velcro Connector Pro - DETAILS<\/h2>\n<p>Material: 0,9mm 1000D\/28x26 gest\u00e4rktes PVC<br \/>\n- mit 1,5\" Edelstahlschnalle<br \/>\n- kompatibel mit allen Modulen von YachtBeach &amp; Spinera<\/p>\n<h2>Spinera Velcro Connector Pro - HIGHLIGHTS<\/h2>\n<p>- ideal zum Verbinden von Yachtbeach-Plattformen, Liegest\u00fchlen oder Wasserspielzeugen<br \/>\n- eine gro\u00dfartige M\u00f6glichkeit, Ihr Eigentum auf Ihrem Boot oder Ihrer Yacht zu sichern<br \/>\n- einfach zu verwenden und kann an verschiedene Gr\u00f6\u00dfen und Formen von Produkten angepasst werden<br \/>\n- sicher und fest - verhindert das Abdriften von Modulen<\/p>\n","protected":false},"excerpt":{"rendered":"<p>Einfach zu verwendendes Befestigungssystem, mit dem Sie verschiedene Module von YachtBeach und Spinera schnell und sicher verbinden k\u00f6nnen.<\/p>\n","protected":false},"featured_media":104122,"comment_status":"open","ping_status":"closed","template":"","meta":{"_acf_changed":false,"_editorskit_title_hidden":false,"_editorskit_reading_time":0,"_editorskit_is_block_options_detached":false,"_editorskit_block_options_position":"{}","site-sidebar-layout":"default","site-content-layout":"default","ast-site-content-layout":"default","site-content-style":"default","site-sidebar-style":"default","ast-global-header-display":"","ast-banner-title-visibility":"","ast-main-header-display":"","ast-hfb-above-header-display":"","ast-hfb-below-header-display":"","ast-hfb-mobile-header-display":"","site-post-title":"","ast-breadcrumbs-content":"","ast-featured-img":"","footer-sml-layout":"","ast-disable-related-posts":"","theme-transparent-header-meta":"default","adv-header-id-meta":"","stick-header-meta":"","header-above-stick-meta":"","header-main-stick-meta":"","header-below-stick-meta":"","astra-migrate-meta-layouts":"set","ast-page-background-enabled":"default","ast-page-background-meta":{"desktop":{"background-color":"","background-image":"","background-repeat":"repeat","background-position":"center center","background-size":"auto","background-attachment":"scroll","background-type":"","background-media":"","overlay-type":"","overlay-color":"","overlay-opacity":"","overlay-gradient":""},"tablet":{"background-color":"","background-image":"","background-repeat":"repeat","background-position":"center center","background-size":"auto","background-attachment":"scroll","background-type":"","background-media":"","overlay-type":"","overlay-color":"","overlay-opacity":"","overlay-gradient":""},"mobile":{"background-color":"","background-image":"","background-repeat":"repeat","background-position":"center center","background-size":"auto","background-attachment":"scroll","background-type":"","background-media":"","overlay-type":"","overlay-color":"","overlay-opacity":"","overlay-gradient":""}},"ast-content-background-meta":{"desktop":{"background-color":"var(--ast-global-color-5)","background-image":"","background-repeat":"repeat","background-position":"center center","background-size":"auto","background-attachment":"scroll","background-type":"","background-media":"","overlay-type":"","overlay-color":"","overlay-opacity":"","overlay-gradient":""},"tablet":{"background-color":"var(--ast-global-color-5)","background-image":"","background-repeat":"repeat","background-position":"center center","background-size":"auto","background-attachment":"scroll","background-type":"","background-media":"","overlay-type":"","overlay-color":"","overlay-opacity":"","overlay-gradient":""},"mobile":{"background-color":"var(--ast-global-color-5)","background-image":"","background-repeat":"repeat","background-position":"center center","background-size":"auto","background-attachment":"scroll","background-type":"","background-media":"","overlay-type":"","overlay-color":"","overlay-opacity":"","overlay-gradient":""}},"_jf_save_progress":""},"product_brand":[],"product_cat":[60,111,506,24],"product_tag":[],"class_list":{"0":"post-117618","1":"product","2":"type-product","3":"status-publish","4":"has-post-thumbnail","6":"product_cat-buy","7":"product_cat-verkauf","8":"product_cat-ersatzteile-de","9":"product_cat-spare-parts","10":"product_shipping_class-s-de","11":"desktop-align-center","12":"tablet-align-center","13":"mobile-align-center","14":"ast-product-gallery-layout-horizontal","15":"ast-magnify-disabled","16":"ast-product-tabs-layout-horizontal","18":"first","19":"instock","20":"taxable","21":"shipping-taxable","22":"purchasable","23":"product-type-simple"},"acf":[],"brizy_media":[],"_links":{"self":[{"href":"https:\/\/wave-lovers.com\/de\/wp-json\/wp\/v2\/product\/117618","targetHints":{"allow":["GET"]}}],"collection":[{"href":"https:\/\/wave-lovers.com\/de\/wp-json\/wp\/v2\/product"}],"about":[{"href":"https:\/\/wave-lovers.com\/de\/wp-json\/wp\/v2\/types\/product"}],"replies":[{"embeddable":true,"href":"https:\/\/wave-lovers.com\/de\/wp-json\/wp\/v2\/comments?post=117618"}],"wp:featuredmedia":[{"embeddable":true,"href":"https:\/\/wave-lovers.com\/de\/wp-json\/wp\/v2\/media\/104122"}],"wp:attachment":[{"href":"https:\/\/wave-lovers.com\/de\/wp-json\/wp\/v2\/media?parent=117618"}],"wp:term":[{"taxonomy":"product_brand","embeddable":true,"href":"https:\/\/wave-lovers.com\/de\/wp-json\/wp\/v2\/product_brand?post=117618"},{"taxonomy":"product_cat","embeddable":true,"href":"https:\/\/wave-lovers.com\/de\/wp-json\/wp\/v2\/product_cat?post=117618"},{"taxonomy":"product_tag","embeddable":true,"href":"https:\/\/wave-lovers.com\/de\/wp-json\/wp\/v2\/product_tag?post=117618"}],"curies":[{"name":"wp","href":"https:\/\/api.w.org\/{rel}","templated":true}]}}