{"id":117606,"date":"2023-09-11T15:06:01","date_gmt":"2023-09-11T13:06:01","guid":{"rendered":"https:\/\/wave-lovers.com\/decktent-inflatable-bimini-large\/"},"modified":"2024-03-11T15:31:25","modified_gmt":"2024-03-11T14:31:25","slug":"decktent-aufblasbares-bimini-gross","status":"publish","type":"product","link":"https:\/\/wave-lovers.com\/de\/decktent-aufblasbares-bimini-gross\/","title":{"rendered":"DeckTent Aufblasbares Bimini Gro\u00df"},"content":{"rendered":"<h2>DeckTent Aufblasbares Bimini Gro\u00df - INFORMATION<\/h2>\n<p><img decoding=\"async\" class=\"size-thumbnail wp-image-104408 alignright\" src=\"https:\/\/wave-lovers.com\/wp-content\/uploads\/2023\/08\/decktent-inflatable-bimini-16-150x150.jpg\" alt=\"\" width=\"150\" height=\"150\" srcset=\"https:\/\/wave-lovers.com\/wp-content\/uploads\/2023\/08\/decktent-inflatable-bimini-16-150x150.jpg 150w, https:\/\/wave-lovers.com\/wp-content\/uploads\/2023\/08\/decktent-inflatable-bimini-16-300x300.jpg 300w, https:\/\/wave-lovers.com\/wp-content\/uploads\/2023\/08\/decktent-inflatable-bimini-16-768x768.jpg 768w, https:\/\/wave-lovers.com\/wp-content\/uploads\/2023\/08\/decktent-inflatable-bimini-16-600x600.jpg 600w, https:\/\/wave-lovers.com\/wp-content\/uploads\/2023\/08\/decktent-inflatable-bimini-16-100x100.jpg 100w, https:\/\/wave-lovers.com\/wp-content\/uploads\/2023\/08\/decktent-inflatable-bimini-16-32x32.jpg 32w, https:\/\/wave-lovers.com\/wp-content\/uploads\/2023\/08\/decktent-inflatable-bimini-16.jpg 916w\" sizes=\"(max-width: 150px) 100vw, 150px\" \/>Die aufblasbaren Biminis von DeckTent sind die perfekte L\u00f6sung, um Ihrem Boot Schatten und Schutz zu spenden. Sie lassen sich leicht auf- und abbauen und sind daher ideal f\u00fcr Boote aller Gr\u00f6\u00dfen. Aufblasbare Biminis sind au\u00dferdem leicht und tragbar, so dass Sie sie \u00fcberallhin mitnehmen k\u00f6nnen. Der Stoff des Biminis bietet UPF 30, der 97 % der sch\u00e4dlichen UV-Strahlen abh\u00e4lt. Dadurch werden Sie und Ihre Familie vor Sonnenbrand und anderen sch\u00e4dlichen Auswirkungen gesch\u00fctzt. Mit den verstellbaren Riemen wird es an der Reling Ihres Bootes befestigt. So bleibt das Bimini auch bei Wind und bis zu 27 Knoten Fahrtgeschwindigkeit an seinem Platz. Dar\u00fcber hinaus ist das DeckTent nur aus den besten Materialien hergestellt, verf\u00fcgt \u00fcber \u00dcberdruckventile und kann in der mitgelieferten Tragetasche aufbewahrt werden.<\/p>\n<p><img fetchpriority=\"high\" decoding=\"async\" class=\"alignnone wp-image-104378 size-large\" src=\"https:\/\/wave-lovers.com\/wp-content\/uploads\/2023\/08\/decktent-inflatable-bimini-15-1024x422.jpg\" alt=\"\" width=\"1024\" height=\"422\" srcset=\"https:\/\/wave-lovers.com\/wp-content\/uploads\/2023\/08\/decktent-inflatable-bimini-15-1024x422.jpg 1024w, https:\/\/wave-lovers.com\/wp-content\/uploads\/2023\/08\/decktent-inflatable-bimini-15-300x124.jpg 300w, https:\/\/wave-lovers.com\/wp-content\/uploads\/2023\/08\/decktent-inflatable-bimini-15-768x317.jpg 768w, https:\/\/wave-lovers.com\/wp-content\/uploads\/2023\/08\/decktent-inflatable-bimini-15-600x247.jpg 600w, https:\/\/wave-lovers.com\/wp-content\/uploads\/2023\/08\/decktent-inflatable-bimini-15.jpg 1477w\" sizes=\"(max-width: 1024px) 100vw, 1024px\" \/><\/p>\n<p>&nbsp;<\/p>\n<h3>W\u00e4hle Deine Gr\u00f6\u00dfe<\/h3>\n<p>&nbsp;<\/p>\n<p><img decoding=\"async\" class=\"alignnone wp-image-104342\" src=\"https:\/\/wave-lovers.com\/wp-content\/uploads\/2023\/08\/decktent-inflatable-bimini-03.jpg\" alt=\"\" width=\"500\" height=\"333\" srcset=\"https:\/\/wave-lovers.com\/wp-content\/uploads\/2023\/08\/decktent-inflatable-bimini-03.jpg 1200w, https:\/\/wave-lovers.com\/wp-content\/uploads\/2023\/08\/decktent-inflatable-bimini-03-300x200.jpg 300w, https:\/\/wave-lovers.com\/wp-content\/uploads\/2023\/08\/decktent-inflatable-bimini-03-1024x683.jpg 1024w, https:\/\/wave-lovers.com\/wp-content\/uploads\/2023\/08\/decktent-inflatable-bimini-03-768x512.jpg 768w, https:\/\/wave-lovers.com\/wp-content\/uploads\/2023\/08\/decktent-inflatable-bimini-03-500x333.jpg 500w, https:\/\/wave-lovers.com\/wp-content\/uploads\/2023\/08\/decktent-inflatable-bimini-03-600x400.jpg 600w\" sizes=\"(max-width: 500px) 100vw, 500px\" \/><img loading=\"lazy\" decoding=\"async\" class=\"alignnone wp-image-104345\" src=\"https:\/\/wave-lovers.com\/wp-content\/uploads\/2023\/08\/decktent-inflatable-bimini-04.jpg\" alt=\"\" width=\"500\" height=\"333\" srcset=\"https:\/\/wave-lovers.com\/wp-content\/uploads\/2023\/08\/decktent-inflatable-bimini-04.jpg 1200w, https:\/\/wave-lovers.com\/wp-content\/uploads\/2023\/08\/decktent-inflatable-bimini-04-300x200.jpg 300w, https:\/\/wave-lovers.com\/wp-content\/uploads\/2023\/08\/decktent-inflatable-bimini-04-1024x683.jpg 1024w, https:\/\/wave-lovers.com\/wp-content\/uploads\/2023\/08\/decktent-inflatable-bimini-04-768x512.jpg 768w, https:\/\/wave-lovers.com\/wp-content\/uploads\/2023\/08\/decktent-inflatable-bimini-04-500x333.jpg 500w, https:\/\/wave-lovers.com\/wp-content\/uploads\/2023\/08\/decktent-inflatable-bimini-04-600x400.jpg 600w\" sizes=\"(max-width: 500px) 100vw, 500px\" \/><\/p>\n<p>&nbsp;<\/p>\n<h2>DeckTent Aufblasbares Bimini Gro\u00df - DETAILS<\/h2>\n<table>\n<tbody>\n<tr>\n<td>Gr\u00f6\u00dfe M<\/td>\n<td>Motorboote von 10 bis 13 m<br \/>\nSegelboote von 14 bis 18 m<\/td>\n<td>2,5 x 3,4m (LxB)<\/td>\n<\/tr>\n<tr>\n<td>Gr\u00f6\u00dfe L<\/td>\n<td>Motorboats from 13 to 25 meters<br \/>\nSailboats from 16 to 25 meters<\/td>\n<td>3 x 4m (LxB)<\/td>\n<\/tr>\n<\/tbody>\n<\/table>\n<h2>DeckTent Aufblasbares Bimini Gro\u00df - HIGHLIGHTS<\/h2>\n<p>- leicht zu lagern und zu reinigen<br \/>\n- aerodynamisches Design: segeln Sie mit bis zu 25 Knoten<br \/>\n- aus strapazierf\u00e4higen Materialien gefertigt und sch\u00fctzt vor UV-Strahlung<br \/>\n- kann schnell aufgepumpt werden und bietet einen \u00dcberdr\u00fcckventil<br \/>\n- wird mit Transporttasche geliefert<\/p>\n","protected":false},"excerpt":{"rendered":"<p>Luxuri\u00f6s gestaltetes und einfach zu bedienendes aufblasbares Bimini f\u00fcr Sonnenschutz oder andere Wetterbedingungen. Gr\u00f6\u00dfere Version in 2 verschiedenen Gr\u00f6\u00dfen f\u00fcr alle Segel- oder Motorboote.<\/p>\n","protected":false},"featured_media":104346,"comment_status":"open","ping_status":"closed","template":"","meta":{"_acf_changed":false,"_editorskit_title_hidden":false,"_editorskit_reading_time":0,"_editorskit_is_block_options_detached":false,"_editorskit_block_options_position":"{}","site-sidebar-layout":"default","site-content-layout":"default","ast-site-content-layout":"default","site-content-style":"default","site-sidebar-style":"default","ast-global-header-display":"","ast-banner-title-visibility":"","ast-main-header-display":"","ast-hfb-above-header-display":"","ast-hfb-below-header-display":"","ast-hfb-mobile-header-display":"","site-post-title":"","ast-breadcrumbs-content":"","ast-featured-img":"","footer-sml-layout":"","ast-disable-related-posts":"","theme-transparent-header-meta":"default","adv-header-id-meta":"","stick-header-meta":"","header-above-stick-meta":"","header-main-stick-meta":"","header-below-stick-meta":"","astra-migrate-meta-layouts":"set","ast-page-background-enabled":"default","ast-page-background-meta":{"desktop":{"background-color":"","background-image":"","background-repeat":"repeat","background-position":"center center","background-size":"auto","background-attachment":"scroll","background-type":"","background-media":"","overlay-type":"","overlay-color":"","overlay-opacity":"","overlay-gradient":""},"tablet":{"background-color":"","background-image":"","background-repeat":"repeat","background-position":"center center","background-size":"auto","background-attachment":"scroll","background-type":"","background-media":"","overlay-type":"","overlay-color":"","overlay-opacity":"","overlay-gradient":""},"mobile":{"background-color":"","background-image":"","background-repeat":"repeat","background-position":"center center","background-size":"auto","background-attachment":"scroll","background-type":"","background-media":"","overlay-type":"","overlay-color":"","overlay-opacity":"","overlay-gradient":""}},"ast-content-background-meta":{"desktop":{"background-color":"var(--ast-global-color-5)","background-image":"","background-repeat":"repeat","background-position":"center center","background-size":"auto","background-attachment":"scroll","background-type":"","background-media":"","overlay-type":"","overlay-color":"","overlay-opacity":"","overlay-gradient":""},"tablet":{"background-color":"var(--ast-global-color-5)","background-image":"","background-repeat":"repeat","background-position":"center center","background-size":"auto","background-attachment":"scroll","background-type":"","background-media":"","overlay-type":"","overlay-color":"","overlay-opacity":"","overlay-gradient":""},"mobile":{"background-color":"var(--ast-global-color-5)","background-image":"","background-repeat":"repeat","background-position":"center center","background-size":"auto","background-attachment":"scroll","background-type":"","background-media":"","overlay-type":"","overlay-color":"","overlay-opacity":"","overlay-gradient":""}},"_jf_save_progress":""},"product_brand":[],"product_cat":[111,562],"product_tag":[],"class_list":{"0":"post-117606","1":"product","2":"type-product","3":"status-publish","4":"has-post-thumbnail","6":"product_cat-verkauf","7":"product_cat-aufblasbar-de","8":"product_shipping_class-s-de","9":"desktop-align-center","10":"tablet-align-center","11":"mobile-align-center","12":"ast-product-gallery-layout-horizontal","13":"ast-magnify-disabled","14":"ast-product-single-variable","15":"ast-product-tabs-layout-horizontal","17":"first","18":"instock","19":"taxable","20":"shipping-taxable","21":"purchasable","22":"product-type-variable"},"acf":[],"brizy_media":[],"_links":{"self":[{"href":"https:\/\/wave-lovers.com\/de\/wp-json\/wp\/v2\/product\/117606","targetHints":{"allow":["GET"]}}],"collection":[{"href":"https:\/\/wave-lovers.com\/de\/wp-json\/wp\/v2\/product"}],"about":[{"href":"https:\/\/wave-lovers.com\/de\/wp-json\/wp\/v2\/types\/product"}],"replies":[{"embeddable":true,"href":"https:\/\/wave-lovers.com\/de\/wp-json\/wp\/v2\/comments?post=117606"}],"wp:featuredmedia":[{"embeddable":true,"href":"https:\/\/wave-lovers.com\/de\/wp-json\/wp\/v2\/media\/104346"}],"wp:attachment":[{"href":"https:\/\/wave-lovers.com\/de\/wp-json\/wp\/v2\/media?parent=117606"}],"wp:term":[{"taxonomy":"product_brand","embeddable":true,"href":"https:\/\/wave-lovers.com\/de\/wp-json\/wp\/v2\/product_brand?post=117606"},{"taxonomy":"product_cat","embeddable":true,"href":"https:\/\/wave-lovers.com\/de\/wp-json\/wp\/v2\/product_cat?post=117606"},{"taxonomy":"product_tag","embeddable":true,"href":"https:\/\/wave-lovers.com\/de\/wp-json\/wp\/v2\/product_tag?post=117606"}],"curies":[{"name":"wp","href":"https:\/\/api.w.org\/{rel}","templated":true}]}}