{"id":117598,"date":"2023-10-05T22:09:35","date_gmt":"2023-10-05T20:09:35","guid":{"rendered":"https:\/\/wave-lovers.com\/audi-e-tron-competition-e-foil\/"},"modified":"2024-12-09T00:21:07","modified_gmt":"2024-12-08T23:21:07","slug":"audi-e-tron-competition-e-foil","status":"publish","type":"product","link":"https:\/\/wave-lovers.com\/de\/audi-e-tron-competition-e-foil\/","title":{"rendered":"Audi E-Tron Competition E-Foil"},"content":{"rendered":"<h2>Audi E-Tron Competition E-Foil - INFORMATION<\/h2>\n<p><img decoding=\"async\" class=\"wp-image-117181 size-thumbnail alignright\" src=\"https:\/\/wave-lovers.com\/wp-content\/uploads\/2023\/10\/audi-e-tron-efoil-competition-1-150x150.jpg\" alt=\"\" width=\"150\" height=\"150\" srcset=\"https:\/\/wave-lovers.com\/wp-content\/uploads\/2023\/10\/audi-e-tron-efoil-competition-1-150x150.jpg 150w, https:\/\/wave-lovers.com\/wp-content\/uploads\/2023\/10\/audi-e-tron-efoil-competition-1-300x300.jpg 300w, https:\/\/wave-lovers.com\/wp-content\/uploads\/2023\/10\/audi-e-tron-efoil-competition-1-600x600.jpg 600w, https:\/\/wave-lovers.com\/wp-content\/uploads\/2023\/10\/audi-e-tron-efoil-competition-1-100x100.jpg 100w, https:\/\/wave-lovers.com\/wp-content\/uploads\/2023\/10\/audi-e-tron-efoil-competition-1-32x32.jpg 32w, https:\/\/wave-lovers.com\/wp-content\/uploads\/2023\/10\/audi-e-tron-efoil-competition-1.jpg 700w\" sizes=\"(max-width: 150px) 100vw, 150px\" \/><\/p>\n<p>Das Audi e-tron foil Competition ist ein Hightech-Efoil Board, das f\u00fcr die anspruchsvollsten Surfer entwickelt wurde. Es bietet die perfekte Balance zwischen Agilit\u00e4t und Funktionalit\u00e4t und ist damit ideal f\u00fcr Wettk\u00e4mpfe und Freestyle-Riding.<\/p>\n<p>Das Board ist aus leichter und dennoch widerstandsf\u00e4higer Kohlefaser gefertigt, die durch zus\u00e4tzliche Innegra-Verst\u00e4rkungen f\u00fcr enorme Stabilit\u00e4t sorgt. Der neue V-f\u00f6rmige Rumpf sorgt f\u00fcr ein schnelles, reaktionsschnelles Handling und Balance, selbst bei den extremsten Bedingungen.<\/p>\n<p>Das Audi Competition Efoil verf\u00fcgt au\u00dferdem \u00fcber einen speziellen Leash-Plug f\u00fcr unersch\u00fctterliche Kontrolle, anpassbare Fu\u00dfschlaufen f\u00fcr ma\u00dfgeschneiderten Halt und ein Microdot-Pad f\u00fcr hervorragenden Grip und Stabilit\u00e4t.<\/p>\n<p>Das Audi Competition von Aerofoils wurde mit Pr\u00e4zision entwickelt und verf\u00fcgt \u00fcber einen optimierten Mastplattenwinkel, der eine neutrale und ausgewogene Balance des Boards garantiert. Egal, ob Sie geradeaus fahren oder um enge Kurven carven, dieses Board sorgt daf\u00fcr, dass Sie die volle Kontrolle behalten und die Konkurrenz \u00fcbertreffen.<\/p>\n<hr \/>\n<h2>LIEFERUMFANG \u2013 WAS IST DABEI?<\/h2>\n<ul>\n<li>Board &amp; Antriebseinheit<\/li>\n<li>Neu entwickltes exklusives Wing Set (Ma\u00dfe ca. 1000x300)<\/li>\n<li>Akku &amp; Schnellladeger\u00e4t<\/li>\n<li>Fernbedienung<\/li>\n<li>3 seperate Transporttaschen (f\u00fcr Board, Antrieb &amp; Wings)<\/li>\n<\/ul>\n<hr \/>\n<h3>Perfektionierte Antriebseinheit<img decoding=\"async\" class=\"wp-image-117193 size-thumbnail alignright\" src=\"https:\/\/wave-lovers.com\/wp-content\/uploads\/2023\/10\/audi-e-tron-efoil-competition-drive-unit-150x150.jpg\" alt=\"\" width=\"150\" height=\"150\" srcset=\"https:\/\/wave-lovers.com\/wp-content\/uploads\/2023\/10\/audi-e-tron-efoil-competition-drive-unit-150x150.jpg 150w, https:\/\/wave-lovers.com\/wp-content\/uploads\/2023\/10\/audi-e-tron-efoil-competition-drive-unit-300x300.jpg 300w, https:\/\/wave-lovers.com\/wp-content\/uploads\/2023\/10\/audi-e-tron-efoil-competition-drive-unit-600x600.jpg 600w, https:\/\/wave-lovers.com\/wp-content\/uploads\/2023\/10\/audi-e-tron-efoil-competition-drive-unit-100x100.jpg 100w, https:\/\/wave-lovers.com\/wp-content\/uploads\/2023\/10\/audi-e-tron-efoil-competition-drive-unit-32x32.jpg 32w, https:\/\/wave-lovers.com\/wp-content\/uploads\/2023\/10\/audi-e-tron-efoil-competition-drive-unit.jpg 700w\" sizes=\"(max-width: 150px) 100vw, 150px\" \/><\/h3>\n<p>Das neueste Audi E-Tron Foil Competition verf\u00fcgt \u00fcber einen Antrieb mit innovativer Technologie, die Leistung und Effizienz neu definiert. Das E-Foil bietet jetzt 20% mehr Beschleunigung, 10% mehr Energieeffizienz und 15% zus\u00e4tzliches Fahrergewicht. Aber das ist noch lange nicht alles. Das neue Flaggschiff bietet eine ganze Reihe von Vorteilen. F\u00fcr alle Boards von Audi gilt vor allem eines: unerreichter Fahrspa\u00df, perfekte Wendigkeit und ein konkurrenzloser Gesamteindruck. Das sollte man getestet haben!<\/p>\n<h3>Bew\u00e4hrte Controller Technologie<img decoding=\"async\" class=\"wp-image-117190 size-thumbnail alignright\" src=\"https:\/\/wave-lovers.com\/wp-content\/uploads\/2023\/10\/audi-e-tron-efoil-competition-controller-150x150.jpg\" alt=\"\" width=\"150\" height=\"150\" srcset=\"https:\/\/wave-lovers.com\/wp-content\/uploads\/2023\/10\/audi-e-tron-efoil-competition-controller-150x150.jpg 150w, https:\/\/wave-lovers.com\/wp-content\/uploads\/2023\/10\/audi-e-tron-efoil-competition-controller-300x300.jpg 300w, https:\/\/wave-lovers.com\/wp-content\/uploads\/2023\/10\/audi-e-tron-efoil-competition-controller-600x600.jpg 600w, https:\/\/wave-lovers.com\/wp-content\/uploads\/2023\/10\/audi-e-tron-efoil-competition-controller-100x100.jpg 100w, https:\/\/wave-lovers.com\/wp-content\/uploads\/2023\/10\/audi-e-tron-efoil-competition-controller-32x32.jpg 32w, https:\/\/wave-lovers.com\/wp-content\/uploads\/2023\/10\/audi-e-tron-efoil-competition-controller.jpg 700w\" sizes=\"(max-width: 150px) 100vw, 150px\" \/><\/h3>\n<p>Die Audi e-tron foil Fernsteuerung ist der perfekte Begleiter und bietet Ihnen ultimative Kontrolle und Sicherheit bei allen Bedingungen. Mit dem hochaufl\u00f6senden Farbdisplay k\u00f6nnen Sie alle wichtigen Fahrdaten wie Akkuverbrauch, GPS-Geschwindigkeit, Effizienz und Flugzeit ganz einfach ablesen. Au\u00dferdem ist der Controller schwimmf\u00e4hig und hat eine verstellbare Befestigungsschlaufe, so dass Sie sicher sein k\u00f6nnen, dass sie nicht verloren geht wenn Sie st\u00fcrzen.<\/p>\n<h3>Leistung gepaart mit Effizienz<img loading=\"lazy\" decoding=\"async\" class=\"wp-image-117187 size-thumbnail alignright\" src=\"https:\/\/wave-lovers.com\/wp-content\/uploads\/2023\/10\/audi-e-tron-efoil-competition-battery-150x150.jpg\" alt=\"\" width=\"150\" height=\"150\" srcset=\"https:\/\/wave-lovers.com\/wp-content\/uploads\/2023\/10\/audi-e-tron-efoil-competition-battery-150x150.jpg 150w, https:\/\/wave-lovers.com\/wp-content\/uploads\/2023\/10\/audi-e-tron-efoil-competition-battery-300x300.jpg 300w, https:\/\/wave-lovers.com\/wp-content\/uploads\/2023\/10\/audi-e-tron-efoil-competition-battery-600x600.jpg 600w, https:\/\/wave-lovers.com\/wp-content\/uploads\/2023\/10\/audi-e-tron-efoil-competition-battery-100x100.jpg 100w, https:\/\/wave-lovers.com\/wp-content\/uploads\/2023\/10\/audi-e-tron-efoil-competition-battery-32x32.jpg 32w, https:\/\/wave-lovers.com\/wp-content\/uploads\/2023\/10\/audi-e-tron-efoil-competition-battery.jpg 700w\" sizes=\"(max-width: 150px) 100vw, 150px\" \/><\/h3>\n<p>Der unglaublich starke Akku mit fast 2,3 kWh sorgt f\u00fcr extrem lange Laufzeiten und eine Reichweite von bis zu 40 km. Das bedeutet jede Menge Spa\u00df, ohne zwischendurch aufladen zu m\u00fcssen. Der Akku h\u00e4lt bis zu 2 Stunden und ist mit dem mitgelieferten Netzteil auch genauso schnell wieder aufgeladen. Au\u00dferdem ist das Ladeger\u00e4t regelbar und kann bei st\u00e4rkerer Beanspruchung des Stromnetzes gedrosselt werden.<\/p>\n<hr \/>\n<h2>Audi E-Tron Competition E-Foil - NEUIGKEITEN<\/h2>\n<table>\n<tbody>\n<tr>\n<td><strong>Wings<\/strong><\/td>\n<\/tr>\n<tr>\n<td>Carbon Front Wing 1000 &amp; Stabilizer 300 - Verbessern Sie Ihr Erlebnis mit den neuesten Entwicklungen auf dem Markt und er\u00f6ffnen Sie sich eine Welt voller M\u00f6glichkeiten. Aerofoils ist bekannt f\u00fcr die perfekt gestalteten Carbonfl\u00fcgel, die aus der Modellbauindustrie abstammen und allen Situationen gerecht werden. Verbesserte Agilit\u00e4t, \u00fcberlegenes Gleiten, optimale Aerodynamik und ein stabiler Druckpunkt geben Ihnen die Kontrolle und das Vertrauen, den n\u00e4chsten Schritt zu wagen.<\/td>\n<\/tr>\n<tr>\n<td><strong>Antriebseinheit<\/strong><\/td>\n<\/tr>\n<tr>\n<td>Schnelleres, umweltfreundlicheres und vielseitigeres Fahren. Mit 20 % mehr Beschleunigung, 10 % h\u00f6herer Energieeffizienz und 15 % mehr Kapazit\u00e4t perfektioniert die neue Antriebseinheit von Audi Aerofoils Ihr Fahrgef\u00fchl und definiert den Sport v\u00f6llig neu.<\/td>\n<\/tr>\n<tr>\n<td><strong>Design<\/strong><\/td>\n<\/tr>\n<tr>\n<td>Um den sportlichen Charakter des neuen Boards zu unterstreichen, wurde ein komplett neuer Look entworfen. Der aufregende Camo-Look gl\u00e4nzt auch bei schlechtem Wetter und wird sicher viele Freunde finden. Au\u00dferdem ist das Board jetzt noch kleiner und wendiger. Mit unglaublichen 73L Volumen geh\u00f6rt es zur absoluten Spitzenklasse. Aber Achtung nur erfahrene Surfer wissen, wie man das Biest b\u00e4ndigt.<\/td>\n<\/tr>\n<\/tbody>\n<\/table>\n<h2>Audi E-Tron Competition E-Foil - DETAILS<\/h2>\n<table>\n<tbody>\n<tr>\n<td>Modell<\/td>\n<td>Audi E-Tron Foil<br \/>\n(Adventure \/ Performance)<\/td>\n<td><strong>Audi E-Tron<\/strong><br \/>\n<strong>Competition<\/strong><strong><br \/>\n<\/strong><\/td>\n<\/tr>\n<tr>\n<td>Geschwindigkeit<\/td>\n<td>bis zu 50 km\/h<\/td>\n<td><strong>bis zu <\/strong><strong>50 km\/h<\/strong><\/td>\n<\/tr>\n<tr>\n<td>Laufzeit \/ Reichweite<\/td>\n<td>bis zu 2 h \/ 36km<\/td>\n<td><strong>bis zu <\/strong><strong>2 h \/ 40km<br \/>\n<\/strong><\/td>\n<\/tr>\n<tr>\n<td>Ladezeit<\/td>\n<td>ca. 2 h<\/td>\n<td><strong>ca. <\/strong><strong>2 h<\/strong><\/td>\n<\/tr>\n<tr>\n<td>Gewicht<\/td>\n<td>33 kg<\/td>\n<td><strong>31 kg<\/strong><\/td>\n<\/tr>\n<tr>\n<td>Volumen<\/td>\n<td>103 L \/ 83 L<\/td>\n<td><strong>73 L<\/strong><\/td>\n<\/tr>\n<tr>\n<td>Tragf\u00e4higkeit<\/td>\n<td>bis zu 85 kg<\/td>\n<td><strong>bis zu 100 kg<br \/>\n<\/strong><\/td>\n<\/tr>\n<tr>\n<td>Ma\u00dfe<\/td>\n<td>176 x 72 x 15 \/ 153 x 67 x 15<\/td>\n<td><strong>135 x 63 x 15<\/strong><\/td>\n<\/tr>\n<tr>\n<td>Eigenschaften<\/td>\n<td>Carving: 6-7 \/ 10<br \/>\nStabilit\u00e4t: 6-7 \/ 10<br \/>\nErfahrungslevel: 4 \/ 10<\/td>\n<td><strong>Carving: 8 \/ 10<br \/>\nStabilit\u00e4t: 5 \/ 10<br \/>\nErfahrungslevel: 6 \/ 10<\/strong><\/td>\n<\/tr>\n<\/tbody>\n<\/table>\n","protected":false},"excerpt":{"rendered":"<p>Perfektionieren Sie Ihr Surfing Erlebnis mit dem neuesten Audi E-Tron Competition E-Foil und er\u00f6ffnen Sie sich eine Welt voller M\u00f6glichkeiten. Die neue \u00c4ra des E-Foilings wartet. Aber Achtung nur erfahrene Surfer wissen, wie man das Biest b\u00e4ndigt.<\/p>\n<p><img loading=\"lazy\" decoding=\"async\" class=\"wp-image-117223 alignnone\" src=\"https:\/\/wave-lovers.com\/wp-content\/uploads\/2023\/10\/audi-competition-banner.jpg\" alt=\"\" width=\"300\" height=\"115\" srcset=\"https:\/\/wave-lovers.com\/wp-content\/uploads\/2023\/10\/audi-competition-banner.jpg 378w, https:\/\/wave-lovers.com\/wp-content\/uploads\/2023\/10\/audi-competition-banner-300x115.jpg 300w\" sizes=\"(max-width: 300px) 100vw, 300px\" \/><\/p>\n","protected":false},"featured_media":117197,"comment_status":"open","ping_status":"closed","template":"","meta":{"_acf_changed":false,"_editorskit_title_hidden":false,"_editorskit_reading_time":0,"_editorskit_is_block_options_detached":false,"_editorskit_block_options_position":"{}","site-sidebar-layout":"default","site-content-layout":"default","ast-site-content-layout":"default","site-content-style":"default","site-sidebar-style":"default","ast-global-header-display":"","ast-banner-title-visibility":"","ast-main-header-display":"","ast-hfb-above-header-display":"","ast-hfb-below-header-display":"","ast-hfb-mobile-header-display":"","site-post-title":"disabled","ast-breadcrumbs-content":"","ast-featured-img":"","footer-sml-layout":"","ast-disable-related-posts":"","theme-transparent-header-meta":"default","adv-header-id-meta":"","stick-header-meta":"","header-above-stick-meta":"","header-main-stick-meta":"","header-below-stick-meta":"","astra-migrate-meta-layouts":"set","ast-page-background-enabled":"default","ast-page-background-meta":{"desktop":{"background-color":"","background-image":"","background-repeat":"repeat","background-position":"center center","background-size":"auto","background-attachment":"scroll","background-type":"","background-media":"","overlay-type":"","overlay-color":"","overlay-opacity":"","overlay-gradient":""},"tablet":{"background-color":"","background-image":"","background-repeat":"repeat","background-position":"center center","background-size":"auto","background-attachment":"scroll","background-type":"","background-media":"","overlay-type":"","overlay-color":"","overlay-opacity":"","overlay-gradient":""},"mobile":{"background-color":"","background-image":"","background-repeat":"repeat","background-position":"center center","background-size":"auto","background-attachment":"scroll","background-type":"","background-media":"","overlay-type":"","overlay-color":"","overlay-opacity":"","overlay-gradient":""}},"ast-content-background-meta":{"desktop":{"background-color":"var(--ast-global-color-5)","background-image":"","background-repeat":"repeat","background-position":"center center","background-size":"auto","background-attachment":"scroll","background-type":"","background-media":"","overlay-type":"","overlay-color":"","overlay-opacity":"","overlay-gradient":""},"tablet":{"background-color":"var(--ast-global-color-5)","background-image":"","background-repeat":"repeat","background-position":"center center","background-size":"auto","background-attachment":"scroll","background-type":"","background-media":"","overlay-type":"","overlay-color":"","overlay-opacity":"","overlay-gradient":""},"mobile":{"background-color":"var(--ast-global-color-5)","background-image":"","background-repeat":"repeat","background-position":"center center","background-size":"auto","background-attachment":"scroll","background-type":"","background-media":"","overlay-type":"","overlay-color":"","overlay-opacity":"","overlay-gradient":""}},"_jf_save_progress":""},"product_brand":[],"product_cat":[111,60,18,92,112,40],"product_tag":[],"class_list":{"0":"post-117598","1":"product","2":"type-product","3":"status-publish","4":"has-post-thumbnail","6":"product_cat-verkauf","7":"product_cat-buy","8":"product_cat-electric-hydrofoil-surfboard","9":"product_cat-e-foil-de","10":"product_cat-try-and-buy-de","11":"product_cat-try-and-buy","12":"product_shipping_class-lg-de","13":"desktop-align-center","14":"tablet-align-center","15":"mobile-align-center","16":"ast-product-gallery-layout-horizontal","17":"ast-magnify-disabled","18":"ast-product-tabs-layout-horizontal","20":"first","21":"instock","22":"taxable","23":"shipping-taxable","24":"purchasable","25":"product-type-simple"},"acf":[],"brizy_media":[{"id":394,"url":"https:\/\/wave-lovers.com\/wp-content\/uploads\/2021\/01\/E-Foil-Surf-in-Fuerteventura.png","name":"E-Foil-Surf-in-Fuerteventura.png","meta":{"brizy_attachment_uid":"wp-94c9cce8d679a7c3867d56ce02984e39.png","brizy_post_uid":["036f3c858f7493a96f1ecf6bf97c3739","a9cb51fc18b3a0e5c20b367b123782f1","4d07bf27702d9e74ca4c3511c74110e4","57a9f74eb861a76ebdbcd0ca0523c138"]}}],"_links":{"self":[{"href":"https:\/\/wave-lovers.com\/de\/wp-json\/wp\/v2\/product\/117598","targetHints":{"allow":["GET"]}}],"collection":[{"href":"https:\/\/wave-lovers.com\/de\/wp-json\/wp\/v2\/product"}],"about":[{"href":"https:\/\/wave-lovers.com\/de\/wp-json\/wp\/v2\/types\/product"}],"replies":[{"embeddable":true,"href":"https:\/\/wave-lovers.com\/de\/wp-json\/wp\/v2\/comments?post=117598"}],"wp:featuredmedia":[{"embeddable":true,"href":"https:\/\/wave-lovers.com\/de\/wp-json\/wp\/v2\/media\/117197"}],"wp:attachment":[{"href":"https:\/\/wave-lovers.com\/de\/wp-json\/wp\/v2\/media?parent=117598"}],"wp:term":[{"taxonomy":"product_brand","embeddable":true,"href":"https:\/\/wave-lovers.com\/de\/wp-json\/wp\/v2\/product_brand?post=117598"},{"taxonomy":"product_cat","embeddable":true,"href":"https:\/\/wave-lovers.com\/de\/wp-json\/wp\/v2\/product_cat?post=117598"},{"taxonomy":"product_tag","embeddable":true,"href":"https:\/\/wave-lovers.com\/de\/wp-json\/wp\/v2\/product_tag?post=117598"}],"curies":[{"name":"wp","href":"https:\/\/api.w.org\/{rel}","templated":true}]}}