{"id":101912,"date":"2023-07-06T16:26:46","date_gmt":"2023-07-06T14:26:46","guid":{"rendered":"https:\/\/wave-lovers.com\/seabob-f5-sr-underwater-scooter\/"},"modified":"2024-03-11T15:31:25","modified_gmt":"2024-03-11T14:31:25","slug":"seabob-f5-sr-unterwasser-scooter","status":"publish","type":"product","link":"https:\/\/wave-lovers.com\/de\/seabob-f5-sr-unterwasser-scooter\/","title":{"rendered":"SEABOB F5 SR Unterwasser Scooter"},"content":{"rendered":"<h2>SEABOB F5 SR Unterwasser Scooter - INFORMATION<\/h2>\n<p><img decoding=\"async\" class=\"wp-image-100805 size-thumbnail alignright\" src=\"https:\/\/wave-lovers.com\/wp-content\/uploads\/2023\/07\/seabob-f5sr-04-e1688654471427.jpg\" alt=\"\" width=\"150\" height=\"150\" srcset=\"https:\/\/wave-lovers.com\/wp-content\/uploads\/2023\/07\/seabob-f5sr-04-e1688654471427.jpg 822w, https:\/\/wave-lovers.com\/wp-content\/uploads\/2023\/07\/seabob-f5sr-04-e1688654471427-300x300.jpg 300w, https:\/\/wave-lovers.com\/wp-content\/uploads\/2023\/07\/seabob-f5sr-04-e1688654471427-150x150.jpg 150w, https:\/\/wave-lovers.com\/wp-content\/uploads\/2023\/07\/seabob-f5sr-04-e1688654471427-768x767.jpg 768w, https:\/\/wave-lovers.com\/wp-content\/uploads\/2023\/07\/seabob-f5sr-04-e1688654471427-600x599.jpg 600w, https:\/\/wave-lovers.com\/wp-content\/uploads\/2023\/07\/seabob-f5sr-04-e1688654471427-100x100.jpg 100w, https:\/\/wave-lovers.com\/wp-content\/uploads\/2023\/07\/seabob-f5sr-04-e1688654471427-32x32.jpg 32w\" sizes=\"(max-width: 150px) 100vw, 150px\" \/><\/p>\n<p>Der SEABOB F5 SR ist ein absolutes Biest in Sachen Leistung. Das Top-Produkt aus der Reihe \u00fcberzeugt mit unglaublicher Kraft und verbesserter Laufzeit. Dar\u00fcber hinaus bietet das Modell drei exklusive Farben, die dem herausragenden Look den letzten Schliff geben. Ein absolutes Must-Have!<\/p>\n<p>In Sachen Agilit\u00e4t und Kontrolle sucht der SEABOB F5 SR seinesgleichen. Auch die Geschwindigkeit wurde auf ein Niveau angehoben, das sp\u00fcrbar am Maximum liegt, um komfortabel zu bleiben. Mit 7 G\u00e4ngen kann jeder seine eigene Komfortzone testen und die Geschwindigkeitsoption finden, die ihm am meisten zusagt.<\/p>\n<p>Mit einem Gesamtgewicht von nur 35 kg ist der SEABOB Scooter auch relativ leicht. Dies unterstreicht den sportlichen Charakter. Durch seine einfache Handhabung und einsteigerfreundliche Bedienung ist der F5 SR eine gute Wahl f\u00fcr alle, die Technik auf h\u00f6chstem Niveau erleben wollen!<\/p>\n<h3><img decoding=\"async\" class=\"alignleft wp-image-100835 size-thumbnail\" src=\"https:\/\/wave-lovers.com\/wp-content\/uploads\/2023\/07\/seabob-tech2-150x150.jpg\" alt=\"\" width=\"150\" height=\"150\" srcset=\"https:\/\/wave-lovers.com\/wp-content\/uploads\/2023\/07\/seabob-tech2-150x150.jpg 150w, https:\/\/wave-lovers.com\/wp-content\/uploads\/2023\/07\/seabob-tech2-300x300.jpg 300w, https:\/\/wave-lovers.com\/wp-content\/uploads\/2023\/07\/seabob-tech2-100x100.jpg 100w, https:\/\/wave-lovers.com\/wp-content\/uploads\/2023\/07\/seabob-tech2-32x32.jpg 32w, https:\/\/wave-lovers.com\/wp-content\/uploads\/2023\/07\/seabob-tech2.jpg 313w\" sizes=\"(max-width: 150px) 100vw, 150px\" \/>Auf dem neuesten Stand der Technik<\/h3>\n<p>Der leistungsstarke Elektroantrieb ist eine umweltfreundliche Innovation, die keine W\u00fcnsche offen l\u00e4sst. Seine hochwertigen Materialien spiegeln die hervorragende handwerkliche Verarbeitung wider.<\/p>\n<p>Durch den Einsatz modernster Technik erreicht der Unterwasserscooter eine unglaubliche Kraft bei au\u00dfergew\u00f6hnlichem Wirkungsgrad und kompakter Baugr\u00f6\u00dfe. Qualit\u00e4t bis ins kleinste Detail.<\/p>\n<h3><img decoding=\"async\" class=\"wp-image-100597 size-thumbnail alignleft\" src=\"https:\/\/wave-lovers.com\/wp-content\/uploads\/2022\/07\/seabob-display-150x150.jpg\" alt=\"\" width=\"150\" height=\"150\" srcset=\"https:\/\/wave-lovers.com\/wp-content\/uploads\/2022\/07\/seabob-display-150x150.jpg 150w, https:\/\/wave-lovers.com\/wp-content\/uploads\/2022\/07\/seabob-display-300x300.jpg 300w, https:\/\/wave-lovers.com\/wp-content\/uploads\/2022\/07\/seabob-display-1024x1024.jpg 1024w, https:\/\/wave-lovers.com\/wp-content\/uploads\/2022\/07\/seabob-display-768x768.jpg 768w, https:\/\/wave-lovers.com\/wp-content\/uploads\/2022\/07\/seabob-display-600x600.jpg 600w, https:\/\/wave-lovers.com\/wp-content\/uploads\/2022\/07\/seabob-display-100x100.jpg 100w, https:\/\/wave-lovers.com\/wp-content\/uploads\/2022\/07\/seabob-display-32x32.jpg 32w, https:\/\/wave-lovers.com\/wp-content\/uploads\/2022\/07\/seabob-display.jpg 1200w\" sizes=\"(max-width: 150px) 100vw, 150px\" \/>Detaillierte Status Updates<\/h3>\n<p>Das zentrale Cockpit liegt genau im Blickfeld des Fahrers. Alle wichtigen Informationen werden auf dem hellen tft-Farbdisplay angezeigt. Mit der Anzeige des Akkuladestandes behalten Sie den \u00dcberblick.<\/p>\n<p>Dar\u00fcber hinaus erh\u00e4lt der Fahrer aktuelle Informationen \u00fcber seine Tauchtiefe und Wassertemperatur. Auch die Programmierfunktionen k\u00f6nnen bequem \u00fcber das Display gesteuert werden.<\/p>\n<h3><img loading=\"lazy\" decoding=\"async\" class=\"alignleft wp-image-100838 size-thumbnail\" src=\"https:\/\/wave-lovers.com\/wp-content\/uploads\/2023\/07\/seabob-control2-150x150.jpg\" alt=\"\" width=\"150\" height=\"150\" srcset=\"https:\/\/wave-lovers.com\/wp-content\/uploads\/2023\/07\/seabob-control2-150x150.jpg 150w, https:\/\/wave-lovers.com\/wp-content\/uploads\/2023\/07\/seabob-control2-300x300.jpg 300w, https:\/\/wave-lovers.com\/wp-content\/uploads\/2023\/07\/seabob-control2-100x100.jpg 100w, https:\/\/wave-lovers.com\/wp-content\/uploads\/2023\/07\/seabob-control2-32x32.jpg 32w, https:\/\/wave-lovers.com\/wp-content\/uploads\/2023\/07\/seabob-control2.jpg 313w\" sizes=\"(max-width: 150px) 100vw, 150px\" \/>Intelligente Bedienung<\/h3>\n<p>Der Unterwasserscooter verk\u00f6rpert durch und durch die modernste Technik. Der Pilot steuert das Fahrzeug \u00fcber zwei intelligente Steuergriffe mit Piezo-Technologie.<\/p>\n<p>Ein leichter Druck auf den gr\u00fcnen Sensor beschleunigt in kraftvollen, l\u00fcckenlosen Stufen, bis die gew\u00fcnschte Geschwindigkeit erreicht ist. Ein Druck auf den roten Sensor hingegen verlangsamt den SEABOB durch Reduzierung der Schubkraft. Wenn die Situation ein sofortiges Anhalten erfordert, gen\u00fcgt es, den Abzug loszulassen.<\/p>\n<h3><img loading=\"lazy\" decoding=\"async\" class=\"wp-image-100811 size-thumbnail alignleft\" src=\"https:\/\/wave-lovers.com\/wp-content\/uploads\/2023\/07\/seabob-cam2-150x150.jpg\" alt=\"\" width=\"150\" height=\"150\" srcset=\"https:\/\/wave-lovers.com\/wp-content\/uploads\/2023\/07\/seabob-cam2-150x150.jpg 150w, https:\/\/wave-lovers.com\/wp-content\/uploads\/2023\/07\/seabob-cam2-300x300.jpg 300w, https:\/\/wave-lovers.com\/wp-content\/uploads\/2023\/07\/seabob-cam2-100x100.jpg 100w, https:\/\/wave-lovers.com\/wp-content\/uploads\/2023\/07\/seabob-cam2-32x32.jpg 32w, https:\/\/wave-lovers.com\/wp-content\/uploads\/2023\/07\/seabob-cam2.jpg 313w\" sizes=\"(max-width: 150px) 100vw, 150px\" \/>Optionales Kamerasystem<\/h3>\n<p>Auf Wunsch kann der SEABOB mit einem eingebauten Kamerasystem ausgestattet werden. Eine Full-HD-Kamera dient im Bug des Wasserfahrzeugs als Aufnahmesystem, welches die Umgebung filmt und alles auf Knopfdruck speichert. Eine weitere Full-HD-Kamera befindet sich im Informationsdisplay und dient als Action-Selfie-Cam, die den Piloten bei seinen Abenteuern zeigt.<\/p>\n<p>&nbsp;<\/p>\n<h2>SEABOB F5 SR Unterwasser Scooter - DETAILS<\/h2>\n<h2><\/h2>\n<div class=\"column mcb-column one column_column column-margin-30px\">\n<div class=\"column_attr clearfix align_left\">\n<table border=\"1\" width=\"100%\">\n<tbody>\n<tr>\n<th width=\"40%\"><\/th>\n<td width=\"20%\"><a href=\"https:\/\/wave-lovers.com\/de\/seabob-f5-unterwasser-scooter\/\">SEABOB F5<\/a><\/td>\n<td width=\"20%\"><a href=\"https:\/\/wave-lovers.com\/de\/seabob-f5-s-unterwasser-scooter\/\">SEABOB F5 S<\/a><\/td>\n<td width=\"20%\"><strong>SEABOB F5 SR<\/strong><\/td>\n<\/tr>\n<tr>\n<th width=\"40%\">Antrieb<\/th>\n<td width=\"20%\"><\/td>\n<td width=\"20%\"><\/td>\n<td width=\"20%\"><\/td>\n<\/tr>\n<tr>\n<th>Leistung bis zu<\/th>\n<td>2.5 kW<\/td>\n<td>4.0 kW<\/td>\n<td><strong>4.5 kW<\/strong><\/td>\n<\/tr>\n<tr>\n<th>Schubkraft bis zu<\/th>\n<td>480 N<\/td>\n<td>680 N<\/td>\n<td><strong>745 N<\/strong><\/td>\n<\/tr>\n<tr>\n<th>Leistungsstufen<\/th>\n<td>4<\/td>\n<td>6<\/td>\n<td><strong>7<\/strong><\/td>\n<\/tr>\n<tr>\n<th>Geschwindigkeit<\/th>\n<td><\/td>\n<td><\/td>\n<td><\/td>\n<\/tr>\n<tr>\n<th>\u00fcber dem Wasser bis zu<\/th>\n<td>14 km\/h<\/td>\n<td>20 km\/h<\/td>\n<td><strong>22 km\/h<\/strong><\/td>\n<\/tr>\n<tr>\n<th>Unterwasser bis zu<\/th>\n<td>13 km\/h<\/td>\n<td>18 km\/h<\/td>\n<td><strong>20 km\/h<\/strong><\/td>\n<\/tr>\n<\/tbody>\n<\/table>\n<\/div>\n<\/div>\n<div class=\"column mcb-column one column_column column-margin-30px\">\n<div class=\"column_attr clearfix align_left\">\n<div class=\"specs\">\n<h3>Akku<\/h3>\n<\/div>\n<table border=\"1\" width=\"100%\">\n<tbody>\n<tr>\n<th width=\"40%\">Betriebsdauer<\/th>\n<td width=\"20%\">\u2205 50 min<\/td>\n<td width=\"20%\">\u2205 60 min<\/td>\n<td width=\"20%\"><strong>\u2205 70 min<\/strong><\/td>\n<\/tr>\n<tr>\n<th>Ladezeiten<\/th>\n<td><\/td>\n<td><\/td>\n<td><\/td>\n<\/tr>\n<tr>\n<th>Standard-Ladung<\/th>\n<td>\u2205 8 h<\/td>\n<td>\u2205 7 h<\/td>\n<td><strong>\u2205 7 h<\/strong><\/td>\n<\/tr>\n<tr>\n<th>Schnellladung<\/th>\n<td>\u2205 1,5 h<\/td>\n<td>\u2205 1,5 h<\/td>\n<td><strong>\u2205 1,5 h<\/strong><\/td>\n<\/tr>\n<\/tbody>\n<\/table>\n<\/div>\n<\/div>\n<div class=\"column mcb-column one column_column column-margin-30px\">\n<div class=\"column_attr clearfix align_left\">\n<div class=\"specs\">\n<h3>Ma\u00dfe &amp; Gewicht<\/h3>\n<\/div>\n<table border=\"1\" width=\"100%\">\n<tbody>\n<tr>\n<th width=\"40%\">Ma\u00dfe L x B x H (in mm)<\/th>\n<td width=\"20%\">1.152 x 507 x 372<\/td>\n<td width=\"20%\">1.152 x 507 x 372<\/td>\n<td width=\"20%\"><strong>1.152 x 543 x 372<\/strong><\/td>\n<\/tr>\n<tr>\n<th>Gewicht<\/th>\n<td>approx. 29 kg<\/td>\n<td>approx. 34 kg<\/td>\n<td><strong>approx. 35 kg<\/strong><\/td>\n<\/tr>\n<tr>\n<th>Tauchgewicht im Wasser<\/th>\n<td>14 kg<\/td>\n<td>10 kg<\/td>\n<td><strong>10 kg<\/strong><\/td>\n<\/tr>\n<\/tbody>\n<\/table>\n<\/div>\n<\/div>\n<div class=\"column mcb-column one column_column column-margin-30px\">\n<div class=\"column_attr clearfix align_left\">\n<div class=\"specs\">\n<h3>Tauchtiefe<\/h3>\n<\/div>\n<table border=\"1\" width=\"100%\">\n<tbody>\n<tr>\n<th width=\"40%\">2.5 m (Sicherheitsstopp)<\/th>\n<td width=\"20%\">\u2713<\/td>\n<td width=\"20%\">\u2713<\/td>\n<td width=\"20%\"><strong>\u2713<\/strong><\/td>\n<\/tr>\n<tr>\n<th>max. 40 m (kann eingestellt werden)<\/th>\n<td>\u2713<\/td>\n<td>\u2713<\/td>\n<td><strong>\u2713<\/strong><\/td>\n<\/tr>\n<\/tbody>\n<\/table>\n<\/div>\n<\/div>\n<p>&nbsp;<\/p>\n<h2><\/h2>\n<div class=\"BorlabsCookie _brlbs-cb-default\"><div class=\"_brlbs-content-blocker\"> <div class=\"_brlbs-default\"> <p>Klicken Sie auf den unteren Button, um den Inhalt von seabob.com zu laden.<\/p> <p><a class=\"_brlbs-btn\" href=\"#\" data-borlabs-cookie-unblock role=\"button\">Inhalt laden<\/a><\/p> <\/div> <\/div><div class=\"borlabs-hide\" data-borlabs-cookie-type=\"content-blocker\" data-borlabs-cookie-id=\"default\"><script type=\"text\/template\">PHA+PGlmcmFtZSB0aXRsZT0iU0VBQk9CIEY1U1IgVmlkZW8iIHNyYz0iaHR0cHM6Ly9zZWFib2IuY29tL3dwLWNvbnRlbnQvdXBsb2Fkcy9BcXVhdGljLUh1bWFuLUlJLVNlYWJvYi1QbGFpbi5tcDQiIHdpZHRoPSIxMDgwIiBoZWlnaHQ9IjcyMCIgZnJhbWVib3JkZXI9IjAiIGFsbG93ZnVsbHNjcmVlbj0iYWxsb3dmdWxsc2NyZWVuIj48c3BhbiBzdHlsZT0iZGlzcGxheTogaW5saW5lLWJsb2NrOyB3aWR0aDogMHB4OyBvdmVyZmxvdzogaGlkZGVuOyBsaW5lLWhlaWdodDogMDsiIGRhdGEtbWNlLXR5cGU9ImJvb2ttYXJrIiBjbGFzcz0ibWNlX1NFTFJFU19zdGFydCI+77u\/PC9zcGFuPjwvaWZyYW1lPjwvcD4=<\/script><\/div><\/div>\n<p>&nbsp;<\/p>\n","protected":false},"excerpt":{"rendered":"<p>Der SEABOB F5 SR ist das <strong>leistungsst\u00e4rkste Ger\u00e4t aus der Produktlinie<\/strong> und besticht durch sein <strong>exklusives Design und verbesserte Effizienz<\/strong>.<\/p>\n","protected":false},"featured_media":100815,"comment_status":"open","ping_status":"closed","template":"","meta":{"_acf_changed":false,"_editorskit_title_hidden":false,"_editorskit_reading_time":0,"_editorskit_is_block_options_detached":false,"_editorskit_block_options_position":"{}","site-sidebar-layout":"default","site-content-layout":"default","ast-site-content-layout":"default","site-content-style":"default","site-sidebar-style":"default","ast-global-header-display":"","ast-banner-title-visibility":"","ast-main-header-display":"","ast-hfb-above-header-display":"","ast-hfb-below-header-display":"","ast-hfb-mobile-header-display":"","site-post-title":"","ast-breadcrumbs-content":"","ast-featured-img":"","footer-sml-layout":"","ast-disable-related-posts":"","theme-transparent-header-meta":"default","adv-header-id-meta":"","stick-header-meta":"","header-above-stick-meta":"","header-main-stick-meta":"","header-below-stick-meta":"","astra-migrate-meta-layouts":"set","ast-page-background-enabled":"default","ast-page-background-meta":{"desktop":{"background-color":"","background-image":"","background-repeat":"repeat","background-position":"center center","background-size":"auto","background-attachment":"scroll","background-type":"","background-media":"","overlay-type":"","overlay-color":"","overlay-opacity":"","overlay-gradient":""},"tablet":{"background-color":"","background-image":"","background-repeat":"repeat","background-position":"center center","background-size":"auto","background-attachment":"scroll","background-type":"","background-media":"","overlay-type":"","overlay-color":"","overlay-opacity":"","overlay-gradient":""},"mobile":{"background-color":"","background-image":"","background-repeat":"repeat","background-position":"center center","background-size":"auto","background-attachment":"scroll","background-type":"","background-media":"","overlay-type":"","overlay-color":"","overlay-opacity":"","overlay-gradient":""}},"ast-content-background-meta":{"desktop":{"background-color":"var(--ast-global-color-5)","background-image":"","background-repeat":"repeat","background-position":"center center","background-size":"auto","background-attachment":"scroll","background-type":"","background-media":"","overlay-type":"","overlay-color":"","overlay-opacity":"","overlay-gradient":""},"tablet":{"background-color":"var(--ast-global-color-5)","background-image":"","background-repeat":"repeat","background-position":"center center","background-size":"auto","background-attachment":"scroll","background-type":"","background-media":"","overlay-type":"","overlay-color":"","overlay-opacity":"","overlay-gradient":""},"mobile":{"background-color":"var(--ast-global-color-5)","background-image":"","background-repeat":"repeat","background-position":"center center","background-size":"auto","background-attachment":"scroll","background-type":"","background-media":"","overlay-type":"","overlay-color":"","overlay-opacity":"","overlay-gradient":""}},"_jf_save_progress":""},"product_brand":[],"product_cat":[60,111,19,121],"product_tag":[],"class_list":{"0":"post-101912","1":"product","2":"type-product","3":"status-publish","4":"has-post-thumbnail","6":"product_cat-buy","7":"product_cat-verkauf","8":"product_cat-underwater-scooter","9":"product_cat-unterwasser-scooter-de","10":"product_shipping_class-mg-de","11":"desktop-align-center","12":"tablet-align-center","13":"mobile-align-center","14":"ast-product-gallery-layout-horizontal","15":"ast-magnify-disabled","16":"ast-product-single-variable","17":"ast-product-tabs-layout-horizontal","19":"first","20":"instock","21":"taxable","22":"shipping-taxable","23":"purchasable","24":"product-type-variable"},"acf":[],"brizy_media":[],"_links":{"self":[{"href":"https:\/\/wave-lovers.com\/de\/wp-json\/wp\/v2\/product\/101912","targetHints":{"allow":["GET"]}}],"collection":[{"href":"https:\/\/wave-lovers.com\/de\/wp-json\/wp\/v2\/product"}],"about":[{"href":"https:\/\/wave-lovers.com\/de\/wp-json\/wp\/v2\/types\/product"}],"replies":[{"embeddable":true,"href":"https:\/\/wave-lovers.com\/de\/wp-json\/wp\/v2\/comments?post=101912"}],"wp:featuredmedia":[{"embeddable":true,"href":"https:\/\/wave-lovers.com\/de\/wp-json\/wp\/v2\/media\/100815"}],"wp:attachment":[{"href":"https:\/\/wave-lovers.com\/de\/wp-json\/wp\/v2\/media?parent=101912"}],"wp:term":[{"taxonomy":"product_brand","embeddable":true,"href":"https:\/\/wave-lovers.com\/de\/wp-json\/wp\/v2\/product_brand?post=101912"},{"taxonomy":"product_cat","embeddable":true,"href":"https:\/\/wave-lovers.com\/de\/wp-json\/wp\/v2\/product_cat?post=101912"},{"taxonomy":"product_tag","embeddable":true,"href":"https:\/\/wave-lovers.com\/de\/wp-json\/wp\/v2\/product_tag?post=101912"}],"curies":[{"name":"wp","href":"https:\/\/api.w.org\/{rel}","templated":true}]}}