{"id":101893,"date":"2023-07-06T18:35:51","date_gmt":"2023-07-06T16:35:51","guid":{"rendered":"https:\/\/wave-lovers.com\/seabob-f5-underwater-scooter\/"},"modified":"2024-03-11T15:31:25","modified_gmt":"2024-03-11T14:31:25","slug":"seabob-f5-unterwasser-scooter","status":"publish","type":"product","link":"https:\/\/wave-lovers.com\/de\/seabob-f5-unterwasser-scooter\/","title":{"rendered":"SEABOB F5 Unterwasser Scooter"},"content":{"rendered":"<h2>SEABOB F5 Unterwasser Scooter - INFORMATION<\/h2>\n<p><img decoding=\"async\" class=\"alignright wp-image-100665 size-thumbnail\" src=\"https:\/\/wave-lovers.com\/wp-content\/uploads\/2022\/07\/seabob-15-e1688654116868.jpg\" alt=\"\" width=\"150\" height=\"150\" srcset=\"https:\/\/wave-lovers.com\/wp-content\/uploads\/2022\/07\/seabob-15-e1688654116868.jpg 718w, https:\/\/wave-lovers.com\/wp-content\/uploads\/2022\/07\/seabob-15-e1688654116868-300x300.jpg 300w, https:\/\/wave-lovers.com\/wp-content\/uploads\/2022\/07\/seabob-15-e1688654116868-150x150.jpg 150w, https:\/\/wave-lovers.com\/wp-content\/uploads\/2022\/07\/seabob-15-e1688654116868-600x602.jpg 600w, https:\/\/wave-lovers.com\/wp-content\/uploads\/2022\/07\/seabob-15-e1688654116868-100x100.jpg 100w, https:\/\/wave-lovers.com\/wp-content\/uploads\/2022\/07\/seabob-15-e1688654116868-32x32.jpg 32w\" sizes=\"(max-width: 150px) 100vw, 150px\" \/><\/p>\n<p>Der SEABOB F5 ist das g\u00fcnstigste Modell der Reihe. Trotzdem ist gen\u00fcgend Leistung integriert, um viel Spa\u00df zu haben. Die breite Farbpalette und das robuste Material \u00fcberzeugen auch die sch\u00e4rfsten Kritiker.<\/p>\n<p>In punkto Wendigkeit hat der SEABOB F5 die Nase ganz weit vorn. Da die Geschwindigkeit geringer ist als bei seinen Schwestermodellen, kann man ganz bequem und kontrolliert dahin gleiten. Die vorhandenen 4 G\u00e4nge bieten gen\u00fcgend Abwechslung und sorgen f\u00fcr ein ausgewogenes Erlebnis.<\/p>\n<h3><img decoding=\"async\" class=\"alignleft wp-image-101941 size-thumbnail\" src=\"https:\/\/wave-lovers.com\/wp-content\/uploads\/2023\/07\/seabob-01-150x150.jpg\" alt=\"\" width=\"150\" height=\"150\" srcset=\"https:\/\/wave-lovers.com\/wp-content\/uploads\/2023\/07\/seabob-01-150x150.jpg 150w, https:\/\/wave-lovers.com\/wp-content\/uploads\/2023\/07\/seabob-01-100x100.jpg 100w, https:\/\/wave-lovers.com\/wp-content\/uploads\/2023\/07\/seabob-01-32x32.jpg 32w, https:\/\/wave-lovers.com\/wp-content\/uploads\/2023\/07\/seabob-01.jpg 206w\" sizes=\"(max-width: 150px) 100vw, 150px\" \/>Neueste Technologie<\/h3>\n<p>Der leistungsstarke Elektroantrieb ist eine umweltfreundliche Innovation, die keine W\u00fcnsche offen l\u00e4sst. Die hochwertigen Materialien spiegeln die hervorragende handwerkliche Verarbeitung wider.<\/p>\n<p>Durch den Einsatz modernster Technik erreicht der Unterwasserscooter eine unglaubliche Kraft bei au\u00dfergew\u00f6hnlichem Wirkungsgrad und kompakter Baugr\u00f6\u00dfe. Qualit\u00e4t bis ins kleinste Detail.<\/p>\n<h3><img decoding=\"async\" class=\"wp-image-101944 size-thumbnail alignleft\" src=\"https:\/\/wave-lovers.com\/wp-content\/uploads\/2023\/07\/seabob-02-150x150.jpg\" alt=\"\" width=\"150\" height=\"150\" srcset=\"https:\/\/wave-lovers.com\/wp-content\/uploads\/2023\/07\/seabob-02-150x150.jpg 150w, https:\/\/wave-lovers.com\/wp-content\/uploads\/2023\/07\/seabob-02-100x100.jpg 100w, https:\/\/wave-lovers.com\/wp-content\/uploads\/2023\/07\/seabob-02-32x32.jpg 32w, https:\/\/wave-lovers.com\/wp-content\/uploads\/2023\/07\/seabob-02.jpg 235w\" sizes=\"(max-width: 150px) 100vw, 150px\" \/>Handliches Display<\/h3>\n<p>Das zentrale Cockpit liegt genau im Blickfeld des Fahrers. Alle wichtigen Informationen werden auf dem hellen Farbdisplay angezeigt. Mit der Anzeige des Akkuladestandes behalten Sie den \u00dcberblick.<\/p>\n<p>Dar\u00fcber hinaus erh\u00e4lt der Fahrer aktuelle Informationen \u00fcber seine Tauchtiefe und Wassertemperatur. Auch die Programmierfunktionen k\u00f6nnen bequem \u00fcber das Display gesteuert werden.<\/p>\n<p>&nbsp;<\/p>\n<h3><img loading=\"lazy\" decoding=\"async\" class=\"alignleft wp-image-100866 size-thumbnail\" src=\"https:\/\/wave-lovers.com\/wp-content\/uploads\/2023\/07\/seabob-cam3-150x150.jpg\" alt=\"\" width=\"150\" height=\"150\" srcset=\"https:\/\/wave-lovers.com\/wp-content\/uploads\/2023\/07\/seabob-cam3-150x150.jpg 150w, https:\/\/wave-lovers.com\/wp-content\/uploads\/2023\/07\/seabob-cam3-300x300.jpg 300w, https:\/\/wave-lovers.com\/wp-content\/uploads\/2023\/07\/seabob-cam3-100x100.jpg 100w, https:\/\/wave-lovers.com\/wp-content\/uploads\/2023\/07\/seabob-cam3-32x32.jpg 32w, https:\/\/wave-lovers.com\/wp-content\/uploads\/2023\/07\/seabob-cam3.jpg 313w\" sizes=\"(max-width: 150px) 100vw, 150px\" \/>Optionales Kamerasystem<\/h3>\n<p>Auf Wunsch kann der SEABOB mit einem eingebauten Kamerasystem, bestehend aus zwei Objektiven, ausgestattet werden. Eine Full-HD-Kamera als Aufnahmesystem im Bug des Wasserfahrzeugs, die die Umgebung filmt und alles auf Knopfdruck speichert. Eine weitere Full-HD-Kamera befindet sich im Informationsdisplay und dient als Action-Selfie-Cam, die den Piloten bei seinen Abenteuern zeigt.<\/p>\n<p>&nbsp;<\/p>\n<h2>SEABOB F5 Unterwasser Scooter - DETAILS<\/h2>\n<h2><\/h2>\n<div class=\"column mcb-column one column_column column-margin-30px\">\n<div class=\"column_attr clearfix align_left\">\n<table border=\"1\" width=\"100%\">\n<tbody>\n<tr>\n<th width=\"40%\"><\/th>\n<td width=\"20%\"><strong>SEABOB F5<\/strong><\/td>\n<td width=\"20%\"><a href=\"https:\/\/wave-lovers.com\/de\/seabob-f5-s-unterwasser-scooter\/\">SEABOB F5 S<\/a><\/td>\n<td width=\"20%\"><a href=\"https:\/\/wave-lovers.com\/de\/seabob-f5-sr-unterwasser-scooter\/\">SEABOB F5 SR<\/a><\/td>\n<\/tr>\n<tr>\n<th width=\"40%\">Antrieb<\/th>\n<td width=\"20%\"><\/td>\n<td width=\"20%\"><\/td>\n<td width=\"20%\"><\/td>\n<\/tr>\n<tr>\n<th>Leistung bis zu<\/th>\n<td><strong>2.5 kW<\/strong><\/td>\n<td>4.0 kW<\/td>\n<td>4.5 kW<\/td>\n<\/tr>\n<tr>\n<th>Schubkraft bis zu<\/th>\n<td><strong>480 N<\/strong><\/td>\n<td>680 N<\/td>\n<td>745 N<\/td>\n<\/tr>\n<tr>\n<th>Leistungsstufen<\/th>\n<td><strong>4<\/strong><\/td>\n<td>6<\/td>\n<td>7<\/td>\n<\/tr>\n<tr>\n<th>Geschwindigkeit<\/th>\n<td><\/td>\n<td><\/td>\n<td><\/td>\n<\/tr>\n<tr>\n<th>\u00fcber dem Wasser bis zu<\/th>\n<td><strong>14 km\/h<\/strong><\/td>\n<td>20 km\/h<\/td>\n<td>22 km\/h<\/td>\n<\/tr>\n<tr>\n<th>Unterwasser bis zu<\/th>\n<td><strong>13 km\/h<\/strong><\/td>\n<td>18 km\/h<\/td>\n<td>20 km\/h<\/td>\n<\/tr>\n<\/tbody>\n<\/table>\n<\/div>\n<\/div>\n<div class=\"column mcb-column one column_column column-margin-30px\">\n<div class=\"column_attr clearfix align_left\">\n<div class=\"specs\">\n<h3>Akku<\/h3>\n<\/div>\n<table border=\"1\" width=\"100%\">\n<tbody>\n<tr>\n<th width=\"40%\">Betriebsdauer<\/th>\n<td width=\"20%\"><strong>\u2205 50 min<\/strong><\/td>\n<td width=\"20%\">\u2205 60 min<\/td>\n<td width=\"20%\">\u2205 70 min<\/td>\n<\/tr>\n<tr>\n<th>Ladezeiten<\/th>\n<td><\/td>\n<td><\/td>\n<td><\/td>\n<\/tr>\n<tr>\n<th>Standard-Ladung<\/th>\n<td><strong>\u2205 8 h<\/strong><\/td>\n<td>\u2205 7 h<\/td>\n<td>\u2205 7 h<\/td>\n<\/tr>\n<tr>\n<th>Schnellladung<\/th>\n<td><strong>\u2205 1,5 h<\/strong><\/td>\n<td>\u2205 1,5 h<\/td>\n<td>\u2205 1,5 h<\/td>\n<\/tr>\n<\/tbody>\n<\/table>\n<\/div>\n<\/div>\n<div class=\"column mcb-column one column_column column-margin-30px\">\n<div class=\"column_attr clearfix align_left\">\n<div class=\"specs\">\n<h3>Ma\u00dfe &amp; Gewicht<\/h3>\n<\/div>\n<table border=\"1\" width=\"100%\">\n<tbody>\n<tr>\n<th width=\"40%\">Ma\u00dfe L x B x H (in mm)<\/th>\n<td width=\"20%\"><strong>1.152 x 507 x 372<\/strong><\/td>\n<td width=\"20%\">1.152 x 507 x 372<\/td>\n<td width=\"20%\">1.152 x 543 x 372<\/td>\n<\/tr>\n<tr>\n<th>Gewicht<\/th>\n<td><strong>approx. 29 kg<\/strong><\/td>\n<td>approx. 34 kg<\/td>\n<td>approx. 35 kg<\/td>\n<\/tr>\n<tr>\n<th>Tauchgewicht im Wasser<\/th>\n<td><strong>14 kg<\/strong><\/td>\n<td>10 kg<\/td>\n<td>10 kg<\/td>\n<\/tr>\n<\/tbody>\n<\/table>\n<\/div>\n<\/div>\n<div class=\"column mcb-column one column_column column-margin-30px\">\n<div class=\"column_attr clearfix align_left\">\n<div class=\"specs\">\n<h3>Tauchtiefe<\/h3>\n<\/div>\n<table border=\"1\" width=\"100%\">\n<tbody>\n<tr>\n<th width=\"40%\">2.5 m (Sicherheitsstopp)<\/th>\n<td width=\"20%\"><strong>\u2713<\/strong><\/td>\n<td width=\"20%\">\u2713<\/td>\n<td width=\"20%\">\u2713<\/td>\n<\/tr>\n<tr>\n<th>max. 40 m (kann eingestellt werden)<\/th>\n<td><strong>\u2713<\/strong><\/td>\n<td>\u2713<\/td>\n<td>\u2713<\/td>\n<\/tr>\n<\/tbody>\n<\/table>\n<\/div>\n<\/div>\n","protected":false},"excerpt":{"rendered":"<p>Der SEABOB F5 ist das g\u00fcnstigste Modell der Reihe. Trotzdem hat er genug Fahrleistung, um sehr viel Fahrspa\u00df zu bieten.<\/p>\n","protected":false},"featured_media":100748,"comment_status":"open","ping_status":"closed","template":"","meta":{"_acf_changed":false,"_editorskit_title_hidden":false,"_editorskit_reading_time":0,"_editorskit_is_block_options_detached":false,"_editorskit_block_options_position":"{}","site-sidebar-layout":"default","site-content-layout":"default","ast-site-content-layout":"default","site-content-style":"default","site-sidebar-style":"default","ast-global-header-display":"","ast-banner-title-visibility":"","ast-main-header-display":"","ast-hfb-above-header-display":"","ast-hfb-below-header-display":"","ast-hfb-mobile-header-display":"","site-post-title":"","ast-breadcrumbs-content":"","ast-featured-img":"","footer-sml-layout":"","ast-disable-related-posts":"","theme-transparent-header-meta":"default","adv-header-id-meta":"","stick-header-meta":"","header-above-stick-meta":"","header-main-stick-meta":"","header-below-stick-meta":"","astra-migrate-meta-layouts":"set","ast-page-background-enabled":"default","ast-page-background-meta":{"desktop":{"background-color":"","background-image":"","background-repeat":"repeat","background-position":"center center","background-size":"auto","background-attachment":"scroll","background-type":"","background-media":"","overlay-type":"","overlay-color":"","overlay-opacity":"","overlay-gradient":""},"tablet":{"background-color":"","background-image":"","background-repeat":"repeat","background-position":"center center","background-size":"auto","background-attachment":"scroll","background-type":"","background-media":"","overlay-type":"","overlay-color":"","overlay-opacity":"","overlay-gradient":""},"mobile":{"background-color":"","background-image":"","background-repeat":"repeat","background-position":"center center","background-size":"auto","background-attachment":"scroll","background-type":"","background-media":"","overlay-type":"","overlay-color":"","overlay-opacity":"","overlay-gradient":""}},"ast-content-background-meta":{"desktop":{"background-color":"var(--ast-global-color-5)","background-image":"","background-repeat":"repeat","background-position":"center center","background-size":"auto","background-attachment":"scroll","background-type":"","background-media":"","overlay-type":"","overlay-color":"","overlay-opacity":"","overlay-gradient":""},"tablet":{"background-color":"var(--ast-global-color-5)","background-image":"","background-repeat":"repeat","background-position":"center center","background-size":"auto","background-attachment":"scroll","background-type":"","background-media":"","overlay-type":"","overlay-color":"","overlay-opacity":"","overlay-gradient":""},"mobile":{"background-color":"var(--ast-global-color-5)","background-image":"","background-repeat":"repeat","background-position":"center center","background-size":"auto","background-attachment":"scroll","background-type":"","background-media":"","overlay-type":"","overlay-color":"","overlay-opacity":"","overlay-gradient":""}},"_jf_save_progress":""},"product_brand":[],"product_cat":[60,111,19,121],"product_tag":[],"class_list":{"0":"post-101893","1":"product","2":"type-product","3":"status-publish","4":"has-post-thumbnail","6":"product_cat-buy","7":"product_cat-verkauf","8":"product_cat-underwater-scooter","9":"product_cat-unterwasser-scooter-de","10":"product_shipping_class-mg-de","11":"desktop-align-center","12":"tablet-align-center","13":"mobile-align-center","14":"ast-product-gallery-layout-horizontal","15":"ast-magnify-disabled","16":"ast-product-single-variable","17":"ast-product-tabs-layout-horizontal","19":"first","20":"instock","21":"taxable","22":"shipping-taxable","23":"purchasable","24":"product-type-variable"},"acf":[],"brizy_media":[],"_links":{"self":[{"href":"https:\/\/wave-lovers.com\/de\/wp-json\/wp\/v2\/product\/101893","targetHints":{"allow":["GET"]}}],"collection":[{"href":"https:\/\/wave-lovers.com\/de\/wp-json\/wp\/v2\/product"}],"about":[{"href":"https:\/\/wave-lovers.com\/de\/wp-json\/wp\/v2\/types\/product"}],"replies":[{"embeddable":true,"href":"https:\/\/wave-lovers.com\/de\/wp-json\/wp\/v2\/comments?post=101893"}],"wp:featuredmedia":[{"embeddable":true,"href":"https:\/\/wave-lovers.com\/de\/wp-json\/wp\/v2\/media\/100748"}],"wp:attachment":[{"href":"https:\/\/wave-lovers.com\/de\/wp-json\/wp\/v2\/media?parent=101893"}],"wp:term":[{"taxonomy":"product_brand","embeddable":true,"href":"https:\/\/wave-lovers.com\/de\/wp-json\/wp\/v2\/product_brand?post=101893"},{"taxonomy":"product_cat","embeddable":true,"href":"https:\/\/wave-lovers.com\/de\/wp-json\/wp\/v2\/product_cat?post=101893"},{"taxonomy":"product_tag","embeddable":true,"href":"https:\/\/wave-lovers.com\/de\/wp-json\/wp\/v2\/product_tag?post=101893"}],"curies":[{"name":"wp","href":"https:\/\/api.w.org\/{rel}","templated":true}]}}