{"id":101874,"date":"2022-07-21T16:08:19","date_gmt":"2022-07-21T14:08:19","guid":{"rendered":"https:\/\/wave-lovers.com\/seabob-f5-s-underwater-scooter\/"},"modified":"2024-03-11T15:31:24","modified_gmt":"2024-03-11T14:31:24","slug":"seabob-f5-s-unterwasser-scooter","status":"publish","type":"product","link":"https:\/\/wave-lovers.com\/de\/seabob-f5-s-unterwasser-scooter\/","title":{"rendered":"SEABOB F5 S Unterwasser Scooter"},"content":{"rendered":"<h2>SEABOB F5 S Unterwasser Scooter - INFORMATION<\/h2>\n<p><img decoding=\"async\" class=\"alignright wp-image-73362 size-thumbnail\" src=\"https:\/\/wave-lovers.com\/wp-content\/uploads\/2022\/07\/couple-diving-with-the-SEABOB-F5S-in-the-sea-e1688638972150.jpg\" alt=\"Couple diving with the SEABOB F5S in the sea\" width=\"150\" height=\"150\" srcset=\"https:\/\/wave-lovers.com\/wp-content\/uploads\/2022\/07\/couple-diving-with-the-SEABOB-F5S-in-the-sea-e1688638972150.jpg 801w, https:\/\/wave-lovers.com\/wp-content\/uploads\/2022\/07\/couple-diving-with-the-SEABOB-F5S-in-the-sea-e1688638972150-300x300.jpg 300w, https:\/\/wave-lovers.com\/wp-content\/uploads\/2022\/07\/couple-diving-with-the-SEABOB-F5S-in-the-sea-e1688638972150-150x150.jpg 150w, https:\/\/wave-lovers.com\/wp-content\/uploads\/2022\/07\/couple-diving-with-the-SEABOB-F5S-in-the-sea-e1688638972150-768x767.jpg 768w, https:\/\/wave-lovers.com\/wp-content\/uploads\/2022\/07\/couple-diving-with-the-SEABOB-F5S-in-the-sea-e1688638972150-600x599.jpg 600w, https:\/\/wave-lovers.com\/wp-content\/uploads\/2022\/07\/couple-diving-with-the-SEABOB-F5S-in-the-sea-e1688638972150-100x100.jpg 100w, https:\/\/wave-lovers.com\/wp-content\/uploads\/2022\/07\/couple-diving-with-the-SEABOB-F5S-in-the-sea-e1688638972150-32x32.jpg 32w\" sizes=\"(max-width: 150px) 100vw, 150px\" \/><\/p>\n<p>Der SEABOB F5 S liegt im Mittelfeld der Produktpalette und bietet somit einen Spagat in Bezug auf Leistung, Gewicht, Laufzeit und nat\u00fcrlich dem Preis. Von der Leistung her liegt der Tauchscooter allerdings im oberen Bereich, da er nur geringf\u00fcgig langsamer ist als das Topmodell (<a href=\"https:\/\/wave-lovers.com\/de\/seabob-f5-sr-unterwasser-scooter\/\">SEABOB F5 SR<\/a>). Ungez\u00fcgelt und intensiv. Ein absolutes Hochleistungsfahrzeug.<\/p>\n<p>Mit einem Gesamtgewicht von nur 34 kg verf\u00fcgt er \u00fcber au\u00dfergew\u00f6hnlich gute Fahreigenschaften. Das E-Jet Power System kann in 6 G\u00e4ngen betrieben werden, um den gew\u00fcnschten Fahrstil zu gew\u00e4hrleisten. Der sportliche Charakter besticht durch seine au\u00dfergew\u00f6hnliche Dynamik und das luxuri\u00f6se Erscheinungsbild wird durch die umfangreiche Farbpalette unterstrichen.<\/p>\n<p>Ob Einsteiger oder erfahrener Unterwasserscooter-Fahrer, der SEABOB F5 S ist eine gute Wahl f\u00fcr alle, die einen leistungsstarken und schnellen Unterwasserscooter suchen, der trotzdem leicht und einfach handzuhaben ist.<\/p>\n<h3><img decoding=\"async\" class=\"wp-image-100594 size-thumbnail alignleft\" src=\"https:\/\/wave-lovers.com\/wp-content\/uploads\/2022\/07\/seabob-tech-2-150x150.jpg\" alt=\"Seabob rear view zoomed in\" width=\"150\" height=\"150\" srcset=\"https:\/\/wave-lovers.com\/wp-content\/uploads\/2022\/07\/seabob-tech-2-150x150.jpg 150w, https:\/\/wave-lovers.com\/wp-content\/uploads\/2022\/07\/seabob-tech-2-300x300.jpg 300w, https:\/\/wave-lovers.com\/wp-content\/uploads\/2022\/07\/seabob-tech-2-1024x1024.jpg 1024w, https:\/\/wave-lovers.com\/wp-content\/uploads\/2022\/07\/seabob-tech-2-768x768.jpg 768w, https:\/\/wave-lovers.com\/wp-content\/uploads\/2022\/07\/seabob-tech-2-600x600.jpg 600w, https:\/\/wave-lovers.com\/wp-content\/uploads\/2022\/07\/seabob-tech-2-100x100.jpg 100w, https:\/\/wave-lovers.com\/wp-content\/uploads\/2022\/07\/seabob-tech-2-32x32.jpg 32w, https:\/\/wave-lovers.com\/wp-content\/uploads\/2022\/07\/seabob-tech-2.jpg 1200w\" sizes=\"(max-width: 150px) 100vw, 150px\" \/>Fortgeschrittene Technologie<\/h3>\n<p>Der leistungsstarke Elektroantrieb ist eine umweltfreundliche Innovation, die keine W\u00fcnsche offen l\u00e4sst. Die hochwertigen Materialien spiegeln die hervorragende handwerkliche Verarbeitung wider.<\/p>\n<p>Durch den Einsatz modernster Technik erreicht der Unterwasserscooter eine unglaubliche Kraft bei au\u00dfergew\u00f6hnlichem Wirkungsgrad und kompakter Baugr\u00f6\u00dfe. Qualit\u00e4t bis ins kleinste Detail.<\/p>\n<h3><img decoding=\"async\" class=\"wp-image-100597 size-thumbnail alignleft\" src=\"https:\/\/wave-lovers.com\/wp-content\/uploads\/2022\/07\/seabob-display-150x150.jpg\" alt=\"\" width=\"150\" height=\"150\" srcset=\"https:\/\/wave-lovers.com\/wp-content\/uploads\/2022\/07\/seabob-display-150x150.jpg 150w, https:\/\/wave-lovers.com\/wp-content\/uploads\/2022\/07\/seabob-display-300x300.jpg 300w, https:\/\/wave-lovers.com\/wp-content\/uploads\/2022\/07\/seabob-display-1024x1024.jpg 1024w, https:\/\/wave-lovers.com\/wp-content\/uploads\/2022\/07\/seabob-display-768x768.jpg 768w, https:\/\/wave-lovers.com\/wp-content\/uploads\/2022\/07\/seabob-display-600x600.jpg 600w, https:\/\/wave-lovers.com\/wp-content\/uploads\/2022\/07\/seabob-display-100x100.jpg 100w, https:\/\/wave-lovers.com\/wp-content\/uploads\/2022\/07\/seabob-display-32x32.jpg 32w, https:\/\/wave-lovers.com\/wp-content\/uploads\/2022\/07\/seabob-display.jpg 1200w\" sizes=\"(max-width: 150px) 100vw, 150px\" \/>Klare Sicht &amp; Perfekte Kontrolle<\/h3>\n<p>Das zentrale Cockpit liegt genau im Blickfeld des Fahrers. Alle wichtigen Informationen werden auf dem hellen TFT-Farbdisplay angezeigt. Mit der Anzeige des Akkuladestandes behalten Sie den \u00dcberblick.<\/p>\n<p>Dar\u00fcber hinaus erh\u00e4lt der Fahrer aktuelle Informationen \u00fcber seine Tauchtiefe und Wassertemperatur. Auch die Programmierfunktionen k\u00f6nnen bequem \u00fcber das Display gesteuert werden.<\/p>\n<h3><img loading=\"lazy\" decoding=\"async\" class=\"alignleft wp-image-100600 size-thumbnail\" src=\"https:\/\/wave-lovers.com\/wp-content\/uploads\/2022\/07\/seabob-control-150x150.jpg\" alt=\"\" width=\"150\" height=\"150\" srcset=\"https:\/\/wave-lovers.com\/wp-content\/uploads\/2022\/07\/seabob-control-150x150.jpg 150w, https:\/\/wave-lovers.com\/wp-content\/uploads\/2022\/07\/seabob-control-300x300.jpg 300w, https:\/\/wave-lovers.com\/wp-content\/uploads\/2022\/07\/seabob-control-1024x1024.jpg 1024w, https:\/\/wave-lovers.com\/wp-content\/uploads\/2022\/07\/seabob-control-768x768.jpg 768w, https:\/\/wave-lovers.com\/wp-content\/uploads\/2022\/07\/seabob-control-600x600.jpg 600w, https:\/\/wave-lovers.com\/wp-content\/uploads\/2022\/07\/seabob-control-100x100.jpg 100w, https:\/\/wave-lovers.com\/wp-content\/uploads\/2022\/07\/seabob-control-32x32.jpg 32w, https:\/\/wave-lovers.com\/wp-content\/uploads\/2022\/07\/seabob-control.jpg 1200w\" sizes=\"(max-width: 150px) 100vw, 150px\" \/>Intelligente Bedienungsgriffe<\/h3>\n<p>Der Unterwasserscooter verk\u00f6rpert durch und durch modernste Technik. Der Pilot steuert das Fahrzeug \u00fcber zwei intelligente Griffe mit Piezo-Technologie.<\/p>\n<p>Ein leichter Druck auf den gr\u00fcnen Sensor beschleunigt in l\u00fcckenlosen Stufen, bis die gew\u00fcnschte Geschwindigkeit erreicht ist. Ein Druck auf den roten Sensor verlangsamt durch Reduzierung der Schubkraft. Wenn die Situation ein sofortiges Anhalten erfordert, gen\u00fcgt es, den Abzug loszulassen.<\/p>\n<h3><img loading=\"lazy\" decoding=\"async\" class=\"wp-image-100623 size-thumbnail alignleft\" src=\"https:\/\/wave-lovers.com\/wp-content\/uploads\/2022\/07\/seabob-cam-150x150.jpg\" alt=\"\" width=\"150\" height=\"150\" srcset=\"https:\/\/wave-lovers.com\/wp-content\/uploads\/2022\/07\/seabob-cam-150x150.jpg 150w, https:\/\/wave-lovers.com\/wp-content\/uploads\/2022\/07\/seabob-cam-300x300.jpg 300w, https:\/\/wave-lovers.com\/wp-content\/uploads\/2022\/07\/seabob-cam-768x768.jpg 768w, https:\/\/wave-lovers.com\/wp-content\/uploads\/2022\/07\/seabob-cam-600x600.jpg 600w, https:\/\/wave-lovers.com\/wp-content\/uploads\/2022\/07\/seabob-cam-100x100.jpg 100w, https:\/\/wave-lovers.com\/wp-content\/uploads\/2022\/07\/seabob-cam-32x32.jpg 32w, https:\/\/wave-lovers.com\/wp-content\/uploads\/2022\/07\/seabob-cam.jpg 1000w\" sizes=\"(max-width: 150px) 100vw, 150px\" \/>Optionales Kamerasystem<\/h3>\n<p>Auf Wunsch kann der SEABOB mit einem eingebauten Kamerasystem ausgestattet werden, dass eine Front- und Selfie-Kamera umfasst. Eine Full-HD-Kamera befindet sich im Bug des Wasserfahrzeugs, um die Umgebung zu filmen und auf Knopfdruck alles speichert. Eine weitere Full-HD-Kamera befindet sich im Informationsdisplay und dient als Action-Selfie-Cam, die den Piloten bei seinen Abenteuern zeigt.<\/p>\n<h2>SEABOB F5 S Unterwasser Scooter - DETAILS<\/h2>\n<div class=\"column mcb-column one column_column column-margin-30px\">\n<div class=\"column_attr clearfix align_left\">\n<table border=\"1\" width=\"100%\">\n<tbody>\n<tr style=\"height: 41px;\">\n<th style=\"color: #c0c0c0; border-bottom: 1px solid #c9c9c9 !important; padding-top: 20px; height: 41px;\" width=\"40%\"><\/th>\n<td style=\"border-bottom: 1px solid #c9c9c9 !important; height: 41px;\" width=\"20%\"><a href=\"https:\/\/wave-lovers.com\/de\/seabob-f5-unterwasser-scooter\/\">SEABOB F5<\/a><\/td>\n<td style=\"border-bottom: 1px solid #c9c9c9 !important; height: 41px;\" width=\"20%\"><strong>SEABOB F5 S<\/strong><\/td>\n<td style=\"border-bottom: 1px solid #c9c9c9 !important; height: 41px;\" width=\"20%\"><a href=\"https:\/\/wave-lovers.com\/de\/seabob-f5-sr-unterwasser-scooter\/\">SEABOB F5 SR<\/a><\/td>\n<\/tr>\n<tr style=\"height: 41px;\">\n<th style=\"color: #c0c0c0; border-bottom: 1px solid #c9c9c9 !important; padding-top: 20px; height: 41px;\" width=\"40%\">Antrieb<\/th>\n<td style=\"border-bottom: 1px solid #c9c9c9 !important; height: 41px;\" width=\"20%\"><\/td>\n<td style=\"border-bottom: 1px solid #c9c9c9 !important; height: 41px;\" width=\"20%\"><\/td>\n<td style=\"border-bottom: 1px solid #c9c9c9 !important; height: 41px;\" width=\"20%\"><\/td>\n<\/tr>\n<tr style=\"height: 21px;\">\n<th style=\"height: 21px;\">Leistung bis zu<\/th>\n<td style=\"height: 21px;\">2.5 kW<\/td>\n<td style=\"height: 21px;\"><strong>4.0 kW<\/strong><\/td>\n<td style=\"height: 21px;\">4.5 kW<\/td>\n<\/tr>\n<tr style=\"height: 21px;\">\n<th style=\"height: 21px;\">Schubkraft bis zu<\/th>\n<td style=\"height: 21px;\">480 N<\/td>\n<td style=\"height: 21px;\"><strong>680 N<\/strong><\/td>\n<td style=\"height: 21px;\">745 N<\/td>\n<\/tr>\n<tr style=\"height: 21px;\">\n<th style=\"height: 21px;\">Leistungsstufen<\/th>\n<td style=\"height: 21px;\">4<\/td>\n<td style=\"height: 21px;\"><strong>6<\/strong><\/td>\n<td style=\"height: 21px;\">7<\/td>\n<\/tr>\n<tr style=\"height: 41.3833px;\">\n<th style=\"color: #c0c0c0; border-bottom: 1px solid #c9c9c9 !important; padding-top: 20px; height: 41.3833px;\">Geschwindigkeit<\/th>\n<td style=\"border-bottom: 1px solid #c9c9c9 !important; height: 41.3833px;\"><\/td>\n<td style=\"border-bottom: 1px solid #c9c9c9 !important; height: 41.3833px;\"><\/td>\n<td style=\"border-bottom: 1px solid #c9c9c9 !important; height: 41.3833px;\"><\/td>\n<\/tr>\n<tr style=\"height: 21px;\">\n<th style=\"height: 21px;\">\u00fcber dem Wasser bis zu<\/th>\n<td style=\"height: 21px;\">14 km\/h<\/td>\n<td style=\"height: 21px;\"><strong>20 km\/h<\/strong><\/td>\n<td style=\"height: 21px;\">22 km\/h<\/td>\n<\/tr>\n<tr style=\"height: 21px;\">\n<th style=\"height: 21px;\">Unterwasser bis zu<\/th>\n<td style=\"height: 21px;\">13 km\/h<\/td>\n<td style=\"height: 21px;\"><strong>18 km\/h<\/strong><\/td>\n<td style=\"height: 21px;\">20 km\/h<\/td>\n<\/tr>\n<\/tbody>\n<\/table>\n<\/div>\n<\/div>\n<div class=\"column mcb-column one column_column column-margin-30px\">\n<div class=\"column_attr clearfix align_left\">\n<div class=\"specs\">\n<h3>Akku<\/h3>\n<\/div>\n<table border=\"1\" width=\"100%\">\n<tbody>\n<tr>\n<th style=\"padding-top: 20px;\" width=\"40%\">Betriebsdauer<\/th>\n<td style=\"padding-top: 20px;\" width=\"20%\">\u2205 50 min<\/td>\n<td style=\"padding-top: 20px;\" width=\"20%\"><strong>\u2205 60 min<\/strong><\/td>\n<td style=\"padding-top: 20px;\" width=\"20%\">\u2205 70 min<\/td>\n<\/tr>\n<tr>\n<th style=\"color: #c0c0c0; border-bottom: 1px #c9c9c9 solid !important; padding-top: 20px;\">Ladezeiten<\/th>\n<td style=\"border-bottom: 1px #c9c9c9 solid !important;\"><\/td>\n<td style=\"border-bottom: 1px #c9c9c9 solid !important;\"><\/td>\n<td style=\"border-bottom: 1px #c9c9c9 solid !important;\"><\/td>\n<\/tr>\n<tr>\n<th>Standard-Ladung<\/th>\n<td>\u2205 8 h<\/td>\n<td><strong>\u2205 7 h<\/strong><\/td>\n<td>\u2205 7 h<\/td>\n<\/tr>\n<tr>\n<th>Schnellladung<\/th>\n<td>\u2205 1,5 h<\/td>\n<td><strong>\u2205 1,5 h<\/strong><\/td>\n<td>\u2205 1,5 h<\/td>\n<\/tr>\n<\/tbody>\n<\/table>\n<\/div>\n<\/div>\n<div class=\"column mcb-column one column_column column-margin-30px\">\n<div class=\"column_attr clearfix align_left\">\n<div class=\"specs\">\n<h3>Ma\u00dfe &amp; Gewicht<\/h3>\n<\/div>\n<table border=\"1\" width=\"100%\">\n<tbody>\n<tr>\n<th style=\"padding-top: 20px;\" width=\"40%\">Ma\u00dfe L x B x H (in mm)<\/th>\n<td style=\"padding-top: 20px;\" width=\"20%\">1.152 x 507 x 372<\/td>\n<td style=\"padding-top: 20px;\" width=\"20%\"><strong>1.152 x 507 x 372<\/strong><\/td>\n<td style=\"padding-top: 20px;\" width=\"20%\">1.152 x 543 x 372<\/td>\n<\/tr>\n<tr>\n<th>Gewicht<\/th>\n<td>approx. 29 kg<\/td>\n<td><strong>approx. 34 kg<\/strong><\/td>\n<td>approx. 35 kg<\/td>\n<\/tr>\n<tr>\n<th>Tauchgewicht im Wasser<\/th>\n<td>14 kg<\/td>\n<td><strong>10 kg<\/strong><\/td>\n<td>10 kg<\/td>\n<\/tr>\n<\/tbody>\n<\/table>\n<\/div>\n<\/div>\n<div class=\"column mcb-column one column_column column-margin-30px\">\n<div class=\"column_attr clearfix align_left\">\n<div class=\"specs\">\n<h3>Tauchtiefe<\/h3>\n<\/div>\n<table border=\"1\" width=\"100%\">\n<tbody>\n<tr>\n<th style=\"padding-top: 20px;\" width=\"40%\">2.5 m (Sicherheitsstopp)<\/th>\n<td style=\"padding-top: 20px;\" width=\"20%\">\u2713<\/td>\n<td style=\"padding-top: 20px;\" width=\"20%\"><strong>\u2713<\/strong><\/td>\n<td style=\"padding-top: 20px;\" width=\"20%\">\u2713<\/td>\n<\/tr>\n<tr>\n<th>max. 40 m (kann eingestellt werden)<\/th>\n<td>\u2713<\/td>\n<td><strong>\u2713<\/strong><\/td>\n<td>\u2713<\/td>\n<\/tr>\n<\/tbody>\n<\/table>\n<\/div>\n<\/div>\n<p>&nbsp;<\/p>\n<h2 style=\"text-align: center;\">Warum sollte ich den SEABOB F5 S kaufen?<\/h2>\n<p>Der SEABOB F5 S wurde sowohl f\u00fcr den Einsatz im Salz- als auch im S\u00fc\u00dfwasser entwickelt und erreicht eine Geschwindigkeit von bis zu 20 km\/h. Er bietet eine gro\u00dfartige M\u00f6glichkeit, sich Unterwasser zu bewegen, w\u00e4hrend man die Natur genie\u00dft. Er ist auch perfekt f\u00fcr diejenigen, die die Unterwasserwelt erkunden wollen, ohne eine sperrige Tauchausr\u00fcstung tragen zu m\u00fcssen.<\/p>\n<p>Hier sind <strong>10 gute Gr\u00fcnde f\u00fcr den Kauf eines SEABOB F5 S<\/strong> und warum der SEABOB F5 S einer der besten Unterwasser-Scooter auf dem Markt ist:<\/p>\n<ol>\n<li>Er ist schnell. Mit einer H\u00f6chstgeschwindigkeit von 20 km\/h ist der SEABOB F5 S einer der schnellsten Wassersportfahrzeuge auf dem Markt.<\/li>\n<li>Der SEABOB F5 S ist unglaublich leistungsstark und eignet sich daher perfekt f\u00fcr Erwachsene und Kinder gleicherma\u00dfen.<\/li>\n<li>Er ist vielseitig und kann sowohl im Salz- als auch im S\u00fc\u00dfwasser eingesetzt werden, was ihn zu einer guten Wahl f\u00fcr alle macht, die verschiedene Unterwasserumgebungen erkunden m\u00f6chten.<\/li>\n<li>Er ist sehr einfach zu bedienen. Im Gegensatz zu anderen Wasserspielzeugen auch f\u00fcr diejenigen, die noch nie gefahren sind.<\/li>\n<li>Er ist umweltfreundlich. Der Elektromotor des SEABOB ist nicht nur leistungsstark, sondern auch effizient. Es entstehen keine sch\u00e4dlichen Emissionen, was ihn zu einer guten Wahl f\u00fcr alle macht, die die Umwelt so wenig wie m\u00f6glich belasten wollen.<\/li>\n<li>Das einzigartige und ergonomische Design des SEABOB F5 S macht ihn extrem stabil im Wasser, so dass Sie Ihre Zeit unbesorgt genie\u00dfen k\u00f6nnen.<\/li>\n<li>Die Verarbeitungsqualit\u00e4t ist hervorragend, so dass er jahrelangem Gebrauch ohne Probleme standhalten wird.<\/li>\n<li>Er macht Spa\u00df! Egal, ob Sie ihn zum Trainieren oder zum Erkunden der Unterwasserwelt benutzen, dieser Wasserscooter ist eine gro\u00dfartige M\u00f6glichkeit, wundervolle Erlebnisse im Wasser zu erfahren.<\/li>\n<li>Der SEABOB F5 S ist leicht und tragbar. Mit nur 34 kg ist er eines der leichtesten Unterwasserfahrzeuge auf dem Markt. Durch seine kompakte Gr\u00f6\u00dfe ist er leicht zu transportieren und zu verstauen. Perfekt f\u00fcr alle, die ihre Unterwasserabenteuer \u00fcberallhin mitnehmen wollen.<\/li>\n<li>Und zu guter Letzt ist der Preis des SEABOB F5 S \u00e4u\u00dferst wettbewerbsf\u00e4hig, was sich im hervorragenden Preis-Leistungs-Verh\u00e4ltnis widerspiegelt.<\/li>\n<\/ol>\n<p style=\"text-align: center;\"><strong>Wenn Sie auf der Suche nach einem au\u00dfergew\u00f6hnlichen Wasserspielzeug sind, das Ihnen stundenlangen Spa\u00df beim Entdecken der Unterwasserwelt zum besten Preis bietet, dann ist der SEABOB F5 S die perfekte Wahl!<\/strong><\/p>\n<div class=\"BorlabsCookie _brlbs-cb-youtube\"><div class=\"_brlbs-content-blocker\"> <div class=\"_brlbs-embed _brlbs-video-youtube\"> <img class=\"_brlbs-thumbnail\" src=\"https:\/\/wave-lovers.com\/wp-content\/plugins\/borlabs-cookie\/assets\/images\/cb-no-thumbnail.png\" alt=\"YouTube\"> <div class=\"_brlbs-caption\"> <p>Mit dem Laden des Videos akzeptieren Sie die Datenschutzerkl\u00e4rung von YouTube.<br><a href=\"https:\/\/policies.google.com\/privacy\" target=\"_blank\" rel=\"nofollow noopener noreferrer\">Mehr erfahren<\/a><\/p> <p><a class=\"_brlbs-btn _brlbs-icon-play-white\" href=\"#\" data-borlabs-cookie-unblock role=\"button\">Video laden<\/a><\/p> <p><label><input type=\"checkbox\" name=\"unblockAll\" value=\"1\" checked> <small>YouTube immer entsperren<\/small><\/label><\/p> <\/div> <\/div> <\/div><div class=\"borlabs-hide\" data-borlabs-cookie-type=\"content-blocker\" data-borlabs-cookie-id=\"youtube\"><script type=\"text\/template\">PHA+PGlmcmFtZSB0aXRsZT0iU0VBQk9CIEY1UyBWaWRlbyIgc3JjPSJodHRwczovL3d3dy55b3V0dWJlLW5vY29va2llLmNvbS9lbWJlZC9xQUZ4LWh4bWE4RT92cT1oZDEwODAmYW1wO21vZGVzdGJyYW5kaW5nPTEmYW1wO3JlbD0wJmFtcDtpdl9sb2FkX3BvbGljeT0zIiB3aWR0aD0iMTA4MCIgaGVpZ2h0PSI3MjAiIGZyYW1lYm9yZGVyPSIwIiBhbGxvd2Z1bGxzY3JlZW49ImFsbG93ZnVsbHNjcmVlbiI+PC9pZnJhbWU+PC9wPg==<\/script><\/div><\/div>\n<p>&nbsp;<\/p>\n","protected":false},"excerpt":{"rendered":"<p>Der SEABOB F5 S hat das beste Preis-Leistungs-Verh\u00e4ltnis der Produktlinie und besticht durch sein sportliches Design und die hohe Effizienz. Die umweltfreundliche Innovation wird in Handarbeit und nur aus den besten Materialien gefertigt.<\/p>\n","protected":false},"featured_media":100727,"comment_status":"open","ping_status":"closed","template":"","meta":{"_acf_changed":false,"_editorskit_title_hidden":false,"_editorskit_reading_time":0,"_editorskit_is_block_options_detached":false,"_editorskit_block_options_position":"{}","site-sidebar-layout":"default","site-content-layout":"default","ast-site-content-layout":"default","site-content-style":"default","site-sidebar-style":"default","ast-global-header-display":"","ast-banner-title-visibility":"","ast-main-header-display":"","ast-hfb-above-header-display":"","ast-hfb-below-header-display":"","ast-hfb-mobile-header-display":"","site-post-title":"","ast-breadcrumbs-content":"","ast-featured-img":"","footer-sml-layout":"","ast-disable-related-posts":"","theme-transparent-header-meta":"default","adv-header-id-meta":"","stick-header-meta":"","header-above-stick-meta":"","header-main-stick-meta":"","header-below-stick-meta":"","astra-migrate-meta-layouts":"set","ast-page-background-enabled":"default","ast-page-background-meta":{"desktop":{"background-color":"","background-image":"","background-repeat":"repeat","background-position":"center center","background-size":"auto","background-attachment":"scroll","background-type":"","background-media":"","overlay-type":"","overlay-color":"","overlay-opacity":"","overlay-gradient":""},"tablet":{"background-color":"","background-image":"","background-repeat":"repeat","background-position":"center center","background-size":"auto","background-attachment":"scroll","background-type":"","background-media":"","overlay-type":"","overlay-color":"","overlay-opacity":"","overlay-gradient":""},"mobile":{"background-color":"","background-image":"","background-repeat":"repeat","background-position":"center center","background-size":"auto","background-attachment":"scroll","background-type":"","background-media":"","overlay-type":"","overlay-color":"","overlay-opacity":"","overlay-gradient":""}},"ast-content-background-meta":{"desktop":{"background-color":"var(--ast-global-color-5)","background-image":"","background-repeat":"repeat","background-position":"center center","background-size":"auto","background-attachment":"scroll","background-type":"","background-media":"","overlay-type":"","overlay-color":"","overlay-opacity":"","overlay-gradient":""},"tablet":{"background-color":"var(--ast-global-color-5)","background-image":"","background-repeat":"repeat","background-position":"center center","background-size":"auto","background-attachment":"scroll","background-type":"","background-media":"","overlay-type":"","overlay-color":"","overlay-opacity":"","overlay-gradient":""},"mobile":{"background-color":"var(--ast-global-color-5)","background-image":"","background-repeat":"repeat","background-position":"center center","background-size":"auto","background-attachment":"scroll","background-type":"","background-media":"","overlay-type":"","overlay-color":"","overlay-opacity":"","overlay-gradient":""}},"_jf_save_progress":""},"product_brand":[],"product_cat":[60,111,19,121],"product_tag":[],"class_list":{"0":"post-101874","1":"product","2":"type-product","3":"status-publish","4":"has-post-thumbnail","6":"product_cat-buy","7":"product_cat-verkauf","8":"product_cat-underwater-scooter","9":"product_cat-unterwasser-scooter-de","10":"product_shipping_class-mg-de","11":"desktop-align-center","12":"tablet-align-center","13":"mobile-align-center","14":"ast-product-gallery-layout-horizontal","15":"ast-magnify-disabled","16":"ast-product-single-variable","17":"ast-product-tabs-layout-horizontal","19":"first","20":"instock","21":"taxable","22":"shipping-taxable","23":"purchasable","24":"product-type-variable"},"acf":[],"brizy_media":[],"_links":{"self":[{"href":"https:\/\/wave-lovers.com\/de\/wp-json\/wp\/v2\/product\/101874","targetHints":{"allow":["GET"]}}],"collection":[{"href":"https:\/\/wave-lovers.com\/de\/wp-json\/wp\/v2\/product"}],"about":[{"href":"https:\/\/wave-lovers.com\/de\/wp-json\/wp\/v2\/types\/product"}],"replies":[{"embeddable":true,"href":"https:\/\/wave-lovers.com\/de\/wp-json\/wp\/v2\/comments?post=101874"}],"wp:featuredmedia":[{"embeddable":true,"href":"https:\/\/wave-lovers.com\/de\/wp-json\/wp\/v2\/media\/100727"}],"wp:attachment":[{"href":"https:\/\/wave-lovers.com\/de\/wp-json\/wp\/v2\/media?parent=101874"}],"wp:term":[{"taxonomy":"product_brand","embeddable":true,"href":"https:\/\/wave-lovers.com\/de\/wp-json\/wp\/v2\/product_brand?post=101874"},{"taxonomy":"product_cat","embeddable":true,"href":"https:\/\/wave-lovers.com\/de\/wp-json\/wp\/v2\/product_cat?post=101874"},{"taxonomy":"product_tag","embeddable":true,"href":"https:\/\/wave-lovers.com\/de\/wp-json\/wp\/v2\/product_tag?post=101874"}],"curies":[{"name":"wp","href":"https:\/\/api.w.org\/{rel}","templated":true}]}}