{"id":101871,"date":"2023-07-28T10:50:24","date_gmt":"2023-07-28T08:50:24","guid":{"rendered":"https:\/\/wave-lovers.com\/spinera-resort-electric-pump-230v-platinum\/"},"modified":"2024-03-11T15:31:24","modified_gmt":"2024-03-11T14:31:24","slug":"spinera-resort-elektrische-pumpe-230v-platinum","status":"publish","type":"product","link":"https:\/\/wave-lovers.com\/de\/spinera-resort-elektrische-pumpe-230v-platinum\/","title":{"rendered":"Spinera Resort Elektrische Pumpe 230V Platinum"},"content":{"rendered":"<h2>Spinera Resort Elektrische Pumpe 230V Platinum - INFORMATION<\/h2>\n<p>Diese Pumpe verf\u00fcgt \u00fcber einen Prim\u00e4r- und einen Booster-Motor, der den Druck erh\u00f6hen kann. Die beiden Motoren k\u00f6nnen gleichzeitig verwendet werden, um die maximale Kapazit\u00e4t und den maximalen Druck zu erzeugen, oder Sie k\u00f6nnen nur den Hauptmotor verwenden. Dr\u00fccken Sie den orangefarbenen Knopf f\u00fcr den Hauptmotor und, falls erforderlich, den roten Knopf, der den Booster f\u00fcr maximale Leistung aktiviert.<\/p>\n<p>Beide Motoren sind durch Sicherungen gesch\u00fctzt. Je nach den Temperaturverh\u00e4ltnissen vor Ort sollten Sie die Pumpe regelm\u00e4\u00dfig \u00fcberpr\u00fcfen, um sie vor \u00dcberhitzung zu sch\u00fctzen.<\/p>\n<h2>Spinera Resort Elektrische Pumpe 230V Platinum - DETAILS<\/h2>\n<p>Kabel: 3 Meter<br \/>\nAbmessungen: 32 x 17 x 26 cm<br \/>\nGewicht: 4,1 Kilogramm<br \/>\nSpannung: 230 V (120 V) Prim\u00e4rmotor \/ 230 V (120 V) Booster<br \/>\nKapazit\u00e4t: 1.800 Liter pro Minute Prim\u00e4rmotor \/ 2.500 Liter pro Minute Booster<br \/>\nDruck: 230 mbar (3,3 psi) Prim\u00e4rmotor \/ 350 mbar (7,3 psi) Booster<br \/>\nLeistung: 1.000 Watt Prim\u00e4rmotor \/ 2.000 Watt Booster<\/p>\n<h2>Spinera Resort Elektrische Pumpe 230V Platinum - HIGHLIGHTS<\/h2>\n<p>- aus hochwertigen Materialien hergestellt und f\u00fcr eine lange Lebensdauer ausgelegt<br \/>\n- einfach und sicher in der Anwendung<br \/>\n- leistungsstarke L\u00f6sung zum Aufblasen oder Ablassen<br \/>\n- 2 getrennte Motoren f\u00fcr verschiedene Betriebsmodi<\/p>\n","protected":false},"excerpt":{"rendered":"<p>Leistungsstarke Elektropumpe mit zwei separaten Motoren, die gleichzeitig eingesetzt werden k\u00f6nnen, um eine maximale Kapazit\u00e4t und einen maximalen Druck zu erzeugen (bis zu 350 mbar \/ 7,3 psi).<\/p>\n","protected":false},"featured_media":101818,"comment_status":"open","ping_status":"closed","template":"","meta":{"_acf_changed":false,"_editorskit_title_hidden":false,"_editorskit_reading_time":0,"_editorskit_is_block_options_detached":false,"_editorskit_block_options_position":"{}","site-sidebar-layout":"default","site-content-layout":null,"ast-site-content-layout":"default","site-content-style":"default","site-sidebar-style":"default","ast-global-header-display":"","ast-banner-title-visibility":"","ast-main-header-display":"","ast-hfb-above-header-display":"","ast-hfb-below-header-display":"","ast-hfb-mobile-header-display":"","site-post-title":"","ast-breadcrumbs-content":"","ast-featured-img":"","footer-sml-layout":"","ast-disable-related-posts":"","theme-transparent-header-meta":"default","adv-header-id-meta":null,"stick-header-meta":null,"header-above-stick-meta":null,"header-main-stick-meta":null,"header-below-stick-meta":null,"astra-migrate-meta-layouts":"default","ast-page-background-enabled":"default","ast-page-background-meta":{"desktop":{"background-color":"","background-image":"","background-repeat":"repeat","background-position":"center center","background-size":"auto","background-attachment":"scroll","background-type":"","background-media":"","overlay-type":"","overlay-color":"","overlay-opacity":"","overlay-gradient":""},"tablet":{"background-color":"","background-image":"","background-repeat":"repeat","background-position":"center center","background-size":"auto","background-attachment":"scroll","background-type":"","background-media":"","overlay-type":"","overlay-color":"","overlay-opacity":"","overlay-gradient":""},"mobile":{"background-color":"","background-image":"","background-repeat":"repeat","background-position":"center center","background-size":"auto","background-attachment":"scroll","background-type":"","background-media":"","overlay-type":"","overlay-color":"","overlay-opacity":"","overlay-gradient":""}},"ast-content-background-meta":{"desktop":{"background-color":"var(--ast-global-color-5)","background-image":"","background-repeat":"repeat","background-position":"center center","background-size":"auto","background-attachment":"scroll","background-type":"","background-media":"","overlay-type":"","overlay-color":"","overlay-opacity":"","overlay-gradient":""},"tablet":{"background-color":"var(--ast-global-color-5)","background-image":"","background-repeat":"repeat","background-position":"center center","background-size":"auto","background-attachment":"scroll","background-type":"","background-media":"","overlay-type":"","overlay-color":"","overlay-opacity":"","overlay-gradient":""},"mobile":{"background-color":"var(--ast-global-color-5)","background-image":"","background-repeat":"repeat","background-position":"center center","background-size":"auto","background-attachment":"scroll","background-type":"","background-media":"","overlay-type":"","overlay-color":"","overlay-opacity":"","overlay-gradient":""}},"_jf_save_progress":""},"product_brand":[],"product_cat":[111,558,571,60,506,24],"product_tag":[],"class_list":{"0":"post-101871","1":"product","2":"type-product","3":"status-publish","4":"has-post-thumbnail","6":"product_cat-verkauf","7":"product_cat-accessoires","8":"product_cat-zubehoer-de","9":"product_cat-buy","10":"product_cat-ersatzteile-de","11":"product_cat-spare-parts","12":"product_shipping_class-m-de","13":"desktop-align-center","14":"tablet-align-center","15":"mobile-align-center","16":"ast-product-gallery-layout-horizontal","17":"ast-magnify-disabled","18":"ast-product-tabs-layout-horizontal","20":"first","21":"instock","22":"taxable","23":"shipping-taxable","24":"purchasable","25":"product-type-simple"},"acf":[],"brizy_media":[],"_links":{"self":[{"href":"https:\/\/wave-lovers.com\/de\/wp-json\/wp\/v2\/product\/101871","targetHints":{"allow":["GET"]}}],"collection":[{"href":"https:\/\/wave-lovers.com\/de\/wp-json\/wp\/v2\/product"}],"about":[{"href":"https:\/\/wave-lovers.com\/de\/wp-json\/wp\/v2\/types\/product"}],"replies":[{"embeddable":true,"href":"https:\/\/wave-lovers.com\/de\/wp-json\/wp\/v2\/comments?post=101871"}],"wp:featuredmedia":[{"embeddable":true,"href":"https:\/\/wave-lovers.com\/de\/wp-json\/wp\/v2\/media\/101818"}],"wp:attachment":[{"href":"https:\/\/wave-lovers.com\/de\/wp-json\/wp\/v2\/media?parent=101871"}],"wp:term":[{"taxonomy":"product_brand","embeddable":true,"href":"https:\/\/wave-lovers.com\/de\/wp-json\/wp\/v2\/product_brand?post=101871"},{"taxonomy":"product_cat","embeddable":true,"href":"https:\/\/wave-lovers.com\/de\/wp-json\/wp\/v2\/product_cat?post=101871"},{"taxonomy":"product_tag","embeddable":true,"href":"https:\/\/wave-lovers.com\/de\/wp-json\/wp\/v2\/product_tag?post=101871"}],"curies":[{"name":"wp","href":"https:\/\/api.w.org\/{rel}","templated":true}]}}