{"id":122494,"date":"2023-11-12T10:17:15","date_gmt":"2023-11-12T09:17:15","guid":{"rendered":"https:\/\/wave-lovers.com\/?page_id=122494"},"modified":"2026-01-31T08:11:27","modified_gmt":"2026-01-31T07:11:27","slug":"impressum","status":"publish","type":"page","link":"https:\/\/wave-lovers.com\/de\/impressum\/","title":{"rendered":"Impressum"},"content":{"rendered":"<div class=\"brz-root__container brz-reset-all brz brz-root__container-page\">\n<section id=\"c07b4c58a6a5ddd6e107_nxwmifnxzbcdnvblqefowfrtapbqmrhqpsas\" class=\"brz-section brz-css-aaihk1\">\n<div class=\"brz-section__content brz-section--boxed brz-css-1pen0uy brz-css-vphew8\" data-brz-custom-id=\"izrxwxwlnckcnduvgnusbjzqcnqmeqrupanj\">\n<div class=\"brz-container brz-css-1s0bfey\">\n<div id=\"\" class=\"brz-css-1tfww33 brz-wrapper\">\n<div class=\"brz-rich-text brz-rich-text__custom brz-css-1828sr8\" data-brz-custom-id=\"jteiflhgghwnyviqmxitssxdewuunvytbdcz\">\n<div data-brz-translate-text=\"1\">\n<p data-uniq-id=\"bqwdv\" data-generated-css=\"brz-css-qiltz\" class=\"brz-tp-lg-vlfqblcdjapzxbweohassdyrogmmpftslxzl brz-text-lg-center brz-css-j8jbq\"><strong>Impressum<\/strong><\/p>\n<\/div>\n<\/div>\n<\/div>\n<div id=\"\" class=\"brz-css-1tfww33 brz-wrapper\">\n<div class=\"brz-line brz-line-default brz-css-u86uh9\" data-brz-custom-id=\"fszdhuoyfxokiyslfrzjosulfjxpcsvawpoo\">\n<hr class=\"brz-hr\"><\/div>\n<\/div>\n<div id=\"\" class=\"brz-css-1tfww33 brz-wrapper\">\n<div class=\"brz-rich-text brz-rich-text__custom brz-css-1828sr8\" data-brz-custom-id=\"ubtohljgflxlopuaqnsvjzmqfjqibjttjgpj\">\n<div data-brz-translate-text=\"1\">\n<p class=\"brz-text-lg-justify brz-tp-lg-fvposvbhghobpixifhbxhjjzcwfmbxjldqaq brz-text-xs-left brz-css-um9CO\" data-uniq-id=\"qkHjH\" data-generated-css=\"brz-css-sUFeI\">Informationen gem\u00e4\u00df \u00a7 5 TMG:<\/p>\n<p class=\"brz-tp-lg-paragraph brz-text-lg-justify brz-css-veOfU\" data-uniq-id=\"s00kR\" data-generated-css=\"brz-css-aMdZQ\"><span class=\"brz-cp-color2\">ConnectiX GmbH<\/span><\/p>\n<p class=\"brz-tp-lg-paragraph brz-text-lg-justify brz-css-g79gh\" data-uniq-id=\"y4ubl\" data-generated-css=\"brz-css-jfoK_\">Rigaer Str. 60<\/p>\n<p class=\"brz-tp-lg-paragraph brz-text-lg-justify brz-css-gskoW\" data-uniq-id=\"bB8S6\" data-generated-css=\"brz-css-ufH4H\">10247 Berlin<\/p>\n<p class=\"brz-tp-lg-paragraph brz-text-lg-justify brz-css-v7yYu\" data-uniq-id=\"rzNXX\" data-generated-css=\"brz-css-p3qKe\">\n<\/div>\n<\/div>\n<\/div>\n<div id=\"\" class=\"brz-css-1tfww33 brz-wrapper\">\n<div class=\"brz-rich-text brz-rich-text__custom brz-css-1828sr8\" data-brz-custom-id=\"pwoypcpfdepnnavfpabsjafoebcfshghrlnr\">\n<div data-brz-translate-text=\"1\">\n<p class=\"brz-tp-lg-fvposvbhghobpixifhbxhjjzcwfmbxjldqaq brz-text-lg-justify brz-css-sueea\" data-generated-css=\"brz-css-gbwis\" data-uniq-id=\"c1gGa\">Vertreten durch<\/p>\n<p class=\"brz-text-lg-justify brz-css-uR0I7\" data-generated-css=\"brz-css-uocwH\" data-uniq-id=\"qr_8J\"><\/p>\n<p class=\"brz-tp-lg-paragraph brz-text-lg-justify brz-css-mhe4G\" data-generated-css=\"brz-css-dePtv\" data-uniq-id=\"dVa4T\"><strong>Leitung:<\/strong> M. Faust<\/p>\n<p class=\"brz-tp-lg-paragraph brz-text-lg-justify brz-css-gb5lk\" data-generated-css=\"brz-css-cJJ6H\" data-uniq-id=\"bWqrP\"><\/p>\n<p class=\"brz-tp-lg-rgoqwrccitfggobstmnkdpjitjestjretgfa brz-text-lg-justify brz-css-g1dny\" data-generated-css=\"brz-css-itgxA\" data-uniq-id=\"jXFsc\">Kontakt<\/p>\n<p class=\"brz-tp-lg-paragraph brz-text-lg-justify brz-css-vLq5t\" data-generated-css=\"brz-css-j8srF\" data-uniq-id=\"yAe6a\"><strong>E-Mail:<\/strong> info @ wave-lovers.com<\/p>\n<p class=\"brz-tp-lg-paragraph brz-text-lg-justify brz-css-yH5oB\" data-generated-css=\"brz-css-vI2Ve\" data-uniq-id=\"pAd68\"><strong>Telefon:<\/strong> +49 176 2435 7921<\/p>\n<p class=\"brz-tp-lg-paragraph brz-text-lg-justify brz-css-vg1jX\" data-generated-css=\"brz-css-oXzut\" data-uniq-id=\"qN02Y\"><\/p>\n<p class=\"brz-tp-lg-rgoqwrccitfggobstmnkdpjitjestjretgfa brz-text-lg-justify brz-css-u9QRA\" data-generated-css=\"brz-css-orMFZ\" data-uniq-id=\"wpFc3\">Registereintrag<\/p>\n<p class=\"brz-text-xs-left brz-tp-lg-paragraph brz-text-lg-justify brz-css-kr2gX\" data-generated-css=\"brz-css-w5quz\" data-uniq-id=\"uNVVQ\"><strong>Eintragung in das Handelsregister:<\/strong> Amtsgericht Charlottenburg<\/p>\n<p class=\"brz-text-xs-left brz-tp-lg-paragraph brz-text-lg-justify brz-css-vKSke\" data-generated-css=\"brz-css-bUlMF\" data-uniq-id=\"ecw37\"><strong>Registernummer:<\/strong> HRB 251875 B<\/p>\n<p class=\"brz-tp-lg-paragraph brz-text-lg-justify brz-css-i7efF\" data-generated-css=\"brz-css-mJ_lP\" data-uniq-id=\"gyRcO\"><\/p>\n<p class=\"brz-tp-lg-rgoqwrccitfggobstmnkdpjitjestjretgfa brz-text-lg-justify brz-css-aQMb3\" data-generated-css=\"brz-css-q9svE\" data-uniq-id=\"qAkDd\">Umsatzsteuer<\/p>\n<p class=\"brz-text-xs-left brz-text-sm-left brz-tp-lg-paragraph brz-text-lg-justify brz-css-koGO0\" data-generated-css=\"brz-css-yAW1K\" data-uniq-id=\"moYQm\"><strong>Umsatzsteuer-Identifikationsnummer: <\/strong>DE337605196 (registriert f\u00fcr steuerfreie innergemeinschaftliche Lieferungen)<\/p>\n<p class=\"brz-tp-lg-paragraph brz-text-lg-justify brz-css-lG_n9\" data-generated-css=\"brz-css-hQ2j8\" data-uniq-id=\"ctjyi\"><\/p>\n<\/div>\n<\/div>\n<\/div>\n<div id=\"\" class=\"brz-css-1tfww33 brz-wrapper\">\n<div class=\"brz-rich-text brz-rich-text__custom brz-css-1828sr8\" data-brz-custom-id=\"prinhuazctskdwzxeqopdlzvesjapfztzanf\">\n<div data-brz-translate-text=\"1\">\n<p class=\"brz-text-lg-justify brz-tp-lg-fvposvbhghobpixifhbxhjjzcwfmbxjldqaq brz-css-sRDkc\" data-uniq-id=\"hivxd\" data-generated-css=\"brz-css-sjqro\">Beilegung von Streitigkeiten <\/p>\n<p class=\"brz-text-lg-justify brz-css-zsECp\" data-uniq-id=\"lfwam\" data-generated-css=\"brz-css-ktwev\"><\/p>\n<p class=\"brz-tp-lg-paragraph brz-text-lg-left brz-css-qATWp\" data-uniq-id=\"aasff\" data-generated-css=\"brz-css-tsqfd\">Die Europ\u00e4ische Kommission stellt eine Plattform zur Online-Streitbeilegung (OS) bereit: https:\/\/ec.europa.eu\/consumers\/odr\/. Unsere E-Mail-Adresse finden Sie im obigen Impressum. Wir sind nicht bereit oder verpflichtet, an Streitbeilegungsverfahren vor einer Verbraucherschlichtungsstelle teilzunehmen. <\/p>\n<p data-uniq-id=\"aasff\" data-generated-css=\"brz-css-tsqfd\" class=\"brz-tp-lg-paragraph brz-text-lg-left brz-css-puif8\">\n<\/div>\n<\/div>\n<\/div>\n<div id=\"\" class=\"brz-css-1tfww33 brz-wrapper\">\n<div class=\"brz-rich-text brz-rich-text__custom brz-css-1828sr8\" data-brz-custom-id=\"hmaxhtgoxvztpwnylojvbipshcinugucoglp\">\n<div data-brz-translate-text=\"1\">\n<p class=\"brz-tp-lg-fvposvbhghobpixifhbxhjjzcwfmbxjldqaq brz-text-lg-justify,left brz-css-topt8\" data-generated-css=\"brz-css-ttwze\" data-uniq-id=\"kalpn\">Haftung f\u00fcr Inhalte<\/p>\n<p class=\"brz-text-lg-justify,left brz-css-nKmq5\" data-generated-css=\"brz-css-vqgwb\" data-uniq-id=\"utojm\"><\/p>\n<p class=\"brz-text-lg-left brz-tp-lg-paragraph brz-css-mVcu5\" data-generated-css=\"brz-css-eoamo\" data-uniq-id=\"hfsnb\">Als Diensteanbieter sind wir gem\u00e4\u00df \u00a7 7 Abs. 1 TMG f\u00fcr eigene Inhalte auf der Webseite nach den allgemeinen Gesetzen verantwortlich. Nach \u00a7\u00a7 8 bis 10 TMG sind wir als Diensteanbieter jedoch nicht verpflichtet, \u00fcbermittelte oder gespeicherte fremde Informationen zu \u00fcberwachen oder nach Umst\u00e4nden zu forschen, die auf eine rechtswidrige T\u00e4tigkeit hinweisen. Verpflichtungen zur Entfernung oder Sperrung der Nutzung von Informationen nach den allgemeinen Gesetzen bleiben hiervon unber\u00fchrt. Eine diesbez\u00fcgliche Haftung ist jedoch erst ab dem Zeitpunkt der Kenntnis einer konkreten Rechtsverletzung m\u00f6glich. Bei Bekanntwerden von entsprechenden Rechtsverletzungen werden wir diese Inhalte umgehend entfernen.<\/p>\n<p class=\"brz-text-lg-left brz-tp-lg-paragraph brz-css-eMTwZ\" data-generated-css=\"brz-css-kgzpg\" data-uniq-id=\"wvyoh\"><\/p>\n<\/div>\n<\/div>\n<\/div>\n<div id=\"\" class=\"brz-css-1tfww33 brz-wrapper\">\n<div class=\"brz-rich-text brz-rich-text__custom brz-css-1828sr8\" data-brz-custom-id=\"gvcivgmvbtanrflrqfdhwccbjikcrgovepry\">\n<div data-brz-translate-text=\"1\">\n<p class=\"brz-text-lg-justify,left,left brz-tp-lg-fvposvbhghobpixifhbxhjjzcwfmbxjldqaq brz-css-jYixt\" data-generated-css=\"brz-css-ciesp\" data-uniq-id=\"nzbhv\">Haftung f\u00fcr Links<\/p>\n<p class=\"brz-text-lg-justify,left,left brz-css-pZ8RA\" data-generated-css=\"brz-css-kuygc\" data-uniq-id=\"qzulu\"><\/p>\n<p class=\"brz-text-lg-left brz-tp-lg-paragraph brz-css-hbVap\" data-generated-css=\"brz-css-skrrt\" data-uniq-id=\"kvrrt\">Unser Angebot enth\u00e4lt Links zu externen Webseiten Dritter, auf deren Inhalte wir keinen Einfluss haben. Deshalb k\u00f6nnen wir f\u00fcr diese fremden Inhalte auch keine Gew\u00e4hr \u00fcbernehmen. F\u00fcr die Inhalte der verlinkten Seiten ist stets der jeweilige Anbieter oder Betreiber der Seiten verantwortlich. Die verlinkten Seiten wurden zum Zeitpunkt der Verlinkung auf m\u00f6gliche Rechtsverst\u00f6\u00dfe \u00fcberpr\u00fcft. Rechtswidrige Inhalte waren zum Zeitpunkt der Verlinkung nicht erkennbar. Eine permanente inhaltliche Kontrolle der verlinkten Seiten ist jedoch ohne konkrete Anhaltspunkte einer Rechtsverletzung nicht zumutbar. Bei Bekanntwerden von Rechtsverletzungen werden wir derartige Links umgehend entfernen.<\/p>\n<p data-generated-css=\"brz-css-skrrt\" data-uniq-id=\"kvrrt\" class=\"brz-text-lg-left brz-tp-lg-paragraph brz-css-m_a27\">\n<\/div>\n<\/div>\n<\/div>\n<div id=\"\" class=\"brz-css-1tfww33 brz-wrapper\">\n<div class=\"brz-rich-text brz-rich-text__custom brz-css-1828sr8\" data-brz-custom-id=\"fqyrtvlgbsijbohesoiduxeisgbssvqixxyz\">\n<div data-brz-translate-text=\"1\">\n<p class=\"brz-text-lg-justify,left,left,left brz-tp-lg-fvposvbhghobpixifhbxhjjzcwfmbxjldqaq brz-css-v0DCP\" data-generated-css=\"brz-css-rbbip\" data-uniq-id=\"yenny\">Urheberrecht <\/p>\n<p class=\"brz-text-lg-justify,left,left,left brz-css-cRXU3\" data-generated-css=\"brz-css-tnxxk\" data-uniq-id=\"yqpun\"><\/p>\n<p class=\"brz-text-lg-left brz-tp-lg-paragraph brz-css-ysmex\" data-generated-css=\"brz-css-urndr\" data-uniq-id=\"jnmrq\">Die durch die Seitenbetreiber erstellten Inhalte und Werke auf diesen Seiten unterliegen dem deutschen Urheberrecht. Die Vervielf\u00e4ltigung, Bearbeitung, Verbreitung und jede Art der Verwertung au\u00dferhalb der Grenzen des Urheberrechtes bed\u00fcrfen der schriftlichen Zustimmung des jeweiligen Autors bzw. Erstellers. Downloads und Kopien dieser Seite sind nur f\u00fcr den privaten, nicht kommerziellen Gebrauch gestattet. Soweit die Inhalte auf dieser Seite nicht vom Betreiber erstellt wurden, werden die Urheberrechte Dritter beachtet. Insbesondere werden Inhalte Dritter als solche gekennzeichnet. Sollten Sie trotzdem auf eine Urheberrechtsverletzung aufmerksam werden, bitten wir um einen entsprechenden Hinweis. Bei Bekanntwerden von Rechtsverletzungen werden wir derartige Inhalte umgehend entfernen.<\/p>\n<p data-generated-css=\"brz-css-urndr\" data-uniq-id=\"jnmrq\" class=\"brz-text-lg-left brz-tp-lg-paragraph brz-css-bApiE\">\n<\/div>\n<\/div>\n<\/div>\n<div id=\"\" class=\"brz-css-1tfww33 brz-wrapper\">\n<div class=\"brz-rich-text brz-rich-text__custom brz-css-1828sr8\" data-brz-custom-id=\"ubvicbjpakndhhxycqpydofizrxbkohijgag\">\n<div data-brz-translate-text=\"1\">\n<p class=\"brz-text-lg-justify,left,left,left,left brz-tp-lg-fvposvbhghobpixifhbxhjjzcwfmbxjldqaq brz-css-iRpPv\" data-generated-css=\"brz-css-enbrk\" data-uniq-id=\"qhnpp\">Bildnachweis <\/p>\n<p class=\"brz-text-lg-justify,left,left,left,left brz-css-eQEsG\" data-generated-css=\"brz-css-zseba\" data-uniq-id=\"vmnct\"><\/p>\n<p class=\"brz-text-lg-left brz-tp-lg-paragraph brz-css-a4fs9\" data-generated-css=\"brz-css-gwryp\" data-uniq-id=\"jtict\">4 PM production \/ shutterstock.com, JoshoJosho \/ shutterstock.com \/ lizenziert f\u00fcr kommerzielle Nutzung durch Pixabay \/ Unsplash \/ Pexels<\/p>\n<p data-generated-css=\"brz-css-gwryp\" data-uniq-id=\"jtict\" class=\"brz-text-lg-left brz-tp-lg-paragraph brz-css-hJuAA\">\n<\/div>\n<\/div>\n<\/div>\n<div id=\"\" class=\"brz-css-1tfww33 brz-wrapper\">\n<div class=\"brz-rich-text brz-rich-text__custom brz-css-1828sr8\" data-brz-custom-id=\"povrmmvbfswfrhxucvbgktdlhbjbzeqrwqwp\">\n<div data-brz-translate-text=\"1\">\n<p class=\"brz-text-lg-justify,left,left,left,left,left brz-tp-lg-fvposvbhghobpixifhbxhjjzcwfmbxjldqaq brz-css-fF5rm\" data-generated-css=\"brz-css-xmkuo\" data-uniq-id=\"oqohn\">Schriftarten <\/p>\n<p class=\"brz-text-lg-justify,left,left,left,left,left brz-css-m8O7I\" data-generated-css=\"brz-css-ygmky\" data-uniq-id=\"fahso\"><\/p>\n<p class=\"brz-text-lg-left brz-tp-lg-paragraph brz-css-hN7bG\" data-generated-css=\"brz-css-hymzb\" data-uniq-id=\"dxiku\">Wir verwenden ausschlie\u00dflich Schriftarten, die unter der SIL Open Font License lizenziert sind.<\/p>\n<\/div>\n<\/div>\n<\/div>\n<\/div>\n<\/div>\n<\/section>\n<\/div>\n<p>    <!-- version:1743682034 --><\/p>\n","protected":false},"excerpt":{"rendered":"<p>Impressum Informationen gem\u00e4\u00df \u00a7 5 TMG: ConnectiX GmbH Rigaer Str. 60 10247 Berlin Vertreten durch Leitung: M. Faust Kontakt E-Mail: info @ wave-lovers.com Telefon: +49 176 2435 7921 Registereintrag Eintragung in das Handelsregister: Amtsgericht Charlottenburg Registernummer: HRB 251875 B Umsatzsteuer Umsatzsteuer-Identifikationsnummer: DE337605196 (registriert f\u00fcr steuerfreie innergemeinschaftliche Lieferungen) Beilegung von Streitigkeiten Die Europ\u00e4ische Kommission stellt eine [&hellip;]<\/p>\n","protected":false},"author":1,"featured_media":0,"parent":0,"menu_order":0,"comment_status":"closed","ping_status":"closed","template":"elementor_theme","meta":{"_acf_changed":false,"_editorskit_title_hidden":false,"_editorskit_reading_time":0,"_editorskit_is_block_options_detached":false,"_editorskit_block_options_position":"{}","site-sidebar-layout":"default","site-content-layout":"default","ast-site-content-layout":"default","site-content-style":"default","site-sidebar-style":"default","ast-global-header-display":"","ast-banner-title-visibility":"","ast-main-header-display":"","ast-hfb-above-header-display":"","ast-hfb-below-header-display":"","ast-hfb-mobile-header-display":"","site-post-title":"disabled","ast-breadcrumbs-content":"","ast-featured-img":"","footer-sml-layout":"","ast-disable-related-posts":"","theme-transparent-header-meta":"enabled","adv-header-id-meta":"","stick-header-meta":"enabled","header-above-stick-meta":"","header-main-stick-meta":"on","header-below-stick-meta":"","astra-migrate-meta-layouts":"set","ast-page-background-enabled":"default","ast-page-background-meta":{"desktop":{"background-color":"","background-image":"","background-repeat":"repeat","background-position":"center center","background-size":"auto","background-attachment":"scroll","background-type":"","background-media":"","overlay-type":"","overlay-color":"","overlay-opacity":"","overlay-gradient":""},"tablet":{"background-color":"","background-image":"","background-repeat":"repeat","background-position":"center center","background-size":"auto","background-attachment":"scroll","background-type":"","background-media":"","overlay-type":"","overlay-color":"","overlay-opacity":"","overlay-gradient":""},"mobile":{"background-color":"","background-image":"","background-repeat":"repeat","background-position":"center center","background-size":"auto","background-attachment":"scroll","background-type":"","background-media":"","overlay-type":"","overlay-color":"","overlay-opacity":"","overlay-gradient":""}},"ast-content-background-meta":{"desktop":{"background-color":"var(--ast-global-color-5)","background-image":"","background-repeat":"repeat","background-position":"center center","background-size":"auto","background-attachment":"scroll","background-type":"","background-media":"","overlay-type":"","overlay-color":"","overlay-opacity":"","overlay-gradient":""},"tablet":{"background-color":"var(--ast-global-color-5)","background-image":"","background-repeat":"repeat","background-position":"center center","background-size":"auto","background-attachment":"scroll","background-type":"","background-media":"","overlay-type":"","overlay-color":"","overlay-opacity":"","overlay-gradient":""},"mobile":{"background-color":"var(--ast-global-color-5)","background-image":"","background-repeat":"repeat","background-position":"center center","background-size":"auto","background-attachment":"scroll","background-type":"","background-media":"","overlay-type":"","overlay-color":"","overlay-opacity":"","overlay-gradient":""}},"_jf_save_progress":"","footnotes":""},"class_list":["post-122494","page","type-page","status-publish","hentry"],"acf":[],"brizy_media":[],"_links":{"self":[{"href":"https:\/\/wave-lovers.com\/de\/wp-json\/wp\/v2\/pages\/122494","targetHints":{"allow":["GET"]}}],"collection":[{"href":"https:\/\/wave-lovers.com\/de\/wp-json\/wp\/v2\/pages"}],"about":[{"href":"https:\/\/wave-lovers.com\/de\/wp-json\/wp\/v2\/types\/page"}],"author":[{"embeddable":true,"href":"https:\/\/wave-lovers.com\/de\/wp-json\/wp\/v2\/users\/1"}],"replies":[{"embeddable":true,"href":"https:\/\/wave-lovers.com\/de\/wp-json\/wp\/v2\/comments?post=122494"}],"version-history":[{"count":0,"href":"https:\/\/wave-lovers.com\/de\/wp-json\/wp\/v2\/pages\/122494\/revisions"}],"wp:attachment":[{"href":"https:\/\/wave-lovers.com\/de\/wp-json\/wp\/v2\/media?parent=122494"}],"curies":[{"name":"wp","href":"https:\/\/api.w.org\/{rel}","templated":true}]}}