{"id":122384,"date":"2023-11-11T11:47:07","date_gmt":"2023-11-11T10:47:07","guid":{"rendered":"https:\/\/wave-lovers.com\/?page_id=122384"},"modified":"2026-01-30T23:59:11","modified_gmt":"2026-01-30T22:59:11","slug":"bezahlung-und-versand","status":"publish","type":"page","link":"https:\/\/wave-lovers.com\/de\/bezahlung-und-versand\/","title":{"rendered":"Bezahlung und Versand"},"content":{"rendered":"<div class=\"brz-root__container brz-reset-all brz\">\n<section id=\"nxwmifnxzbcdnvblqefowfrtapbqmrhqpsas\" class=\"brz-section brz-css-wwNtd\">\n<div class=\"brz-section__content brz-section--boxed brz-css-lBKSr brz-css-nj70k\" data-brz-custom-id=\"izrxwxwlnckcnduvgnusbjzqcnqmeqrupanj\">\n<div class=\"brz-container brz-css-un7ba\">\n<div id=\"\" class=\"brz-css-e4DaL brz-wrapper\">\n<div class=\"brz-rich-text brz-rich-text__custom brz-css-hkkSJ\" data-brz-custom-id=\"aafrpwongghtgjxtljqhlteqndvpfhpxgxqz\">\n<div data-brz-translate-text=\"1\">\n<h1 class=\"brz-text-lg-center brz-tp-lg-vlfqblcdjapzxbweohassdyrogmmpftslxzl brz-mt-lg-0 brz-fw-lg-600 brz-fss-lg-px brz-ft-google brz-ff-poppins brz-lh-lg-1_3 brz-ls-lg-0 brz-fs-lg-36 brz-fs-sm-21 brz-fs-xs-21 brz-css-fxLrl\" data-generated-css=\"brz-css-lyaja\" data-uniq-id=\"acoke\"><strong class=\"brz-cp-color2\">Bezahlung und Versand<\/strong><\/h1>\n<\/div>\n<\/div>\n<\/div>\n<div id=\"\" class=\"brz-css-e4DaL brz-wrapper\">\n<div class=\"brz-line brz-line-default brz-css-s27pd\" data-brz-custom-id=\"paplddfmkkjkgltxdkjeikpucchlucsexius\">\n<hr class=\"brz-hr\"><\/div>\n<\/div>\n<div id=\"\" class=\"brz-css-e4DaL brz-wrapper\">\n<div class=\"brz-rich-text brz-rich-text__custom brz-css-hkkSJ\" data-brz-custom-id=\"fhknbtqmchvpsshnckrzhwupgncffktroiuz\">\n<div data-brz-translate-text=\"1\">\n<p class=\"brz-fs-xs-21 brz-fs-sm-21 brz-fs-lg-36 brz-ls-lg-0 brz-lh-lg-1_3 brz-ff-poppins brz-ft-google brz-fss-lg-px brz-fw-lg-600 brz-mt-lg-0 brz-tp-lg-paragraph brz-text-lg-left brz-css-sUCnL\" data-uniq-id=\"mvjtn\" data-generated-css=\"brz-css-cbdhs\"><strong class=\"brz-cp-color2\">Es gelten die folgenden Bedingungen:<\/strong><\/p>\n<p class=\"brz-fs-xs-21 brz-fs-sm-21 brz-fs-lg-36 brz-ls-lg-0 brz-lh-lg-1_3 brz-ff-poppins brz-ft-google brz-fss-lg-px brz-fw-lg-600 brz-mt-lg-0 brz-tp-lg-paragraph brz-text-lg-left brz-css-j235G\" data-uniq-id=\"frjch\" data-generated-css=\"brz-css-lmetb\"><\/p>\n<ul>\n<li data-uniq-id=\"gwwvr\" data-generated-css=\"brz-css-spfsz\" class=\"brz-fs-xs-21 brz-fs-sm-21 brz-fs-lg-36 brz-ls-lg-0 brz-lh-lg-1_3 brz-ff-poppins brz-ft-google brz-fss-lg-px brz-fw-lg-600 brz-mt-lg-0 brz-tp-lg-paragraph brz-text-lg-left brz-css-sNh_x\"><span class=\"brz-cp-color2\">Die Lieferung ist m\u00f6glich im Inland (Deutschland), innerhalb der EU und weltweit.<\/span><\/li>\n<li data-uniq-id=\"qgkrt\" data-generated-css=\"brz-css-cusds\" class=\"brz-fs-xs-21 brz-fs-sm-21 brz-fs-lg-36 brz-ls-lg-0 brz-lh-lg-1_3 brz-ff-poppins brz-ft-google brz-fss-lg-px brz-fw-lg-600 brz-mt-lg-0 brz-tp-lg-paragraph brz-text-lg-left brz-css-bRKVU\"><span class=\"brz-cp-color2\">Versandkosten (inkl. MwSt.)<\/span><\/li>\n<\/ul>\n<\/div>\n<\/div>\n<\/div>\n<div id=\"\" class=\"brz-css-e4DaL brz-wrapper\">\n<div class=\"brz-rich-text brz-rich-text__custom brz-css-hkkSJ\" data-brz-custom-id=\"zsfiaoduunszwemlrugtybcfczopulvszaze\">\n<div data-brz-translate-text=\"1\">\n<h2 class=\"brz-tp-lg-fvposvbhghobpixifhbxhjjzcwfmbxjldqaq brz-text-lg-left brz-mt-lg-0 brz-fw-lg-600 brz-fss-lg-px brz-ft-google brz-ff-poppins brz-lh-lg-1_3 brz-ls-lg-0 brz-fs-lg-36 brz-fs-sm-21 brz-fs-xs-21 brz-css-p0ESo\" data-generated-css=\"brz-css-knwyw\" data-uniq-id=\"mcqlw\"><span class=\"brz-cp-color2\">Lieferungen im Inland (Deutschland):<\/span><\/h2>\n<p class=\"brz-text-lg-left brz-tp-lg-paragraph brz-mt-lg-0 brz-fw-lg-600 brz-fss-lg-px brz-ft-google brz-ff-poppins brz-lh-lg-1_3 brz-ls-lg-0 brz-fs-lg-36 brz-fs-sm-21 brz-fs-xs-21 brz-css-kjRZw\" data-generated-css=\"brz-css-eobpx\" data-uniq-id=\"cdpel\"><span class=\"brz-cp-color2\">Aufgrund der stark schwankenden Abmessungen und Versandgewichte unserer Waren ermitteln wir unsere Versandkosten produktspezifisch. Die Versandkosten werden im Warenkorb angezeigt.<\/span><\/p>\n<p class=\"brz-text-lg-left brz-tp-lg-paragraph brz-mt-lg-0 brz-fw-lg-600 brz-fss-lg-px brz-ft-google brz-ff-poppins brz-lh-lg-1_3 brz-ls-lg-0 brz-fs-lg-36 brz-fs-sm-21 brz-fs-xs-21 brz-css-t9jdC\" data-generated-css=\"brz-css-lcoyl\" data-uniq-id=\"fvqgy\"><span class=\"brz-cp-color2\">F\u00fcr den Versand von sperrigen G\u00fctern (Versand) innerhalb Deutschlands berechnen wir beispielhaft wie folgt:<\/span><\/p>\n<p class=\"brz-text-lg-left brz-tp-lg-paragraph brz-mt-lg-0 brz-fw-lg-600 brz-fss-lg-px brz-ft-google brz-ff-poppins brz-lh-lg-1_3 brz-ls-lg-0 brz-fs-lg-36 brz-fs-sm-21 brz-fs-xs-21 brz-css-fYq3q\" data-generated-css=\"brz-css-edrlv\" data-uniq-id=\"fsqxe\"><\/p>\n<ul>\n<li class=\"brz-text-lg-left brz-tp-lg-paragraph brz-mt-lg-0 brz-fw-lg-600 brz-fss-lg-px brz-ft-google brz-ff-poppins brz-lh-lg-1_3 brz-ls-lg-0 brz-fs-lg-36 brz-fs-sm-21 brz-fs-xs-21 brz-css-zV7Db\" data-generated-css=\"brz-css-kqvzt\" data-uniq-id=\"ptmyq\"><span class=\"brz-cp-color2\">Gr\u00f6\u00dfe S: Von 29 - 49 \u20ac* (z.B. Bluetooth-Controller, kleiner E-Foil Fl\u00fcgel - je nach Gr\u00f6\u00dfe und Versandart)<\/span><\/li>\n<li class=\"brz-text-lg-left brz-tp-lg-paragraph brz-mt-lg-0 brz-fw-lg-600 brz-fss-lg-px brz-ft-google brz-ff-poppins brz-lh-lg-1_3 brz-ls-lg-0 brz-fs-lg-36 brz-fs-sm-21 brz-fs-xs-21 brz-css-ofm9u\" data-generated-css=\"brz-css-kjtem\" data-uniq-id=\"nrawj\"><span class=\"brz-cp-color2\">Gr\u00f6\u00dfe M: Von 69 - 79 \u20ac* (z.B. E-Foil-Antriebseinheit, Akkus, Seabob oder iAQUA Tauch-Scooter - abh\u00e4ngig von Gr\u00f6\u00dfe und Liefermethode)<\/span><\/li>\n<li class=\"brz-text-lg-left brz-tp-lg-paragraph brz-mt-lg-0 brz-fw-lg-600 brz-fss-lg-px brz-ft-google brz-ff-poppins brz-lh-lg-1_3 brz-ls-lg-0 brz-fs-lg-36 brz-fs-sm-21 brz-fs-xs-21 brz-css-zmX7K\" data-generated-css=\"brz-css-wdvwa\" data-uniq-id=\"xbjsk\"><span class=\"brz-cp-color2\">Gr\u00f6\u00dfe L: Von 99 - 149 \u20ac* (z.B. E-Surfboards und E-Foils - abh\u00e4ngig von Gr\u00f6\u00dfe und Liefermethode)<\/span><\/li>\n<\/ul>\n<\/div>\n<\/div>\n<\/div>\n<div id=\"\" class=\"brz-css-e4DaL brz-wrapper\">\n<div class=\"brz-rich-text brz-rich-text__custom brz-css-hkkSJ\" data-brz-custom-id=\"ynrnfrylbwpndhzfpcewpjajgymansfestgz\">\n<div data-brz-translate-text=\"1\">\n<h2 class=\"brz-text-lg-left brz-mt-lg-0 brz-fw-lg-600 brz-fss-lg-px brz-ft-google brz-ff-poppins brz-lh-lg-1_3 brz-ls-lg-0 brz-fs-lg-36 brz-fs-sm-21 brz-fs-xs-21 brz-tp-lg-fvposvbhghobpixifhbxhjjzcwfmbxjldqaq brz-css-akuvi\" data-generated-css=\"brz-css-yyxew\" data-uniq-id=\"jrmpd\"><span class=\"brz-cp-color2\">Lieferungen ins Ausland (EU):<\/span><\/h2>\n<p class=\"brz-text-lg-left brz-mt-lg-0 brz-fw-lg-600 brz-fss-lg-px brz-ft-google brz-ff-poppins brz-lh-lg-1_3 brz-ls-lg-0 brz-fs-lg-36 brz-fs-sm-21 brz-fs-xs-21 brz-tp-lg-paragraph brz-css-pG1dg\" data-generated-css=\"brz-css-fexvu\" data-uniq-id=\"iemlu\"><span class=\"brz-cp-color2\">Aufgrund der stark schwankenden Abmessungen und Versandgewichte unserer Waren ermitteln wir unsere Versandkosten produktspezifisch. Die Versandkosten werden im Warenkorb angezeigt.<\/span><\/p>\n<p class=\"brz-text-lg-left brz-mt-lg-0 brz-fw-lg-600 brz-fss-lg-px brz-ft-google brz-ff-poppins brz-lh-lg-1_3 brz-ls-lg-0 brz-fs-lg-36 brz-fs-sm-21 brz-fs-xs-21 brz-tp-lg-paragraph brz-css-qS1vl\" data-generated-css=\"brz-css-acwwr\" data-uniq-id=\"ftxhj\"><span class=\"brz-cp-color2\">F\u00fcr den Versand von sperrigen G\u00fctern (Versand) ins Ausland berechnen wir beispielhaft wie folgt:<\/span><\/p>\n<p class=\"brz-text-lg-left brz-mt-lg-0 brz-fw-lg-600 brz-fss-lg-px brz-ft-google brz-ff-poppins brz-lh-lg-1_3 brz-ls-lg-0 brz-fs-lg-36 brz-fs-sm-21 brz-fs-xs-21 brz-tp-lg-paragraph brz-css-wBxY3\" data-generated-css=\"brz-css-iunkx\" data-uniq-id=\"caxun\"><\/p>\n<ul>\n<li class=\"brz-mt-lg-0 brz-fw-lg-600 brz-fss-lg-px brz-ft-google brz-ff-poppins brz-lh-lg-1_3 brz-ls-lg-0 brz-fs-lg-36 brz-fs-sm-21 brz-fs-xs-21 brz-tp-lg-paragraph brz-text-lg-justify brz-text-xs-left brz-text-sm-left brz-css-lgYyf\" data-generated-css=\"brz-css-aqfle\" data-uniq-id=\"vvghf\"><span class=\"brz-cp-color2\">Gr\u00f6\u00dfe S: Von 49 - 89 \u20ac* (z.B. Bluetooth-Controller, kleiner E-Foil Fl\u00fcgel - je nach Gr\u00f6\u00dfe und Versandart)<\/span><\/li>\n<li class=\"brz-mt-lg-0 brz-fw-lg-600 brz-fss-lg-px brz-ft-google brz-ff-poppins brz-lh-lg-1_3 brz-ls-lg-0 brz-fs-lg-36 brz-fs-sm-21 brz-fs-xs-21 brz-tp-lg-paragraph brz-text-lg-justify brz-text-xs-left brz-text-sm-left brz-css-vgJGD\" data-generated-css=\"brz-css-lmrfe\" data-uniq-id=\"pspti\"><span class=\"brz-cp-color2\">Gr\u00f6\u00dfe M: Von 119 - 159 \u20ac* (z.B. E-Foil-Antriebseinheit, Akkus, Seabob oder iAQUA Tauch-Scooter - abh\u00e4ngig von Gr\u00f6\u00dfe und Liefermethode)<\/span><\/li>\n<li class=\"brz-mt-lg-0 brz-fw-lg-600 brz-fss-lg-px brz-ft-google brz-ff-poppins brz-lh-lg-1_3 brz-ls-lg-0 brz-fs-lg-36 brz-fs-sm-21 brz-fs-xs-21 brz-tp-lg-paragraph brz-text-lg-justify brz-text-xs-left brz-text-sm-left brz-css-mHO9c\" data-generated-css=\"brz-css-hqwqg\" data-uniq-id=\"ekjbi\"><span class=\"brz-cp-color2\">Gr\u00f6\u00dfe L: Von 199 - 299 \u20ac* (z.B. E-Surfboards und E-Foils - abh\u00e4ngig von Gr\u00f6\u00dfe und Liefermethode)<\/span><\/li>\n<\/ul>\n<\/div>\n<\/div>\n<\/div>\n<div id=\"\" class=\"brz-css-e4DaL brz-wrapper\">\n<div class=\"brz-rich-text brz-rich-text__custom brz-css-hkkSJ\" data-brz-custom-id=\"slwlgjgvdcrqsdmvkvojruajvhvrusidgrkr\">\n<div data-brz-translate-text=\"1\">\n<h2 class=\"brz-tp-lg-fvposvbhghobpixifhbxhjjzcwfmbxjldqaq brz-fs-xs-21 brz-fs-sm-21 brz-fs-lg-36 brz-ls-lg-0 brz-lh-lg-1_3 brz-ff-poppins brz-ft-google brz-fss-lg-px brz-fw-lg-600 brz-mt-lg-0 brz-text-lg-left brz-css-yrtSK\" data-uniq-id=\"wxosh\" data-generated-css=\"brz-css-hsioj\"><span class=\"brz-cp-color2\">Lieferungen ins Ausland (au\u00dferhalb der EU):<\/span><\/h2>\n<p class=\"brz-tp-lg-paragraph brz-fs-xs-21 brz-fs-sm-21 brz-fs-lg-36 brz-ls-lg-0 brz-lh-lg-1_3 brz-ff-poppins brz-ft-google brz-fss-lg-px brz-fw-lg-600 brz-mt-lg-0 brz-text-lg-left brz-css-i_3n3\" data-uniq-id=\"huwxj\" data-generated-css=\"brz-css-sychn\"><span class=\"brz-cp-color2\">Aufgrund der stark schwankenden Abmessungen und Versandgewichte unserer Waren ermitteln wir unsere Versandkosten produktspezifisch. Die Versandkosten werden im Warenkorb angezeigt.<\/span><\/p>\n<p class=\"brz-tp-lg-paragraph brz-fs-xs-21 brz-fs-sm-21 brz-fs-lg-36 brz-ls-lg-0 brz-lh-lg-1_3 brz-ff-poppins brz-ft-google brz-fss-lg-px brz-fw-lg-600 brz-mt-lg-0 brz-text-lg-left brz-css-y3jZi\" data-uniq-id=\"znokt\" data-generated-css=\"brz-css-tfutr\"><span class=\"brz-cp-color2\">F\u00fcr den Versand von sperrigen G\u00fctern (Versand) ins Ausland berechnen wir beispielhaft wie folgt:<\/span><\/p>\n<p class=\"brz-tp-lg-paragraph brz-fs-xs-21 brz-fs-sm-21 brz-fs-lg-36 brz-ls-lg-0 brz-lh-lg-1_3 brz-ff-poppins brz-ft-google brz-fss-lg-px brz-fw-lg-600 brz-mt-lg-0 brz-text-lg-left brz-css-jn9jR\" data-uniq-id=\"mwpiu\" data-generated-css=\"brz-css-tqafy\"><\/p>\n<ul>\n<li class=\"brz-text-lg-justify brz-tp-lg-paragraph brz-fs-xs-21 brz-fs-sm-21 brz-fs-lg-36 brz-ls-lg-0 brz-lh-lg-1_3 brz-ff-poppins brz-ft-google brz-fss-lg-px brz-fw-lg-600 brz-mt-lg-0 brz-text-xs-left brz-text-sm-left brz-css-kOi85\" data-uniq-id=\"bzkzh\" data-generated-css=\"brz-css-gphmm\"><span class=\"brz-cp-color2\">Gr\u00f6\u00dfe S: Von 99 - 199 \u20ac* (z.B. Bluetooth-Controller, kleiner E-Foil Fl\u00fcgel - je nach Gr\u00f6\u00dfe und Versandart)<\/span><\/li>\n<li class=\"brz-text-lg-justify brz-tp-lg-paragraph brz-fs-xs-21 brz-fs-sm-21 brz-fs-lg-36 brz-ls-lg-0 brz-lh-lg-1_3 brz-ff-poppins brz-ft-google brz-fss-lg-px brz-fw-lg-600 brz-mt-lg-0 brz-text-xs-left brz-text-sm-left brz-css-rTQfE\" data-uniq-id=\"oyvpq\" data-generated-css=\"brz-css-daeyz\"><span class=\"brz-cp-color2\">Gr\u00f6\u00dfe M: Von 399 - 699 \u20ac* (z.B. E-Foil-Antriebseinheit, Akkus, Seabob oder iAQUA Tauch-Scooter - abh\u00e4ngig von Gr\u00f6\u00dfe und Liefermethode)<\/span><\/li>\n<li class=\"brz-text-lg-justify brz-tp-lg-paragraph brz-fs-xs-21 brz-fs-sm-21 brz-fs-lg-36 brz-ls-lg-0 brz-lh-lg-1_3 brz-ff-poppins brz-ft-google brz-fss-lg-px brz-fw-lg-600 brz-mt-lg-0 brz-text-xs-left brz-text-sm-left brz-css-kuSQH\" data-uniq-id=\"llnnp\" data-generated-css=\"brz-css-bmwgv\"><span class=\"brz-cp-color2\">Gr\u00f6\u00dfe L: Von 499 - 1.499 \u20ac* (z.B. E-Surfboards und E-Foils - abh\u00e4ngig von Gr\u00f6\u00dfe und Liefermethode)<\/span><\/li>\n<\/ul>\n<\/div>\n<\/div>\n<\/div>\n<div id=\"\" class=\"brz-css-e4DaL brz-wrapper\">\n<div class=\"brz-rich-text brz-rich-text__custom brz-css-hkkSJ\" data-brz-custom-id=\"lzsiunzavowhpgdvtjkcvebbiougejomfklj\">\n<div data-brz-translate-text=\"1\">\n<h2 class=\"brz-tp-lg-fvposvbhghobpixifhbxhjjzcwfmbxjldqaq brz-fs-xs-21 brz-fs-sm-21 brz-fs-lg-36 brz-ls-lg-0 brz-lh-lg-1_3 brz-ff-poppins brz-ft-google brz-fss-lg-px brz-fw-lg-600 brz-mt-lg-0 brz-text-lg-left brz-css-oMhbF\" data-uniq-id=\"jzeux\" data-generated-css=\"brz-css-tbjxz\"><span class=\"brz-cp-color2\">Lieferzeiten:<\/span><\/h2>\n<p class=\"brz-tp-lg-paragraph brz-fs-xs-21 brz-fs-sm-21 brz-fs-lg-36 brz-ls-lg-0 brz-lh-lg-1_3 brz-ff-poppins brz-ft-google brz-fss-lg-px brz-fw-lg-600 brz-mt-lg-0 brz-css-nMWqv\" data-uniq-id=\"gkswh\" data-generated-css=\"brz-css-orbvy\"><span class=\"brz-cp-color2\">Sofern im jeweiligen Angebot nicht anders angegeben, erfolgt die Lieferung der Ware innerhalb von 2-7 Tagen.<\/span><\/p>\n<p class=\"brz-tp-lg-paragraph brz-fs-xs-21 brz-fs-sm-21 brz-fs-lg-36 brz-ls-lg-0 brz-lh-lg-1_3 brz-ff-poppins brz-ft-google brz-fss-lg-px brz-fw-lg-600 brz-mt-lg-0 brz-css-yjScc\" data-uniq-id=\"kosvc\" data-generated-css=\"brz-css-ghgnu\"><span class=\"brz-cp-color2\">Bei Auslandslieferungen innerhalb von 4 - 14 Tagen nach Vertragsabschluss (bei vereinbarter Vorauskasse ist dies der Zeitpunkt Ihrer Zahlungsanweisung). Bitte beachten Sie, dass an Sonn- und Feiertagen keine Lieferung erfolgt.<\/span><\/p>\n<p class=\"brz-tp-lg-paragraph brz-fs-xs-21 brz-fs-sm-21 brz-fs-lg-36 brz-ls-lg-0 brz-lh-lg-1_3 brz-ff-poppins brz-ft-google brz-fss-lg-px brz-fw-lg-600 brz-mt-lg-0 brz-css-miTvC\" data-uniq-id=\"didul\" data-generated-css=\"brz-css-zhrnj\"><\/p>\n<p class=\"brz-tp-lg-paragraph brz-fs-xs-21 brz-fs-sm-21 brz-fs-lg-36 brz-ls-lg-0 brz-lh-lg-1_3 brz-ff-poppins brz-ft-google brz-fss-lg-px brz-fw-lg-600 brz-mt-lg-0 brz-css-xBPVr\" data-uniq-id=\"mpaxv\" data-generated-css=\"brz-css-cbsdg\"><span class=\"brz-cp-color2\">Wenn Sie Artikel mit unterschiedlichen Lieferzeiten bestellt haben, versenden wir die Ware in einer Sendung, es sei denn, wir haben mit Ihnen eine andere Vereinbarung getroffen. In diesem Fall richtet sich die Lieferzeit nach dem Artikel mit der l\u00e4ngsten Lieferzeit, den Sie bestellt haben.<\/span><\/p>\n<p class=\"brz-tp-lg-paragraph brz-fs-xs-21 brz-fs-sm-21 brz-fs-lg-36 brz-ls-lg-0 brz-lh-lg-1_3 brz-ff-poppins brz-ft-google brz-fss-lg-px brz-fw-lg-600 brz-mt-lg-0 brz-bcp-color2 brz-css-mBKf9\" data-uniq-id=\"mpaxv\" data-generated-css=\"brz-css-cbsdg\"><span class=\"brz-cp-color2\"> <\/span><\/p>\n<p data-uniq-id=\"qfnzn\" data-generated-css=\"brz-css-lbpgz\" class=\"brz-text-lg-justify brz-tp-lg-paragraph brz-fs-xs-21 brz-fs-sm-21 brz-fs-lg-36 brz-ls-lg-0 brz-lh-lg-1_3 brz-ff-poppins brz-ft-google brz-fss-lg-px brz-fw-lg-600 brz-mt-lg-0 brz-css-lwQ6w\"><span class=\"brz-cp-color2\">Der Mindestbestellwert betr\u00e4gt 50\u20ac.<\/span><\/p>\n<\/div>\n<\/div>\n<\/div>\n<div id=\"\" class=\"brz-css-e4DaL brz-wrapper\">\n<div class=\"brz-rich-text brz-rich-text__custom brz-css-hkkSJ\" data-brz-custom-id=\"nmqsdscnekqyvrmndrqmahhbwfzznyhjrzac\">\n<div data-brz-translate-text=\"1\">\n<h2 class=\"brz-mt-lg-0 brz-fw-lg-600 brz-fss-lg-px brz-ft-google brz-ff-poppins brz-lh-lg-1_3 brz-ls-lg-0 brz-fs-lg-36 brz-fs-sm-21 brz-fs-xs-21 brz-tp-lg-fvposvbhghobpixifhbxhjjzcwfmbxjldqaq brz-text-lg-left brz-css-eBad4\" data-generated-css=\"brz-css-jbcsv\" data-uniq-id=\"nogko\"><span class=\"brz-cp-color2\">Akzeptierte Zahlungsarten:<\/span><\/h2>\n<p class=\"brz-mt-lg-0 brz-fw-lg-600 brz-fss-lg-px brz-ft-google brz-ff-poppins brz-lh-lg-1_3 brz-ls-lg-0 brz-fs-lg-36 brz-fs-sm-21 brz-fs-xs-21 brz-tp-lg-paragraph brz-css-jvW60\" data-generated-css=\"brz-css-scpos\" data-uniq-id=\"jdxxz\"><span class=\"brz-cp-color2\">- Vorauszahlung per Bank\u00fcberweisung<\/span><\/p>\n<p class=\"brz-mt-lg-0 brz-fw-lg-600 brz-fss-lg-px brz-ft-google brz-ff-poppins brz-lh-lg-1_3 brz-ls-lg-0 brz-fs-lg-36 brz-fs-sm-21 brz-fs-xs-21 brz-tp-lg-paragraph brz-css-xsrQP\" data-generated-css=\"brz-css-ryblt\" data-uniq-id=\"zxfzl\"><span class=\"brz-cp-color2\">- Zahlung per SEPA-Basislastschrift<\/span><\/p>\n<p class=\"brz-mt-lg-0 brz-fw-lg-600 brz-fss-lg-px brz-ft-google brz-ff-poppins brz-lh-lg-1_3 brz-ls-lg-0 brz-fs-lg-36 brz-fs-sm-21 brz-fs-xs-21 brz-tp-lg-paragraph brz-css-aJ5xn\" data-generated-css=\"brz-css-wkyog\" data-uniq-id=\"djdix\"><span class=\"brz-cp-color2\">- Zahlung per Kreditkarte<\/span><\/p>\n<p class=\"brz-mt-lg-0 brz-fw-lg-600 brz-fss-lg-px brz-ft-google brz-ff-poppins brz-lh-lg-1_3 brz-ls-lg-0 brz-fs-lg-36 brz-fs-sm-21 brz-fs-xs-21 brz-tp-lg-paragraph brz-css-ygUnT\" data-generated-css=\"brz-css-qgzqh\" data-uniq-id=\"mcutn\"><span class=\"brz-cp-color2\">- Zahlung per Paypal<\/span><\/p>\n<p class=\"brz-mt-lg-0 brz-fw-lg-600 brz-fss-lg-px brz-ft-google brz-ff-poppins brz-lh-lg-1_3 brz-ls-lg-0 brz-fs-lg-36 brz-fs-sm-21 brz-fs-xs-21 brz-tp-lg-paragraph brz-css-bD93D\" data-generated-css=\"brz-css-tkmak\" data-uniq-id=\"lyuta\"><span class=\"brz-cp-color2\">- Zahlung per SOFORT \u00dcberweisung<\/span><\/p>\n<p class=\"brz-mt-lg-0 brz-fw-lg-600 brz-fss-lg-px brz-ft-google brz-ff-poppins brz-lh-lg-1_3 brz-ls-lg-0 brz-fs-lg-36 brz-fs-sm-21 brz-fs-xs-21 brz-tp-lg-paragraph brz-css-uK5z6\" data-generated-css=\"brz-css-mmipn\" data-uniq-id=\"onmmt\"><span class=\"brz-cp-color2\">- Bezahlung per GPay (Google Pay) <\/span><\/p>\n<p class=\"brz-mt-lg-0 brz-fw-lg-600 brz-fss-lg-px brz-ft-google brz-ff-poppins brz-lh-lg-1_3 brz-ls-lg-0 brz-fs-lg-36 brz-fs-sm-21 brz-fs-xs-21 brz-tp-lg-paragraph brz-css-lJEer\" data-generated-css=\"brz-css-xihgf\" data-uniq-id=\"xfinm\"><\/p>\n<p class=\"brz-mt-lg-0 brz-fw-lg-600 brz-fss-lg-px brz-ft-google brz-ff-poppins brz-lh-lg-1_3 brz-ls-lg-0 brz-fs-lg-36 brz-fs-sm-21 brz-fs-xs-21 brz-tp-lg-paragraph brz-text-lg-justify brz-text-xs-left brz-css-iCHCb\" data-generated-css=\"brz-css-wvjid\" data-uniq-id=\"ufvye\"><span class=\"brz-cp-color2\">*Alle Preise ohne Gew\u00e4hr. Sie k\u00f6nnen jederzeit Abweichungen oder \u00c4nderungen unterliegen.<\/span><\/p>\n<\/div>\n<\/div>\n<\/div>\n<\/div>\n<\/div>\n<\/section>\n<\/div>\n<p>    <!-- version:1726254693 --><\/p>\n","protected":false},"excerpt":{"rendered":"<p>Bezahlung und Versand Es gelten die folgenden Bedingungen: Die Lieferung ist m\u00f6glich im Inland (Deutschland), innerhalb der EU und weltweit. Versandkosten (inkl. MwSt.) Lieferungen im Inland (Deutschland): Aufgrund der stark schwankenden Abmessungen und Versandgewichte unserer Waren ermitteln wir unsere Versandkosten produktspezifisch. Die Versandkosten werden im Warenkorb angezeigt. F\u00fcr den Versand von sperrigen G\u00fctern (Versand) innerhalb [&hellip;]<\/p>\n","protected":false},"author":1,"featured_media":0,"parent":0,"menu_order":0,"comment_status":"closed","ping_status":"closed","template":"","meta":{"_acf_changed":false,"_editorskit_title_hidden":false,"_editorskit_reading_time":0,"_editorskit_is_block_options_detached":false,"_editorskit_block_options_position":"{}","site-sidebar-layout":"default","site-content-layout":"default","ast-site-content-layout":"default","site-content-style":"default","site-sidebar-style":"default","ast-global-header-display":"","ast-banner-title-visibility":"","ast-main-header-display":"","ast-hfb-above-header-display":"","ast-hfb-below-header-display":"","ast-hfb-mobile-header-display":"","site-post-title":"disabled","ast-breadcrumbs-content":null,"ast-featured-img":"","footer-sml-layout":"","ast-disable-related-posts":"","theme-transparent-header-meta":"enabled","adv-header-id-meta":"","stick-header-meta":"","header-above-stick-meta":null,"header-main-stick-meta":null,"header-below-stick-meta":null,"astra-migrate-meta-layouts":"set","ast-page-background-enabled":"default","ast-page-background-meta":{"desktop":{"background-color":"","background-image":"","background-repeat":"repeat","background-position":"center center","background-size":"auto","background-attachment":"scroll","background-type":"","background-media":"","overlay-type":"","overlay-color":"","overlay-opacity":"","overlay-gradient":""},"tablet":{"background-color":"","background-image":"","background-repeat":"repeat","background-position":"center center","background-size":"auto","background-attachment":"scroll","background-type":"","background-media":"","overlay-type":"","overlay-color":"","overlay-opacity":"","overlay-gradient":""},"mobile":{"background-color":"","background-image":"","background-repeat":"repeat","background-position":"center center","background-size":"auto","background-attachment":"scroll","background-type":"","background-media":"","overlay-type":"","overlay-color":"","overlay-opacity":"","overlay-gradient":""}},"ast-content-background-meta":{"desktop":{"background-color":"var(--ast-global-color-5)","background-image":"","background-repeat":"repeat","background-position":"center center","background-size":"auto","background-attachment":"scroll","background-type":"","background-media":"","overlay-type":"","overlay-color":"","overlay-opacity":"","overlay-gradient":""},"tablet":{"background-color":"var(--ast-global-color-5)","background-image":"","background-repeat":"repeat","background-position":"center center","background-size":"auto","background-attachment":"scroll","background-type":"","background-media":"","overlay-type":"","overlay-color":"","overlay-opacity":"","overlay-gradient":""},"mobile":{"background-color":"var(--ast-global-color-5)","background-image":"","background-repeat":"repeat","background-position":"center center","background-size":"auto","background-attachment":"scroll","background-type":"","background-media":"","overlay-type":"","overlay-color":"","overlay-opacity":"","overlay-gradient":""}},"_jf_save_progress":"","footnotes":""},"class_list":["post-122384","page","type-page","status-publish","hentry"],"acf":[],"brizy_media":[],"_links":{"self":[{"href":"https:\/\/wave-lovers.com\/de\/wp-json\/wp\/v2\/pages\/122384","targetHints":{"allow":["GET"]}}],"collection":[{"href":"https:\/\/wave-lovers.com\/de\/wp-json\/wp\/v2\/pages"}],"about":[{"href":"https:\/\/wave-lovers.com\/de\/wp-json\/wp\/v2\/types\/page"}],"author":[{"embeddable":true,"href":"https:\/\/wave-lovers.com\/de\/wp-json\/wp\/v2\/users\/1"}],"replies":[{"embeddable":true,"href":"https:\/\/wave-lovers.com\/de\/wp-json\/wp\/v2\/comments?post=122384"}],"version-history":[{"count":0,"href":"https:\/\/wave-lovers.com\/de\/wp-json\/wp\/v2\/pages\/122384\/revisions"}],"wp:attachment":[{"href":"https:\/\/wave-lovers.com\/de\/wp-json\/wp\/v2\/media?parent=122384"}],"curies":[{"name":"wp","href":"https:\/\/api.w.org\/{rel}","templated":true}]}}